{"id":3072,"date":"2025-02-03T14:13:53","date_gmt":"2025-02-03T11:13:53","guid":{"rendered":"https:\/\/www.point.clinic\/?page_id=3072"},"modified":"2026-03-27T23:01:59","modified_gmt":"2026-03-27T20:01:59","slug":"zahnaerzte","status":"publish","type":"page","link":"https:\/\/www.point.clinic\/de\/zahnaerzte\/","title":{"rendered":"Zahn\u00e4rzte"},"content":{"rendered":"\n<p>Bei der <strong>Point Clinic<\/strong> sind wir davon \u00fcberzeugt, dass ein erstklassiges L\u00e4cheln mit erstklassiger Expertise beginnt. Als f\u00fchrende <strong>Zahnklinik in Istanbul<\/strong> haben wir ein Team aus hochqualifizierten Klinikern zusammengestellt, die akademische Exzellenz mit langj\u00e4hriger klinischer Erfahrung verbinden.<\/p>\n\n\n\n<p>Ob Sie uns f\u00fcr eine routinem\u00e4\u00dfige Untersuchung besuchen oder eine Reise f\u00fcr <strong>Zahntourismus in der T\u00fcrkei<\/strong> planen \u2013 unsere Spezialisten widmen sich der Bereitstellung ma\u00dfgeschneiderter Behandlungen, die genau auf Ihre individuellen Bed\u00fcrfnisse zugeschnitten sind.<\/p>\n\n\n\n<h3 class=\"wp-block-heading\">Warum sollten Sie sich f\u00fcr unser medizinisches Team entscheiden?<\/h3>\n\n\n\n<p>Unsere \u00c4rzte sind mehr als nur Zahn\u00e4rzte; sie sind Experten f\u00fcr orale Gesundheit. Wenn Sie sich f\u00fcr die Point Clinic entscheiden, profitieren Sie von:<\/p>\n\n\n\n<ul class=\"wp-block-list\">\n<li><strong>Multidisziplin\u00e4re Expertise:<\/strong> Von der restaurativen Zahnheilkunde bis hin zur komplexen Kieferchirurgie deckt unser Team jeden Aspekt der Mundgesundheit unter einem Dach ab.<\/li>\n\n\n\n<li><strong>Internationale Standards:<\/strong> Unsere Chirurgen und \u00e4sthetischen Zahn\u00e4rzte sind Mitglieder renommierter globaler Fachgesellschaften, was sicherstellt, dass Ihre Behandlung h\u00f6chsten internationalen Ma\u00dfst\u00e4ben entspricht.<\/li>\n\n\n\n<li><strong>Modernste Technologie:<\/strong> Wir statten unsere Experten mit den neuesten digitalen Scannern und 3D-Bildgebungstools aus, um Pr\u00e4zision bei jedem Eingriff zu gew\u00e4hrleisten.<\/li>\n<\/ul>\n\n\n\n<h3 class=\"wp-block-heading\">Unsere Fachgebiete<\/h3>\n\n\n\n<p>Unsere Klinik beherbergt Experten in verschiedenen Bereichen, die sicherstellen, dass Ihre Erfahrung mit <strong>Zahntourismus in Istanbul<\/strong> reibungslos und erfolgreich verl\u00e4uft:<\/p>\n\n\n\n<ol start=\"1\" class=\"wp-block-list\">\n<li><strong>Implantologie &amp; Oralchirurgie:<\/strong> Experten f\u00fcr dauerhaften Zahnersatz unter Verwendung der weltweit besten Implantatmarken.<\/li>\n\n\n\n<li><strong>\u00c4sthetische Zahnheilkunde:<\/strong> Spezialisten f\u00fcr das \u201eHollywood Smile\u201c, Porzellan-Veneers und professionelles Bleaching.<\/li>\n\n\n\n<li><strong>Kieferorthop\u00e4die:<\/strong> Moderne L\u00f6sungen zur Zahnkorrektur, einschlie\u00dflich diskreter Aligner-Systeme.<\/li>\n\n\n\n<li><strong>Parodontologie:<\/strong> Konzentriert auf die Gesundheit des Zahnfleisches und das Fundament Ihres L\u00e4chelns.<\/li>\n<\/ol>\n\n\n\n<h3 class=\"wp-block-heading\">Transparente Preisgestaltung &amp; Patientenzentrierte Betreuung<\/h3>\n\n\n\n<p>Wir verstehen, dass eine Zahnbehandlung im Ausland eine sorgf\u00e4ltige Planung erfordert. In der Point Clinic sind wir stolz auf unsere <strong>transparente und faire Preispolitik<\/strong>. Wir verpflichten uns, \u201eHigh-End-Versorgung ohne High-End-Preise\u201c anzubieten.<\/p>\n\n\n\n<ul class=\"wp-block-list\">\n<li><strong>Keine versteckten Kosten:<\/strong> Sie erhalten einen umfassenden Behandlungsplan mit festen Preisen in Euro (\u20ac), noch bevor Sie Ihren Flug antreten.<\/li>\n\n\n\n<li><strong>Exzellenz mit Preisvorteil:<\/strong> Durch die Wahl einer <strong>Zahnklinik in der T\u00fcrkei<\/strong> k\u00f6nnen Sie im Vergleich zu den Kosten in Deutschland, \u00d6sterreich oder der Schweiz erheblich sparen \u2013 ohne jemals Kompromisse bei der Qualit\u00e4t der Materialien oder dem klinischen K\u00f6nnen einzugehen.<\/li>\n<\/ul>\n\n\n\n<blockquote class=\"wp-block-quote is-layout-flow wp-block-quote-is-layout-flow\">\n<p><strong>Unser Versprechen:<\/strong> Ihr Komfort und Ihr Vertrauen haben f\u00fcr uns Priorit\u00e4t. Wir behandeln nicht nur Z\u00e4hne; wir k\u00fcmmern uns um Menschen.<\/p>\n<\/blockquote>\n\n\n\n<div class=\"wp-block-group has-global-padding is-layout-constrained wp-block-group-is-layout-constrained\">\n<div class=\"wp-block-group is-content-justification-space-between is-nowrap is-layout-flex wp-container-core-group-is-layout-d7c818fd wp-block-group-is-layout-flex\">\n<div class=\"wp-block-group is-nowrap is-layout-flex wp-container-core-group-is-layout-f1189ed3 wp-block-group-is-layout-flex\"><div class=\"safirIconContainer left wp-elements-e72f6fdafa19cc01b03a5fd5a80c0afe\">\n\t<div  style=\"--size:25px;--hover-text-color:; --hover-bg-color:;\" class=\"is-style-radius wp-elements-e72f6fdafa19cc01b03a5fd5a80c0afe wp-block-safirtema-safiricon has-text-color has-main-color has-background has-secondary-background-color\">\n\t\t<svg width=\"25px\" height=\"25px\" class=\"safiricon-kurumsal\">\n\t\t\t<use href=\"#safiricon-kurumsal\" \/>\n\t\t<\/svg>\n\t<\/div>\n<\/div>\n\n\n<h3 class=\"wp-block-heading has-text-align-center has-extra-large-font-size\">Medizinisches Team<\/h3>\n<\/div>\n\n\n\n<div class=\"wp-block-group is-nowrap is-layout-flex wp-container-core-group-is-layout-93522cec wp-block-group-is-layout-flex\" style=\"margin-top:0;margin-bottom:0\"><div class=\"safirIconContainer left wp-elements-9ceabf807d169cac691e1537edfab5ee\">\n\t<a href=\"#prev\"  style=\"--size:20px;--hover-text-color:; --hover-bg-color:rgba(0, 0, 0, .06);\" class=\"has-background-hover  is-style-radius wp-elements-9ceabf807d169cac691e1537edfab5ee wp-block-safirtema-safiricon has-text-color has-main-color has-background has-black-transparent-1-background-color\">\n\t\t<svg width=\"20px\" height=\"20px\" class=\"safiricon-oksol\">\n\t\t\t<use href=\"#safiricon-oksol\" \/>\n\t\t<\/svg>\n\t<\/a>\n<\/div>\n\n<div class=\"safirIconContainer left wp-elements-949ddf91d74060db719ce612ee10c43c\">\n\t<a href=\"#next\"  style=\"--size:20px;--hover-text-color:; --hover-bg-color:rgba(0, 0, 0, .06);\" class=\"has-background-hover  is-style-radius wp-elements-949ddf91d74060db719ce612ee10c43c wp-block-safirtema-safiricon has-text-color has-main-color has-background has-black-transparent-1-background-color\">\n\t\t<svg width=\"20px\" height=\"20px\" class=\"safiricon-oksag\">\n\t\t\t<use href=\"#safiricon-oksag\" \/>\n\t\t<\/svg>\n\t<\/a>\n<\/div><\/div>\n<\/div>\n\n\n<div style=\"--numberDesktop: 4; --numberTablet: 3; --numberMobile: 2\" class=\"outside-dots element-arrows inner-arrows gallery-hover wp-block-safirtema-safircarousel\" data-numberdesktop=\"4\" data-numbertablet=\"3\" data-numbermobile=\"2\" data-time=\"5000\" data-dots=\"\" data-nav=\"\" data-autoplay=\"1\">\n\t<div class=\"carouselContainer\">\n\t\t<div class=\"owl-carousel\">\n\t\t\t\n\n<div class=\"wp-block-group has-global-padding is-layout-constrained wp-container-core-group-is-layout-19e250f3 wp-block-group-is-layout-constrained\">\n<div class=\"wp-block-group has-global-padding is-layout-constrained wp-block-group-is-layout-constrained\">\n<figure class=\"wp-block-image size-medium is-style-default\"><a href=\"https:\/\/www.point.clinic\/de\/zahnaerzte\/dr-erdogan-aydin\/\"><img width=\"300\" height=\"300\" data-safirlazy=\"true\" src=https:\/\/www.point.clinic\/wp-content\/themes\/neo\/assets\/images\/noimage.svg data-src=\"https:\/\/www.point.clinic\/wp-content\/uploads\/\/Doktor-Erdogan-Aydin-300x300.webp\" alt=\"Doktor Erdo\u011fan Ayd\u0131n\" class=\"wp-image-1508\" style=\"aspect-ratio:3\/4;object-fit:cover\" srcset=\"https:\/\/www.point.clinic\/wp-content\/uploads\/Doktor-Erdogan-Aydin-300x300.webp 300w, https:\/\/www.point.clinic\/wp-content\/uploads\/Doktor-Erdogan-Aydin-150x150.webp 150w, https:\/\/www.point.clinic\/wp-content\/uploads\/Doktor-Erdogan-Aydin-768x768.webp 768w, https:\/\/www.point.clinic\/wp-content\/uploads\/Doktor-Erdogan-Aydin.webp 1024w\" sizes=\"(max-width: 300px) 100vw, 300px\" \/><\/a><\/figure>\n<\/div>\n\n\n\n<div class=\"wp-block-group has-black-transparent-1-background-color has-background has-global-padding is-layout-constrained wp-container-core-group-is-layout-e46c98d8 wp-block-group-is-layout-constrained\" style=\"border-bottom-color:var(--wp--preset--color--black-transparent-1);border-bottom-width:1px;padding-top:var(--wp--preset--spacing--30);padding-right:var(--wp--preset--spacing--20);padding-bottom:var(--wp--preset--spacing--30);padding-left:var(--wp--preset--spacing--20)\">\n<h3 class=\"wp-block-heading has-text-align-center has-large-font-size\"><a href=\"https:\/\/www.point.clinic\/de\/zahnaerzte\/dr-erdogan-aydin\/\" data-type=\"page\" data-id=\"124\"><strong>Dr. Erdo\u011fan Ayd\u0131n<\/strong><\/a><\/h3>\n\n\n\n<p class=\"has-text-align-center has-black-transparent-5-color has-text-color has-link-color has-medium-font-size wp-elements-f4876c0106176af834413d41af07aac7\">Zahnspezialist<\/p>\n<\/div>\n<\/div>\n\n\n\n<div class=\"wp-block-group has-global-padding is-layout-constrained wp-container-core-group-is-layout-19e250f3 wp-block-group-is-layout-constrained\">\n<div class=\"wp-block-group has-global-padding is-layout-constrained wp-block-group-is-layout-constrained\">\n<figure class=\"wp-block-image size-full\"><a href=\"https:\/\/www.point.clinic\/de\/zahnaerzte\/zahnarzt-dr-adem-lamba\/\"><img width=\"1024\" height=\"1024\" data-safirlazy=\"true\" src=https:\/\/www.point.clinic\/wp-content\/themes\/neo\/assets\/images\/noimage.svg data-src=\"https:\/\/www.point.clinic\/wp-content\/uploads\/doktor-adem-lamba.webp\" alt=\"\" class=\"wp-image-1736\" style=\"aspect-ratio:3\/4;object-fit:cover\" srcset=\"https:\/\/www.point.clinic\/wp-content\/uploads\/doktor-adem-lamba.webp 1024w, https:\/\/www.point.clinic\/wp-content\/uploads\/doktor-adem-lamba-300x300.webp 300w, https:\/\/www.point.clinic\/wp-content\/uploads\/doktor-adem-lamba-150x150.webp 150w, https:\/\/www.point.clinic\/wp-content\/uploads\/doktor-adem-lamba-768x768.webp 768w\" sizes=\"(max-width: 1024px) 100vw, 1024px\" \/><\/a><\/figure>\n<\/div>\n\n\n\n<div class=\"wp-block-group has-black-transparent-1-background-color has-background has-global-padding is-layout-constrained wp-container-core-group-is-layout-e46c98d8 wp-block-group-is-layout-constrained\" style=\"border-bottom-color:var(--wp--preset--color--black-transparent-1);border-bottom-width:1px;padding-top:var(--wp--preset--spacing--30);padding-right:var(--wp--preset--spacing--20);padding-bottom:var(--wp--preset--spacing--30);padding-left:var(--wp--preset--spacing--20)\">\n<h3 class=\"wp-block-heading has-text-align-center has-large-font-size\"><a href=\"https:\/\/www.point.clinic\/de\/zahnaerzte\/zahnarzt-dr-adem-lamba\/\"><strong>Adem Lamba<\/strong><\/a><\/h3>\n\n\n\n<p class=\"has-text-align-center has-black-transparent-5-color has-text-color has-link-color has-medium-font-size wp-elements-f4876c0106176af834413d41af07aac7\">Zahnspezialist<\/p>\n<\/div>\n<\/div>\n\n\n\n<div class=\"wp-block-group has-global-padding is-layout-constrained wp-container-core-group-is-layout-19e250f3 wp-block-group-is-layout-constrained\">\n<div class=\"wp-block-group has-global-padding is-layout-constrained wp-block-group-is-layout-constrained\">\n<figure class=\"wp-block-image size-full\"><a href=\"https:\/\/www.point.clinic\/de\/zahnaerzte\/dr-haydar-ozel\/\"><img width=\"1024\" height=\"1024\" data-safirlazy=\"true\" src=https:\/\/www.point.clinic\/wp-content\/themes\/neo\/assets\/images\/noimage.svg data-src=\"https:\/\/www.point.clinic\/wp-content\/uploads\/dr-haydar-ozel.webp\" alt=\"\" class=\"wp-image-1740\" style=\"aspect-ratio:3\/4;object-fit:cover\" srcset=\"https:\/\/www.point.clinic\/wp-content\/uploads\/dr-haydar-ozel.webp 1024w, https:\/\/www.point.clinic\/wp-content\/uploads\/dr-haydar-ozel-300x300.webp 300w, https:\/\/www.point.clinic\/wp-content\/uploads\/dr-haydar-ozel-150x150.webp 150w, https:\/\/www.point.clinic\/wp-content\/uploads\/dr-haydar-ozel-768x768.webp 768w\" sizes=\"(max-width: 1024px) 100vw, 1024px\" \/><\/a><\/figure>\n<\/div>\n\n\n\n<div class=\"wp-block-group has-black-transparent-1-background-color has-background has-global-padding is-layout-constrained wp-container-core-group-is-layout-e46c98d8 wp-block-group-is-layout-constrained\" style=\"border-bottom-color:var(--wp--preset--color--black-transparent-1);border-bottom-width:1px;padding-top:var(--wp--preset--spacing--30);padding-right:var(--wp--preset--spacing--20);padding-bottom:var(--wp--preset--spacing--30);padding-left:var(--wp--preset--spacing--20)\">\n<h3 class=\"wp-block-heading has-text-align-center has-large-font-size\"><a href=\"https:\/\/www.point.clinic\/de\/zahnaerzte\/dr-haydar-ozel\/\" data-type=\"link\" data-id=\"https:\/\/www.point.clinic\/doctors\/dr-haydar-ozel\/\"><strong>Haydar \u00d6zel<\/strong><\/a><\/h3>\n\n\n\n<p class=\"has-text-align-center has-black-transparent-5-color has-text-color has-link-color has-medium-font-size wp-elements-f3658ba19b78d5ae5cc888866d4c899d\">Fachzahnarzt<\/p>\n<\/div>\n<\/div>\n\n\n\n<div class=\"wp-block-group has-global-padding is-layout-constrained wp-container-core-group-is-layout-19e250f3 wp-block-group-is-layout-constrained\">\n<div class=\"wp-block-group has-global-padding is-layout-constrained wp-block-group-is-layout-constrained\">\n<figure class=\"wp-block-image size-full\"><a href=\"https:\/\/www.point.clinic\/de\/zahnaerzte\/dr-ataberk-fidan\/\"><img width=\"1024\" height=\"1024\" data-safirlazy=\"true\" src=https:\/\/www.point.clinic\/wp-content\/themes\/neo\/assets\/images\/noimage.svg data-src=\"https:\/\/www.point.clinic\/wp-content\/uploads\/dr-ataberk-fidan.webp\" alt=\"\" class=\"wp-image-1743\" style=\"aspect-ratio:3\/4;object-fit:cover\" srcset=\"https:\/\/www.point.clinic\/wp-content\/uploads\/dr-ataberk-fidan.webp 1024w, https:\/\/www.point.clinic\/wp-content\/uploads\/dr-ataberk-fidan-300x300.webp 300w, https:\/\/www.point.clinic\/wp-content\/uploads\/dr-ataberk-fidan-150x150.webp 150w, https:\/\/www.point.clinic\/wp-content\/uploads\/dr-ataberk-fidan-768x768.webp 768w\" sizes=\"(max-width: 1024px) 100vw, 1024px\" \/><\/a><\/figure>\n<\/div>\n\n\n\n<div class=\"wp-block-group has-black-transparent-1-background-color has-background has-global-padding is-layout-constrained wp-container-core-group-is-layout-e46c98d8 wp-block-group-is-layout-constrained\" style=\"border-bottom-color:var(--wp--preset--color--black-transparent-1);border-bottom-width:1px;padding-top:var(--wp--preset--spacing--30);padding-right:var(--wp--preset--spacing--20);padding-bottom:var(--wp--preset--spacing--30);padding-left:var(--wp--preset--spacing--20)\">\n<h3 class=\"wp-block-heading has-text-align-center has-large-font-size\"><a href=\"https:\/\/www.point.clinic\/de\/zahnaerzte\/dr-ataberk-fidan\/\"><strong>Ataberk Fidan<\/strong><\/a><\/h3>\n\n\n\n<p class=\"has-text-align-center has-black-transparent-5-color has-text-color has-link-color has-medium-font-size wp-elements-df837397fcf00cdb0ae470c6d3479a71\">Aesthetic Dentistry<\/p>\n<\/div>\n<\/div>\n\n\n\n<div class=\"wp-block-group has-global-padding is-layout-constrained wp-container-core-group-is-layout-19e250f3 wp-block-group-is-layout-constrained\">\n<div class=\"wp-block-group has-global-padding is-layout-constrained wp-block-group-is-layout-constrained\">\n<figure class=\"wp-block-image size-full\"><a href=\"https:\/\/www.point.clinic\/de\/zahnaerzte\/dr-mustafa-tunc\/\"><img width=\"1024\" height=\"1024\" data-safirlazy=\"true\" src=https:\/\/www.point.clinic\/wp-content\/themes\/neo\/assets\/images\/noimage.svg data-src=\"https:\/\/www.point.clinic\/wp-content\/uploads\/dr-mustafa-tunc.webp\" alt=\"\" class=\"wp-image-1746\" style=\"aspect-ratio:3\/4;object-fit:cover\" srcset=\"https:\/\/www.point.clinic\/wp-content\/uploads\/dr-mustafa-tunc.webp 1024w, https:\/\/www.point.clinic\/wp-content\/uploads\/dr-mustafa-tunc-300x300.webp 300w, https:\/\/www.point.clinic\/wp-content\/uploads\/dr-mustafa-tunc-150x150.webp 150w, https:\/\/www.point.clinic\/wp-content\/uploads\/dr-mustafa-tunc-768x768.webp 768w\" sizes=\"(max-width: 1024px) 100vw, 1024px\" \/><\/a><\/figure>\n<\/div>\n\n\n\n<div class=\"wp-block-group has-black-transparent-1-background-color has-background has-global-padding is-layout-constrained wp-container-core-group-is-layout-e46c98d8 wp-block-group-is-layout-constrained\" style=\"border-bottom-color:var(--wp--preset--color--black-transparent-1);border-bottom-width:1px;padding-top:var(--wp--preset--spacing--30);padding-right:var(--wp--preset--spacing--20);padding-bottom:var(--wp--preset--spacing--30);padding-left:var(--wp--preset--spacing--20)\">\n<h3 class=\"wp-block-heading has-text-align-center has-large-font-size\"><a href=\"https:\/\/www.point.clinic\/de\/zahnaerzte\/dr-mustafa-tunc\/\"><strong>Mustafa Tun\u00e7<\/strong><\/a><\/h3>\n\n\n\n<p class=\"has-text-align-center has-black-transparent-5-color has-text-color has-link-color has-medium-font-size wp-elements-7acbb90efa9d05117b29e40d90574cda\">\u00c4sthetische Zahnmedizin<\/p>\n<\/div>\n<\/div>\n\n\t\t<\/div>\n\t<\/div>\n<\/div><\/div>\n","protected":false},"excerpt":{"rendered":"<p>Bei der Point Clinic sind wir davon \u00fcberzeugt, dass ein erstklassiges L\u00e4cheln mit erstklassiger Expertise beginnt. Als f\u00fchrende Zahnklinik in Istanbul haben wir ein Team aus hochqualifizierten Klinikern zusammengestellt, die akademische Exzellenz mit langj\u00e4hriger klinischer Erfahrung verbinden. Ob Sie uns f\u00fcr eine routinem\u00e4\u00dfige Untersuchung besuchen oder eine Reise f\u00fcr Zahntourismus in der T\u00fcrkei planen \u2013 [&hellip;]<\/p>\n","protected":false},"author":1,"featured_media":0,"parent":0,"menu_order":0,"comment_status":"closed","ping_status":"closed","template":"","meta":{"fiyat":"","metin":"","footnotes":""},"class_list":["post-3072","page","type-page","status-publish","hentry"],"_links":{"self":[{"href":"https:\/\/www.point.clinic\/de\/wp-json\/wp\/v2\/pages\/3072","targetHints":{"allow":["GET"]}}],"collection":[{"href":"https:\/\/www.point.clinic\/de\/wp-json\/wp\/v2\/pages"}],"about":[{"href":"https:\/\/www.point.clinic\/de\/wp-json\/wp\/v2\/types\/page"}],"author":[{"embeddable":true,"href":"https:\/\/www.point.clinic\/de\/wp-json\/wp\/v2\/users\/1"}],"replies":[{"embeddable":true,"href":"https:\/\/www.point.clinic\/de\/wp-json\/wp\/v2\/comments?post=3072"}],"version-history":[{"count":2,"href":"https:\/\/www.point.clinic\/de\/wp-json\/wp\/v2\/pages\/3072\/revisions"}],"predecessor-version":[{"id":3186,"href":"https:\/\/www.point.clinic\/de\/wp-json\/wp\/v2\/pages\/3072\/revisions\/3186"}],"wp:attachment":[{"href":"https:\/\/www.point.clinic\/de\/wp-json\/wp\/v2\/media?parent=3072"}],"curies":[{"name":"wp","href":"https:\/\/api.w.org\/{rel}","templated":true}]}}