{"id":3274,"date":"2025-02-19T13:40:57","date_gmt":"2025-02-19T10:40:57","guid":{"rendered":"https:\/\/www.point.clinic\/?page_id=3274"},"modified":"2026-03-27T23:32:01","modified_gmt":"2026-03-27T20:32:01","slug":"unsere-partner-marken","status":"publish","type":"page","link":"https:\/\/www.point.clinic\/de\/unsere-partner-marken\/","title":{"rendered":"Unsere Partner-Marken"},"content":{"rendered":"\n<div class=\"wp-block-group is-layout-grid wp-container-core-group-is-layout-2994b392 wp-block-group-is-layout-grid\">\n<div class=\"wp-block-group has-border-color has-black-transparent-1-background-color has-background is-vertical is-layout-flex wp-container-core-group-is-layout-c05b2337 wp-block-group-is-layout-flex\" style=\"border-color:rgba(0, 0, 0, .06);border-width:1px;border-radius:5px;padding-top:var(--wp--preset--spacing--50);padding-right:var(--wp--preset--spacing--50);padding-bottom:var(--wp--preset--spacing--50);padding-left:var(--wp--preset--spacing--50)\">\n<figure class=\"wp-block-image size-full\"><img width=\"700\" height=\"300\" data-safirlazy=\"true\" src=https:\/\/www.point.clinic\/wp-content\/themes\/neo\/assets\/images\/noimage.svg data-src=\"https:\/\/www.point.clinic\/wp-content\/uploads\/3shape.webp\" alt=\"\" class=\"wp-image-1588\" style=\"aspect-ratio:3\/1;object-fit:cover\" srcset=\"https:\/\/www.point.clinic\/wp-content\/uploads\/3shape.webp 700w, https:\/\/www.point.clinic\/wp-content\/uploads\/3shape-300x129.webp 300w\" sizes=\"(max-width: 700px) 100vw, 700px\" \/><\/figure>\n<\/div>\n\n\n\n<div class=\"wp-block-group has-border-color has-black-transparent-1-background-color has-background is-vertical is-layout-flex wp-container-core-group-is-layout-c05b2337 wp-block-group-is-layout-flex\" style=\"border-color:rgba(0, 0, 0, .06);border-width:1px;border-radius:5px;padding-top:var(--wp--preset--spacing--50);padding-right:var(--wp--preset--spacing--50);padding-bottom:var(--wp--preset--spacing--50);padding-left:var(--wp--preset--spacing--50)\">\n<figure class=\"wp-block-image size-full\"><img width=\"700\" height=\"300\" data-safirlazy=\"true\" src=https:\/\/www.point.clinic\/wp-content\/themes\/neo\/assets\/images\/noimage.svg data-src=\"https:\/\/www.point.clinic\/wp-content\/uploads\/nobelbiocare.webp\" alt=\"\" class=\"wp-image-1563\" style=\"aspect-ratio:3\/1;object-fit:cover\" srcset=\"https:\/\/www.point.clinic\/wp-content\/uploads\/nobelbiocare.webp 700w, https:\/\/www.point.clinic\/wp-content\/uploads\/nobelbiocare-300x129.webp 300w\" sizes=\"(max-width: 700px) 100vw, 700px\" \/><\/figure>\n<\/div>\n\n\n\n<div class=\"wp-block-group has-border-color has-black-transparent-1-background-color has-background is-vertical is-layout-flex wp-container-core-group-is-layout-c05b2337 wp-block-group-is-layout-flex\" style=\"border-color:rgba(0, 0, 0, .06);border-width:1px;border-radius:5px;padding-top:var(--wp--preset--spacing--50);padding-right:var(--wp--preset--spacing--50);padding-bottom:var(--wp--preset--spacing--50);padding-left:var(--wp--preset--spacing--50)\">\n<figure class=\"wp-block-image size-full\"><img width=\"700\" height=\"300\" data-safirlazy=\"true\" src=https:\/\/www.point.clinic\/wp-content\/themes\/neo\/assets\/images\/noimage.svg data-src=\"https:\/\/www.point.clinic\/wp-content\/uploads\/ivoclar.webp\" alt=\"\" class=\"wp-image-1561\" style=\"aspect-ratio:3\/1;object-fit:cover\" srcset=\"https:\/\/www.point.clinic\/wp-content\/uploads\/ivoclar.webp 700w, https:\/\/www.point.clinic\/wp-content\/uploads\/ivoclar-300x129.webp 300w\" sizes=\"(max-width: 700px) 100vw, 700px\" \/><\/figure>\n<\/div>\n\n\n\n<div class=\"wp-block-group has-border-color has-black-transparent-1-background-color has-background is-vertical is-layout-flex wp-container-core-group-is-layout-c05b2337 wp-block-group-is-layout-flex\" style=\"border-color:rgba(0, 0, 0, .06);border-width:1px;border-radius:5px;padding-top:var(--wp--preset--spacing--50);padding-right:var(--wp--preset--spacing--50);padding-bottom:var(--wp--preset--spacing--50);padding-left:var(--wp--preset--spacing--50)\">\n<figure class=\"wp-block-image size-full\"><img width=\"700\" height=\"300\" data-safirlazy=\"true\" src=https:\/\/www.point.clinic\/wp-content\/themes\/neo\/assets\/images\/noimage.svg data-src=\"https:\/\/www.point.clinic\/wp-content\/uploads\/genoray.png\" alt=\"\" class=\"wp-image-1560\" style=\"aspect-ratio:3\/1;object-fit:cover\" srcset=\"https:\/\/www.point.clinic\/wp-content\/uploads\/genoray.png 700w, https:\/\/www.point.clinic\/wp-content\/uploads\/genoray-300x129.png 300w\" sizes=\"(max-width: 700px) 100vw, 700px\" \/><\/figure>\n<\/div>\n\n\n\n<div class=\"wp-block-group has-border-color has-black-transparent-1-background-color has-background is-vertical is-layout-flex wp-container-core-group-is-layout-c05b2337 wp-block-group-is-layout-flex\" style=\"border-color:rgba(0, 0, 0, .06);border-width:1px;border-radius:5px;padding-top:var(--wp--preset--spacing--50);padding-right:var(--wp--preset--spacing--50);padding-bottom:var(--wp--preset--spacing--50);padding-left:var(--wp--preset--spacing--50)\">\n<figure class=\"wp-block-image size-full\"><img width=\"700\" height=\"300\" data-safirlazy=\"true\" src=https:\/\/www.point.clinic\/wp-content\/themes\/neo\/assets\/images\/noimage.svg data-src=\"https:\/\/www.point.clinic\/wp-content\/uploads\/dentsplysirona.png\" alt=\"\" class=\"wp-image-1559\" style=\"aspect-ratio:3\/1;object-fit:cover\" srcset=\"https:\/\/www.point.clinic\/wp-content\/uploads\/dentsplysirona.png 700w, https:\/\/www.point.clinic\/wp-content\/uploads\/dentsplysirona-300x129.png 300w\" sizes=\"(max-width: 700px) 100vw, 700px\" \/><\/figure>\n<\/div>\n\n\n\n<div class=\"wp-block-group has-border-color has-black-transparent-1-background-color has-background is-vertical is-layout-flex wp-container-core-group-is-layout-c05b2337 wp-block-group-is-layout-flex\" style=\"border-color:rgba(0, 0, 0, .06);border-width:1px;border-radius:5px;padding-top:var(--wp--preset--spacing--50);padding-right:var(--wp--preset--spacing--50);padding-bottom:var(--wp--preset--spacing--50);padding-left:var(--wp--preset--spacing--50)\">\n<figure class=\"wp-block-image size-full\"><img width=\"700\" height=\"300\" data-safirlazy=\"true\" src=https:\/\/www.point.clinic\/wp-content\/themes\/neo\/assets\/images\/noimage.svg data-src=\"https:\/\/www.point.clinic\/wp-content\/uploads\/straumann.png\" alt=\"\" class=\"wp-image-1552\" style=\"aspect-ratio:3\/1;object-fit:cover\" srcset=\"https:\/\/www.point.clinic\/wp-content\/uploads\/straumann.png 700w, https:\/\/www.point.clinic\/wp-content\/uploads\/straumann-300x129.png 300w\" sizes=\"(max-width: 700px) 100vw, 700px\" \/><\/figure>\n<\/div>\n\n\n\n<div class=\"wp-block-group has-border-color has-black-transparent-1-background-color has-background is-vertical is-layout-flex wp-container-core-group-is-layout-c05b2337 wp-block-group-is-layout-flex\" style=\"border-color:rgba(0, 0, 0, .06);border-width:1px;border-radius:5px;padding-top:var(--wp--preset--spacing--50);padding-right:var(--wp--preset--spacing--50);padding-bottom:var(--wp--preset--spacing--50);padding-left:var(--wp--preset--spacing--50)\">\n<figure class=\"wp-block-image size-full\"><img width=\"700\" height=\"300\" data-safirlazy=\"true\" src=https:\/\/www.point.clinic\/wp-content\/themes\/neo\/assets\/images\/noimage.svg data-src=\"https:\/\/www.point.clinic\/wp-content\/uploads\/neodent.webp\" alt=\"\" class=\"wp-image-1553\" style=\"aspect-ratio:3\/1;object-fit:cover\" srcset=\"https:\/\/www.point.clinic\/wp-content\/uploads\/neodent.webp 700w, https:\/\/www.point.clinic\/wp-content\/uploads\/neodent-300x129.webp 300w\" sizes=\"(max-width: 700px) 100vw, 700px\" \/><\/figure>\n<\/div>\n\n\n\n<div class=\"wp-block-group has-border-color has-black-transparent-1-background-color has-background is-vertical is-layout-flex wp-container-core-group-is-layout-c05b2337 wp-block-group-is-layout-flex\" style=\"border-color:rgba(0, 0, 0, .06);border-width:1px;border-radius:5px;padding-top:var(--wp--preset--spacing--50);padding-right:var(--wp--preset--spacing--50);padding-bottom:var(--wp--preset--spacing--50);padding-left:var(--wp--preset--spacing--50)\">\n<figure class=\"wp-block-image size-full\"><img width=\"700\" height=\"300\" data-safirlazy=\"true\" src=https:\/\/www.point.clinic\/wp-content\/themes\/neo\/assets\/images\/noimage.svg data-src=\"https:\/\/www.point.clinic\/wp-content\/uploads\/megagen.webp\" alt=\"\" class=\"wp-image-1562\" style=\"aspect-ratio:3\/1;object-fit:cover\" srcset=\"https:\/\/www.point.clinic\/wp-content\/uploads\/megagen.webp 700w, https:\/\/www.point.clinic\/wp-content\/uploads\/megagen-300x129.webp 300w\" sizes=\"(max-width: 700px) 100vw, 700px\" \/><\/figure>\n<\/div>\n\n\n\n<div class=\"wp-block-group has-border-color has-black-transparent-1-background-color has-background is-vertical is-layout-flex wp-container-core-group-is-layout-c05b2337 wp-block-group-is-layout-flex\" style=\"border-color:rgba(0, 0, 0, .06);border-width:1px;border-radius:5px;padding-top:var(--wp--preset--spacing--50);padding-right:var(--wp--preset--spacing--50);padding-bottom:var(--wp--preset--spacing--50);padding-left:var(--wp--preset--spacing--50)\">\n<figure class=\"wp-block-image size-full\"><img width=\"700\" height=\"300\" data-safirlazy=\"true\" src=https:\/\/www.point.clinic\/wp-content\/themes\/neo\/assets\/images\/noimage.svg data-src=\"https:\/\/www.point.clinic\/wp-content\/uploads\/bego.webp\" alt=\"\" class=\"wp-image-1554\" style=\"aspect-ratio:3\/1;object-fit:cover\" srcset=\"https:\/\/www.point.clinic\/wp-content\/uploads\/bego.webp 700w, https:\/\/www.point.clinic\/wp-content\/uploads\/bego-300x129.webp 300w\" sizes=\"(max-width: 700px) 100vw, 700px\" \/><\/figure>\n<\/div>\n\n\n\n<div class=\"wp-block-group has-border-color has-black-transparent-1-background-color has-background is-vertical is-layout-flex wp-container-core-group-is-layout-c05b2337 wp-block-group-is-layout-flex\" style=\"border-color:rgba(0, 0, 0, .06);border-width:1px;border-radius:5px;padding-top:var(--wp--preset--spacing--50);padding-right:var(--wp--preset--spacing--50);padding-bottom:var(--wp--preset--spacing--50);padding-left:var(--wp--preset--spacing--50)\">\n<figure class=\"wp-block-image size-full\"><img width=\"700\" height=\"300\" data-safirlazy=\"true\" src=https:\/\/www.point.clinic\/wp-content\/themes\/neo\/assets\/images\/noimage.svg data-src=\"https:\/\/www.point.clinic\/wp-content\/uploads\/osstem.png\" alt=\"\" class=\"wp-image-1555\" style=\"aspect-ratio:3\/1;object-fit:cover\" srcset=\"https:\/\/www.point.clinic\/wp-content\/uploads\/osstem.png 700w, https:\/\/www.point.clinic\/wp-content\/uploads\/osstem-300x129.png 300w\" sizes=\"(max-width: 700px) 100vw, 700px\" \/><\/figure>\n<\/div>\n\n\n\n<div class=\"wp-block-group has-border-color has-black-transparent-1-background-color has-background is-vertical is-layout-flex wp-container-core-group-is-layout-c05b2337 wp-block-group-is-layout-flex\" style=\"border-color:rgba(0, 0, 0, .06);border-width:1px;border-radius:5px;padding-top:var(--wp--preset--spacing--50);padding-right:var(--wp--preset--spacing--50);padding-bottom:var(--wp--preset--spacing--50);padding-left:var(--wp--preset--spacing--50)\">\n<figure class=\"wp-block-image size-full\"><img width=\"700\" height=\"300\" data-safirlazy=\"true\" src=https:\/\/www.point.clinic\/wp-content\/themes\/neo\/assets\/images\/noimage.svg data-src=\"https:\/\/www.point.clinic\/wp-content\/uploads\/hiossen.png\" alt=\"\" class=\"wp-image-1556\" style=\"aspect-ratio:3\/1;object-fit:cover\" srcset=\"https:\/\/www.point.clinic\/wp-content\/uploads\/hiossen.png 700w, https:\/\/www.point.clinic\/wp-content\/uploads\/hiossen-300x129.png 300w\" sizes=\"(max-width: 700px) 100vw, 700px\" \/><\/figure>\n<\/div>\n\n\n\n<div class=\"wp-block-group has-border-color has-black-transparent-1-background-color has-background is-vertical is-layout-flex wp-container-core-group-is-layout-c05b2337 wp-block-group-is-layout-flex\" style=\"border-color:rgba(0, 0, 0, .06);border-width:1px;border-radius:5px;padding-top:var(--wp--preset--spacing--50);padding-right:var(--wp--preset--spacing--50);padding-bottom:var(--wp--preset--spacing--50);padding-left:var(--wp--preset--spacing--50)\">\n<figure class=\"wp-block-image size-full\"><img width=\"700\" height=\"300\" data-safirlazy=\"true\" src=https:\/\/www.point.clinic\/wp-content\/themes\/neo\/assets\/images\/noimage.svg data-src=\"https:\/\/www.point.clinic\/wp-content\/uploads\/medigma.webp\" alt=\"\" class=\"wp-image-1557\" style=\"aspect-ratio:3\/1;object-fit:cover\" srcset=\"https:\/\/www.point.clinic\/wp-content\/uploads\/medigma.webp 700w, https:\/\/www.point.clinic\/wp-content\/uploads\/medigma-300x129.webp 300w\" sizes=\"(max-width: 700px) 100vw, 700px\" \/><\/figure>\n<\/div>\n<\/div>\n\n\n\n<p>In Unserem Zentrum sind wir davon \u00fcberzeugt, dass Qualitativ Hochwertige Zahn\u00e4rztliche Versorgung mit den Weltweit Vertrauensw\u00fcrdigsten Marken beginnt. Durch die Partnerschaft mit Branchenf\u00fchrern wie <strong>Straumann, Nobel Biocare und Dentsply Sirona<\/strong> stellen wir sicher, dass Jedes Implantat und Jede Prothetische L\u00f6sung, die wir anbieten, den H\u00f6chsten Internationalen Standards entspricht. Diese Marken sind Weltweit f\u00fcr ihre Langlebigkeit, Biokompatibilit\u00e4t und Langfristigen Erfolgsraten bekannt und geben Unseren Internationalen Patienten die Sicherheit, die sie auf ihrer Gesundheitsreise verdienen.<\/p>\n\n\n\n<p>Wir bieten nicht nur Behandlungen an; wir schenken ein Leben lang Vertrauen. Die Verwendung Fortschrittlicher Technologien von <strong>Genoray und MegaGen<\/strong> erm\u00f6glicht uns Pr\u00e4zise Diagnosen und Personalisierte Behandlungspl\u00e4ne, die auf Ihre Individuellen Bed\u00fcrfnisse zugeschnitten sind. Unser Engagement f\u00fcr die Verwendung Erstklassiger Materialien von <strong>Ivoclar und Bego<\/strong> bedeutet, dass Ihr Neues L\u00e4cheln nicht nur Nat\u00fcrlich aussieht, sondern auch die Zeit \u00fcberdauert, unabh\u00e4ngig davon, wo auf der Welt Sie leben.<\/p>\n\n\n<div style=\"color:var(--wp--preset--color--main);\" class=\"wp-block-safirtema-mainheading has-text-color\">\n\t<div class=\"singleHeading\">\n\t\t<div class=\"inner\">\n\t\t\t<span class=\"safiricon icon\"><svg class=\"safiricon-destek\"><use href=\"#safiricon-destek\"><\/use><\/svg><\/span>\t\t\t<div class=\"text\">Buchen Sie Ihre Kostenlose Online-Konsultation<\/div>\n\t\t<\/div>\n\t<\/div>\n<\/div>\n\n\n\n<div class=\"wpcf7 no-js\" id=\"wpcf7-f2439-o1\" lang=\"de-DE\" dir=\"ltr\" data-wpcf7-id=\"2439\">\n<div class=\"screen-reader-response\"><p role=\"status\" aria-live=\"polite\" aria-atomic=\"true\"><\/p> <ul><\/ul><\/div>\n<form action=\"\/de\/wp-json\/wp\/v2\/pages\/3274#wpcf7-f2439-o1\" method=\"post\" class=\"wpcf7-form init\" aria-label=\"Kontaktformular\" novalidate=\"novalidate\" data-status=\"init\">\n<fieldset class=\"hidden-fields-container\"><input type=\"hidden\" name=\"_wpcf7\" value=\"2439\" \/><input type=\"hidden\" name=\"_wpcf7_version\" value=\"6.1.5\" \/><input type=\"hidden\" name=\"_wpcf7_locale\" value=\"de_DE\" \/><input type=\"hidden\" name=\"_wpcf7_unit_tag\" value=\"wpcf7-f2439-o1\" \/><input type=\"hidden\" name=\"_wpcf7_container_post\" value=\"0\" \/><input type=\"hidden\" name=\"_wpcf7_posted_data_hash\" value=\"\" \/>\n<\/fieldset>\n<div class=\"safirForm\">\n\t<div class=\"safirLeft\">\n\t\t<p class=\"safiricon kurumsal\"><span class=\"wpcf7-form-control-wrap\" data-name=\"adsoyad\"><input size=\"40\" maxlength=\"400\" class=\"wpcf7-form-control wpcf7-text wpcf7-validates-as-required\" aria-required=\"true\" aria-invalid=\"false\" placeholder=\"Vollst\u00e4ndiger Name\" value=\"\" type=\"text\" name=\"adsoyad\" \/><\/span>\n\t\t<\/p>\n\t\t<p class=\"safiricon email\"><span class=\"wpcf7-form-control-wrap\" data-name=\"email\"><input size=\"40\" maxlength=\"400\" class=\"wpcf7-form-control wpcf7-email wpcf7-validates-as-required wpcf7-text wpcf7-validates-as-email\" aria-required=\"true\" aria-invalid=\"false\" placeholder=\"E-Mail-Adresse\" value=\"\" type=\"email\" name=\"email\" \/><\/span>\n\t\t<\/p>\n\t\t<p class=\"safiricon telefon\"><br \/>\n<span class=\"wpcf7-form-control-wrap\" data-name=\"telefon\"><input size=\"40\" class=\"wpcf7-form-control wpcf7-phonetext wpcf7-text wpcf7-validates-as-phonetext\" aria-invalid=\"false\" value=\"\" type=\"text\" name=\"telefon\" \/><input type=\"hidden\" name=\"telefon-country-code\" class=\"wpcf7-phonetext-country-code\" \/><\/span>\n\t\t<\/p>\n\t\t<p class=\"safiricon liste\"><span class=\"wpcf7-form-control-wrap\" data-name=\"konu\"><input size=\"40\" maxlength=\"400\" class=\"wpcf7-form-control wpcf7-text wpcf7-validates-as-required\" aria-required=\"true\" aria-invalid=\"false\" placeholder=\"Betreff\" value=\"\" type=\"text\" name=\"konu\" \/><\/span>\n\t\t<\/p>\n\t<\/div>\n\t<div class=\"safirRight\">\n\t\t<p class=\"safiricon alinti\"><span class=\"wpcf7-form-control-wrap\" data-name=\"mesaj\"><textarea cols=\"40\" rows=\"10\" maxlength=\"2000\" class=\"wpcf7-form-control wpcf7-textarea\" aria-invalid=\"false\" placeholder=\"Ihre Nachricht\" name=\"mesaj\"><\/textarea><\/span>\n\t\t<\/p>\n\t\t<div class=\"onay-alani\">\n\t\t\t<p><span class=\"wpcf7-form-control-wrap\" data-name=\"acceptance-privacy\"><span class=\"wpcf7-form-control wpcf7-acceptance\"><span class=\"wpcf7-list-item\"><label><input type=\"checkbox\" name=\"acceptance-privacy\" value=\"1\" aria-invalid=\"false\" \/><span class=\"wpcf7-list-item-label\">Ich stimme der <a href=\"https:\/\/www.point.clinic\/privacy-policy\/\">Datenschutzerkl\u00e4rung<\/a> zu<\/span><\/label><\/span><\/span><\/span><br \/>\n<span class=\"wpcf7-form-control-wrap\" data-name=\"acceptance-data\"><span class=\"wpcf7-form-control wpcf7-acceptance\"><span class=\"wpcf7-list-item\"><label><input type=\"checkbox\" name=\"acceptance-data\" value=\"1\" aria-invalid=\"false\" \/><span class=\"wpcf7-list-item-label\">Ich akzeptiere den Schutz und die Verarbeitung meiner Daten.<\/span><\/label><\/span><\/span><\/span>\n\t\t\t<\/p>\n\t\t<\/div>\n\t\t<p><input class=\"wpcf7-form-control wpcf7-submit has-spinner safirButton\" type=\"submit\" value=\"NACHRICHT SENDEN\" \/>\n\t\t<\/p>\n\t<\/div>\n<\/div><div class=\"wpcf7-response-output\" aria-hidden=\"true\"><\/div>\n<\/form>\n<\/div>\n\n","protected":false},"excerpt":{"rendered":"<p>In Unserem Zentrum sind wir davon \u00fcberzeugt, dass Qualitativ Hochwertige Zahn\u00e4rztliche Versorgung mit den Weltweit Vertrauensw\u00fcrdigsten Marken beginnt. Durch die Partnerschaft mit Branchenf\u00fchrern wie Straumann, Nobel Biocare und Dentsply Sirona stellen wir sicher, dass Jedes Implantat und Jede Prothetische L\u00f6sung, die wir anbieten, den H\u00f6chsten Internationalen Standards entspricht. Diese Marken sind Weltweit f\u00fcr ihre Langlebigkeit, [&hellip;]<\/p>\n","protected":false},"author":1,"featured_media":0,"parent":0,"menu_order":0,"comment_status":"closed","ping_status":"closed","template":"","meta":{"fiyat":"","metin":"","footnotes":""},"class_list":["post-3274","page","type-page","status-publish","hentry"],"_links":{"self":[{"href":"https:\/\/www.point.clinic\/de\/wp-json\/wp\/v2\/pages\/3274","targetHints":{"allow":["GET"]}}],"collection":[{"href":"https:\/\/www.point.clinic\/de\/wp-json\/wp\/v2\/pages"}],"about":[{"href":"https:\/\/www.point.clinic\/de\/wp-json\/wp\/v2\/types\/page"}],"author":[{"embeddable":true,"href":"https:\/\/www.point.clinic\/de\/wp-json\/wp\/v2\/users\/1"}],"replies":[{"embeddable":true,"href":"https:\/\/www.point.clinic\/de\/wp-json\/wp\/v2\/comments?post=3274"}],"version-history":[{"count":1,"href":"https:\/\/www.point.clinic\/de\/wp-json\/wp\/v2\/pages\/3274\/revisions"}],"predecessor-version":[{"id":3275,"href":"https:\/\/www.point.clinic\/de\/wp-json\/wp\/v2\/pages\/3274\/revisions\/3275"}],"wp:attachment":[{"href":"https:\/\/www.point.clinic\/de\/wp-json\/wp\/v2\/media?parent=3274"}],"curies":[{"name":"wp","href":"https:\/\/api.w.org\/{rel}","templated":true}]}}