{"id":2414,"date":"2025-02-09T23:29:02","date_gmt":"2025-02-09T20:29:02","guid":{"rendered":"https:\/\/www.point.clinic\/nous-contacter\/"},"modified":"2026-03-17T00:52:41","modified_gmt":"2026-03-16T21:52:41","slug":"nous-contacter","status":"publish","type":"page","link":"https:\/\/www.point.clinic\/fr\/nous-contacter\/","title":{"rendered":"Nous contacter"},"content":{"rendered":"\n<div class=\"wp-block-group alignfull has-background has-global-padding is-layout-constrained wp-block-group-is-layout-constrained\" style=\"background-color:#f7f7f7;margin-top:0;margin-bottom:0;padding-top:var(--wp--preset--spacing--60);padding-bottom:var(--wp--preset--spacing--60)\">\n<div class=\"wp-block-columns are-vertically-aligned-bottom is-layout-flex wp-container-core-columns-is-layout-d76c625d wp-block-columns-is-layout-flex\">\n<div class=\"wp-block-column is-vertically-aligned-bottom is-layout-flow wp-block-column-is-layout-flow\" style=\"flex-basis:60%\">\n<div class=\"wp-block-group has-global-padding is-layout-constrained wp-container-core-group-is-layout-e0082cf6 wp-block-group-is-layout-constrained\">\n<div class=\"wp-block-group is-content-justification-left is-nowrap is-layout-flex wp-container-core-group-is-layout-fc9f69e7 wp-block-group-is-layout-flex\">\n<div class=\"wp-block-group has-black-color has-secondary-background-color has-text-color has-background has-link-color wp-elements-8c048d3f11da9b87e0bf0c9065a795ae has-global-padding is-layout-constrained wp-container-core-group-is-layout-df8428a5 wp-block-group-is-layout-constrained\" style=\"padding-top:0;padding-right:var(--wp--preset--spacing--30);padding-bottom:0;padding-left:var(--wp--preset--spacing--30)\">\n<p class=\"has-c-2-color has-text-color has-link-color has-small-font-size wp-elements-6dc92ca3538b6cd59bd7ab0f17712df1\">Contact<\/p>\n<\/div>\n<\/div>\n\n\n\n<h1 class=\"wp-block-heading has-text-align-left\">Est-il temps de choisir une clinique dentaire en laquelle vous pouvez vraiment avoir confiance ?<\/h1>\n\n\n\n<p><font dir=\"auto\" style=\"vertical-align: inherit;\"><font dir=\"auto\" style=\"vertical-align: inherit;\">Nous combinons une technologie dentaire avanc\u00e9e avec une approche centr\u00e9e sur le patient afin de garantir des r\u00e9sultats de traitement exceptionnels et fiables. Contactez-nous pour d\u00e9couvrir comment nous pouvons vous accompagner tout au long de votre parcours dentaire. <\/font><\/font><\/p>\n<\/div>\n\n\n\n<div class=\"wp-block-group is-layout-grid wp-container-core-group-is-layout-f2e2ae4a wp-block-group-is-layout-grid\">\n<div class=\"wp-block-group has-black-transparent-1-background-color has-background is-nowrap is-layout-flex wp-container-core-group-is-layout-6c531013 wp-block-group-is-layout-flex\" style=\"border-radius:5px\">\n<div class=\"wp-block-group has-black-transparent-1-background-color has-background has-global-padding is-layout-constrained wp-container-core-group-is-layout-52009084 wp-block-group-is-layout-constrained\" style=\"border-top-left-radius:5px;border-bottom-left-radius:5px;padding-top:var(--wp--preset--spacing--40);padding-right:var(--wp--preset--spacing--40);padding-bottom:var(--wp--preset--spacing--40);padding-left:var(--wp--preset--spacing--40)\"><div class=\"safirIconContainer left wp-elements-7a00eaa5d140ac54fb613051f40ba57c\">\n\t<div  style=\"--size:30px;--hover-text-color:; --hover-bg-color:;\" class=\"wp-elements-7a00eaa5d140ac54fb613051f40ba57c wp-block-safirtema-safiricon has-text-color has-blue-color\">\n\t\t<svg width=\"30px\" height=\"30px\" class=\"safiricon-konum\">\n\t\t\t<use href=\"#safiricon-konum\" \/>\n\t\t<\/svg>\n\t<\/div>\n<\/div><\/div>\n\n\n\n<div class=\"wp-block-group has-global-padding is-layout-constrained wp-container-core-group-is-layout-19e250f3 wp-block-group-is-layout-constrained\">\n<p class=\"has-medium-font-size\"><strong>Notre clinique<\/strong><\/p>\n\n\n\n<p class=\"has-black-transparent-5-color has-text-color has-link-color has-medium-font-size wp-elements-0e00bdf4a9717e4269434fc0717196b6\">K\u00fc\u00e7\u00fck\u00e7ekmece \/ \u0130stanbul<\/p>\n<\/div>\n<\/div>\n\n\n\n<div class=\"wp-block-group has-black-transparent-1-background-color has-background is-nowrap is-layout-flex wp-container-core-group-is-layout-6c531013 wp-block-group-is-layout-flex\" style=\"border-radius:5px\">\n<div class=\"wp-block-group has-black-transparent-1-background-color has-background has-global-padding is-layout-constrained wp-container-core-group-is-layout-52009084 wp-block-group-is-layout-constrained\" style=\"border-top-left-radius:5px;border-bottom-left-radius:5px;padding-top:var(--wp--preset--spacing--40);padding-right:var(--wp--preset--spacing--40);padding-bottom:var(--wp--preset--spacing--40);padding-left:var(--wp--preset--spacing--40)\"><div class=\"safirIconContainer left wp-elements-021c5ea373e9ec84e4362ec3942a0e84\">\n\t<div  style=\"--size:30px;--hover-text-color:; --hover-bg-color:;\" class=\"wp-elements-021c5ea373e9ec84e4362ec3942a0e84 wp-block-safirtema-safiricon has-text-color has-blue-color\">\n\t\t<svg width=\"30px\" height=\"30px\" class=\"safiricon-email\">\n\t\t\t<use href=\"#safiricon-email\" \/>\n\t\t<\/svg>\n\t<\/div>\n<\/div><\/div>\n\n\n\n<div class=\"wp-block-group has-global-padding is-layout-constrained wp-container-core-group-is-layout-19e250f3 wp-block-group-is-layout-constrained\">\n<p class=\"has-medium-font-size\"><strong>Adresse e-mail<\/strong><\/p>\n\n\n\n<p class=\"has-black-transparent-5-color has-text-color has-link-color has-medium-font-size wp-elements-70f85e2b5352536b73e9a64d3c579c9e\"><a target=\"_blank\" href=\"mailto:info@point.clinic\">info@point.clinic<\/a><\/p>\n<\/div>\n<\/div>\n\n\n\n<div class=\"wp-block-group has-black-transparent-1-background-color has-background is-nowrap is-layout-flex wp-container-core-group-is-layout-6c531013 wp-block-group-is-layout-flex\" style=\"border-radius:5px\">\n<div class=\"wp-block-group has-black-transparent-1-background-color has-background has-global-padding is-layout-constrained wp-container-core-group-is-layout-52009084 wp-block-group-is-layout-constrained\" style=\"border-top-left-radius:5px;border-bottom-left-radius:5px;padding-top:var(--wp--preset--spacing--40);padding-right:var(--wp--preset--spacing--40);padding-bottom:var(--wp--preset--spacing--40);padding-left:var(--wp--preset--spacing--40)\"><div class=\"safirIconContainer left wp-elements-ff73b503f85b1b022b8d5233af956f89\">\n\t<div  style=\"--size:30px;--hover-text-color:; --hover-bg-color:;\" class=\"wp-elements-ff73b503f85b1b022b8d5233af956f89 wp-block-safirtema-safiricon has-text-color has-blue-color\">\n\t\t<svg width=\"30px\" height=\"30px\" class=\"safiricon-telefon\">\n\t\t\t<use href=\"#safiricon-telefon\" \/>\n\t\t<\/svg>\n\t<\/div>\n<\/div><\/div>\n\n\n\n<div class=\"wp-block-group has-global-padding is-layout-constrained wp-container-core-group-is-layout-19e250f3 wp-block-group-is-layout-constrained\">\n<p class=\"has-medium-font-size\"><strong>Num\u00e9ro de la clinique<\/strong><\/p>\n\n\n\n<p class=\"has-black-transparent-5-color has-text-color has-link-color has-medium-font-size wp-elements-43803feb1b96536966150e2a66669799\"><a target=\"_blank\" href=\"tel:+905334401091\">+90 533 440 10 91<\/a><\/p>\n<\/div>\n<\/div>\n\n\n\n<div class=\"wp-block-group has-black-transparent-1-background-color has-background is-nowrap is-layout-flex wp-container-core-group-is-layout-6c531013 wp-block-group-is-layout-flex\" style=\"border-radius:5px\">\n<div class=\"wp-block-group has-black-transparent-1-background-color has-background has-global-padding is-layout-constrained wp-container-core-group-is-layout-52009084 wp-block-group-is-layout-constrained\" style=\"border-top-left-radius:5px;border-bottom-left-radius:5px;padding-top:var(--wp--preset--spacing--40);padding-right:var(--wp--preset--spacing--40);padding-bottom:var(--wp--preset--spacing--40);padding-left:var(--wp--preset--spacing--40)\"><div class=\"safirIconContainer left wp-elements-50cd03c6f0998f784b6f9ffeaa61fa5c\">\n\t<div  style=\"--size:30px;--hover-text-color:; --hover-bg-color:;\" class=\"wp-elements-50cd03c6f0998f784b6f9ffeaa61fa5c wp-block-safirtema-safiricon has-text-color has-blue-color\">\n\t\t<svg width=\"30px\" height=\"30px\" class=\"safiricon-ceptelefonu\">\n\t\t\t<use href=\"#safiricon-ceptelefonu\" \/>\n\t\t<\/svg>\n\t<\/div>\n<\/div><\/div>\n\n\n\n<div class=\"wp-block-group has-global-padding is-layout-constrained wp-container-core-group-is-layout-19e250f3 wp-block-group-is-layout-constrained\">\n<p class=\"has-medium-font-size\"><strong>T\u00e9l\u00e9phone portable<\/strong><\/p>\n\n\n\n<p class=\"has-black-transparent-5-color has-text-color has-link-color has-medium-font-size wp-elements-cb3294e715ca4e4609461f911b98af07\"><a target=\"_blank\" href=\"tel:+905334401091\">+90 533 440 10 91<\/a><\/p>\n<\/div>\n<\/div>\n\n\n\n<div class=\"wp-block-group has-black-transparent-1-background-color has-background is-nowrap is-layout-flex wp-container-core-group-is-layout-6c531013 wp-block-group-is-layout-flex\" style=\"border-radius:5px\">\n<div class=\"wp-block-group has-black-transparent-1-background-color has-background has-global-padding is-layout-constrained wp-container-core-group-is-layout-52009084 wp-block-group-is-layout-constrained\" style=\"border-top-left-radius:5px;border-bottom-left-radius:5px;padding-top:var(--wp--preset--spacing--40);padding-right:var(--wp--preset--spacing--40);padding-bottom:var(--wp--preset--spacing--40);padding-left:var(--wp--preset--spacing--40)\"><div class=\"safirIconContainer left wp-elements-43892152ee4b6c2c2ac4ed7ac1ba9724\">\n\t<div  style=\"--size:30px;--hover-text-color:; --hover-bg-color:;\" class=\"wp-elements-43892152ee4b6c2c2ac4ed7ac1ba9724 wp-block-safirtema-safiricon has-text-color has-blue-color\">\n\t\t<svg width=\"30px\" height=\"30px\" class=\"safiricon-soc2_facebook\">\n\t\t\t<use href=\"#safiricon-soc2_facebook\" \/>\n\t\t<\/svg>\n\t<\/div>\n<\/div><\/div>\n\n\n\n<div class=\"wp-block-group has-global-padding is-layout-constrained wp-container-core-group-is-layout-19e250f3 wp-block-group-is-layout-constrained\">\n<p class=\"has-medium-font-size\"><a href=\"https:\/\/www.facebook.com\/profile.php?id=61580072342432\" data-type=\"link\" data-id=\"https:\/\/www.facebook.com\/profile.php?id=61580072342432\" target=\"_blank\" rel=\"noopener\"><strong>Facebook<\/strong><\/a><\/p>\n<\/div>\n<\/div>\n\n\n\n<div class=\"wp-block-group has-black-transparent-1-background-color has-background is-nowrap is-layout-flex wp-container-core-group-is-layout-6c531013 wp-block-group-is-layout-flex\" style=\"border-radius:5px\">\n<div class=\"wp-block-group has-black-transparent-1-background-color has-background has-global-padding is-layout-constrained wp-container-core-group-is-layout-52009084 wp-block-group-is-layout-constrained\" style=\"border-top-left-radius:5px;border-bottom-left-radius:5px;padding-top:var(--wp--preset--spacing--40);padding-right:var(--wp--preset--spacing--40);padding-bottom:var(--wp--preset--spacing--40);padding-left:var(--wp--preset--spacing--40)\"><div class=\"safirIconContainer left wp-elements-e0694e5d4d2c5f2dcd2747634e3093e3\">\n\t<div  style=\"--size:30px;--hover-text-color:; --hover-bg-color:;\" class=\"wp-elements-e0694e5d4d2c5f2dcd2747634e3093e3 wp-block-safirtema-safiricon has-text-color has-blue-color\">\n\t\t<svg width=\"30px\" height=\"30px\" class=\"safiricon-soc2_instagram\">\n\t\t\t<use href=\"#safiricon-soc2_instagram\" \/>\n\t\t<\/svg>\n\t<\/div>\n<\/div><\/div>\n\n\n\n<div class=\"wp-block-group has-global-padding is-layout-constrained wp-container-core-group-is-layout-19e250f3 wp-block-group-is-layout-constrained\">\n<p class=\"has-medium-font-size\"><a href=\"https:\/\/www.instagram.com\/pointclinic\/\" data-type=\"link\" data-id=\"https:\/\/www.instagram.com\/pointclinic\/\" target=\"_blank\" rel=\"noopener\"><strong>Instagram<\/strong><\/a><\/p>\n<\/div>\n<\/div>\n\n\n\n<div class=\"wp-block-group has-black-transparent-1-background-color has-background is-nowrap is-layout-flex wp-container-core-group-is-layout-6c531013 wp-block-group-is-layout-flex\" style=\"border-radius:5px\">\n<div class=\"wp-block-group has-black-transparent-1-background-color has-background has-global-padding is-layout-constrained wp-container-core-group-is-layout-52009084 wp-block-group-is-layout-constrained\" style=\"border-top-left-radius:5px;border-bottom-left-radius:5px;padding-top:var(--wp--preset--spacing--40);padding-right:var(--wp--preset--spacing--40);padding-bottom:var(--wp--preset--spacing--40);padding-left:var(--wp--preset--spacing--40)\"><div class=\"safirIconContainer left wp-elements-cac1fa47c682ce7758e003f9e955d9dd\">\n\t<div  style=\"--size:30px;--hover-text-color:; --hover-bg-color:;\" class=\"wp-elements-cac1fa47c682ce7758e003f9e955d9dd wp-block-safirtema-safiricon has-text-color has-blue-color\">\n\t\t<svg width=\"30px\" height=\"30px\" class=\"safiricon-whatsapp\">\n\t\t\t<use href=\"#safiricon-whatsapp\" \/>\n\t\t<\/svg>\n\t<\/div>\n<\/div><\/div>\n\n\n\n<div class=\"wp-block-group has-global-padding is-layout-constrained wp-container-core-group-is-layout-19e250f3 wp-block-group-is-layout-constrained\">\n<p class=\"has-medium-font-size\"><strong>Whatsapp<\/strong><\/p>\n\n\n\n<p class=\"has-black-transparent-5-color has-text-color has-link-color has-medium-font-size wp-elements-760304ec581e20c88c503a24f8ce261d\"><a target=\"_blank\" href=\"https:\/\/wa.me\/9005334401091\" rel=\"noopener\">05334401091<\/a><\/p>\n<\/div>\n<\/div>\n\n\n\n<div class=\"wp-block-group has-black-transparent-1-background-color has-background is-nowrap is-layout-flex wp-container-core-group-is-layout-6c531013 wp-block-group-is-layout-flex\" style=\"border-radius:5px\">\n<div class=\"wp-block-group has-black-transparent-1-background-color has-background has-global-padding is-layout-constrained wp-container-core-group-is-layout-52009084 wp-block-group-is-layout-constrained\" style=\"border-top-left-radius:5px;border-bottom-left-radius:5px;padding-top:var(--wp--preset--spacing--40);padding-right:var(--wp--preset--spacing--40);padding-bottom:var(--wp--preset--spacing--40);padding-left:var(--wp--preset--spacing--40)\"><div class=\"safirIconContainer left wp-elements-dfc0226c20a79fe32c248c915cae28ae\">\n\t<div  style=\"--size:30px;--hover-text-color:; --hover-bg-color:;\" class=\"wp-elements-dfc0226c20a79fe32c248c915cae28ae wp-block-safirtema-safiricon has-text-color has-blue-color\">\n\t\t<svg width=\"30px\" height=\"30px\" class=\"safiricon-saat\">\n\t\t\t<use href=\"#safiricon-saat\" \/>\n\t\t<\/svg>\n\t<\/div>\n<\/div><\/div>\n\n\n\n<div class=\"wp-block-group has-global-padding is-layout-constrained wp-container-core-group-is-layout-19e250f3 wp-block-group-is-layout-constrained\">\n<p class=\"has-medium-font-size\"><strong>Horaires d&rsquo;ouverture<\/strong><\/p>\n\n\n\n<p class=\"has-black-transparent-5-color has-text-color has-link-color has-medium-font-size wp-elements-d44ea010039f0675b09cc944f3f05fd1\">En semaine 09h00 &#8211; 20h00<\/p>\n<\/div>\n<\/div>\n<\/div>\n<\/div>\n\n\n\n<div class=\"wp-block-column is-vertically-aligned-bottom is-layout-flow wp-block-column-is-layout-flow\" style=\"flex-basis:40%\">\n<div class=\"wp-block-contact-form-7-contact-form-selector\">\n<div class=\"wpcf7 no-js\" id=\"wpcf7-f2440-o1\" lang=\"fr-FR\" dir=\"ltr\" data-wpcf7-id=\"2440\">\n<div class=\"screen-reader-response\"><p role=\"status\" aria-live=\"polite\" aria-atomic=\"true\"><\/p> <ul><\/ul><\/div>\n<form action=\"\/fr\/wp-json\/wp\/v2\/pages\/2414#wpcf7-f2440-o1\" method=\"post\" class=\"wpcf7-form init\" aria-label=\"Formulaire de contact\" novalidate=\"novalidate\" data-status=\"init\">\n<fieldset class=\"hidden-fields-container\"><input type=\"hidden\" name=\"_wpcf7\" value=\"2440\" \/><input type=\"hidden\" name=\"_wpcf7_version\" value=\"6.1.5\" \/><input type=\"hidden\" name=\"_wpcf7_locale\" value=\"fr_FR\" \/><input type=\"hidden\" name=\"_wpcf7_unit_tag\" value=\"wpcf7-f2440-o1\" \/><input type=\"hidden\" name=\"_wpcf7_container_post\" value=\"0\" \/><input type=\"hidden\" name=\"_wpcf7_posted_data_hash\" value=\"\" \/>\n<\/fieldset>\n<div class=\"safirForm\">\n\t<div class=\"safirLeft\">\n\t\t<p class=\"safiricon kurumsal\"><span class=\"wpcf7-form-control-wrap\" data-name=\"adsoyad\"><input size=\"40\" maxlength=\"400\" class=\"wpcf7-form-control wpcf7-text wpcf7-validates-as-required\" aria-required=\"true\" aria-invalid=\"false\" placeholder=\"Nom complet\" value=\"\" type=\"text\" name=\"adsoyad\" \/><\/span>\n\t\t<\/p>\n\t\t<p class=\"safiricon email\"><span class=\"wpcf7-form-control-wrap\" data-name=\"email\"><input size=\"40\" maxlength=\"400\" class=\"wpcf7-form-control wpcf7-email wpcf7-validates-as-required wpcf7-text wpcf7-validates-as-email\" aria-required=\"true\" aria-invalid=\"false\" placeholder=\"Adresse e-mail\" value=\"\" type=\"email\" name=\"email\" \/><\/span>\n\t\t<\/p>\n\t\t<p class=\"safiricon telefon\"><br \/>\n<span class=\"wpcf7-form-control-wrap\" data-name=\"telefon\"><input size=\"40\" class=\"wpcf7-form-control wpcf7-phonetext wpcf7-text wpcf7-validates-as-phonetext\" aria-invalid=\"false\" value=\"\" type=\"text\" name=\"telefon\" \/><input type=\"hidden\" name=\"telefon-country-code\" class=\"wpcf7-phonetext-country-code\" \/><\/span>\n\t\t<\/p>\n\t\t<p class=\"safiricon liste\"><span class=\"wpcf7-form-control-wrap\" data-name=\"konu\"><input size=\"40\" maxlength=\"400\" class=\"wpcf7-form-control wpcf7-text wpcf7-validates-as-required\" aria-required=\"true\" aria-invalid=\"false\" placeholder=\"Objet\" value=\"\" type=\"text\" name=\"konu\" \/><\/span>\n\t\t<\/p>\n\t<\/div>\n\t<div class=\"safirRight\">\n\t\t<p class=\"safiricon alinti\"><span class=\"wpcf7-form-control-wrap\" data-name=\"mesaj\"><textarea cols=\"40\" rows=\"10\" maxlength=\"2000\" class=\"wpcf7-form-control wpcf7-textarea\" aria-invalid=\"false\" placeholder=\"Votre message\" name=\"mesaj\"><\/textarea><\/span>\n\t\t<\/p>\n\t\t<div class=\"onay-alani\">\n\t\t\t<p><span class=\"wpcf7-form-control-wrap\" data-name=\"acceptance-privacy\"><span class=\"wpcf7-form-control wpcf7-acceptance\"><span class=\"wpcf7-list-item\"><label><input type=\"checkbox\" name=\"acceptance-privacy\" value=\"1\" aria-invalid=\"false\" \/><span class=\"wpcf7-list-item-label\">J\u2019accepte la <a href=\"https:\/\/www.point.clinic\/privacy-policy\/\">politique de confidentialit\u00e9<\/a><\/span><\/label><\/span><\/span><\/span><br \/>\n<span class=\"wpcf7-form-control-wrap\" data-name=\"acceptance-data\"><span class=\"wpcf7-form-control wpcf7-acceptance\"><span class=\"wpcf7-list-item\"><label><input type=\"checkbox\" name=\"acceptance-data\" value=\"1\" aria-invalid=\"false\" \/><span class=\"wpcf7-list-item-label\">J\u2019accepte la protection et le traitement de mes donn\u00e9es.<\/span><\/label><\/span><\/span><\/span>\n\t\t\t<\/p>\n\t\t<\/div>\n\t\t<p><input class=\"wpcf7-form-control wpcf7-submit has-spinner safirButton\" type=\"submit\" value=\"ENVOYER LE MESSAGE\" \/>\n\t\t<\/p>\n\t<\/div>\n<\/div><div class=\"wpcf7-response-output\" aria-hidden=\"true\"><\/div>\n<\/form>\n<\/div>\n<\/div>\n<\/div>\n<\/div>\n<\/div>\n\n<div class=\"wp-block-group alignfull has-global-padding is-layout-constrained wp-block-group-is-layout-constrained\" style=\"margin-top:var(--wp--preset--spacing--60);margin-bottom:var(--wp--preset--spacing--60)\">\n<iframe src=\"https:\/\/www.google.com\/maps\/embed?pb=!1m18!1m12!1m3!1d3011.1743252235447!2d28.798979100000004!3d40.9995575!2m3!1f0!2f0!3f0!3m2!1i1024!2i768!4f13.1!3m3!1m2!1s0x14caa3cccb8e1f8f%3A0xb96a560ba01fbddd!2sPoint%20Dental%20Clinic!5e0!3m2!1str!2ssg!4v1769452144915!5m2!1str!2ssg\" width=\"600\" height=\"450\" style=\"border:0;\" allowfullscreen=\"\" loading=\"lazy\" referrerpolicy=\"no-referrer-when-downgrade\"><\/iframe>\n<\/div>\n","protected":false},"excerpt":{"rendered":"<p>Contact Est-il temps de choisir une clinique dentaire en laquelle vous pouvez vraiment avoir confiance ? Nous combinons une technologie dentaire avanc\u00e9e avec une approche centr\u00e9e sur le patient afin de garantir des r\u00e9sultats de traitement exceptionnels et fiables. Contactez-nous pour d\u00e9couvrir comment nous pouvons vous accompagner tout au long de votre parcours dentaire. Notre [&hellip;]<\/p>\n","protected":false},"author":1,"featured_media":0,"parent":0,"menu_order":0,"comment_status":"closed","ping_status":"closed","template":"no-picheader","meta":{"fiyat":"","metin":"","footnotes":""},"class_list":["post-2414","page","type-page","status-publish","hentry"],"_links":{"self":[{"href":"https:\/\/www.point.clinic\/fr\/wp-json\/wp\/v2\/pages\/2414","targetHints":{"allow":["GET"]}}],"collection":[{"href":"https:\/\/www.point.clinic\/fr\/wp-json\/wp\/v2\/pages"}],"about":[{"href":"https:\/\/www.point.clinic\/fr\/wp-json\/wp\/v2\/types\/page"}],"author":[{"embeddable":true,"href":"https:\/\/www.point.clinic\/fr\/wp-json\/wp\/v2\/users\/1"}],"replies":[{"embeddable":true,"href":"https:\/\/www.point.clinic\/fr\/wp-json\/wp\/v2\/comments?post=2414"}],"version-history":[{"count":2,"href":"https:\/\/www.point.clinic\/fr\/wp-json\/wp\/v2\/pages\/2414\/revisions"}],"predecessor-version":[{"id":2428,"href":"https:\/\/www.point.clinic\/fr\/wp-json\/wp\/v2\/pages\/2414\/revisions\/2428"}],"wp:attachment":[{"href":"https:\/\/www.point.clinic\/fr\/wp-json\/wp\/v2\/media?parent=2414"}],"curies":[{"name":"wp","href":"https:\/\/api.w.org\/{rel}","templated":true}]}}