{"id":3070,"date":"2025-02-03T14:13:53","date_gmt":"2025-02-03T11:13:53","guid":{"rendered":"https:\/\/www.point.clinic\/?page_id=3070"},"modified":"2026-03-27T22:54:06","modified_gmt":"2026-03-27T19:54:06","slug":"dentistes","status":"publish","type":"page","link":"https:\/\/www.point.clinic\/fr\/dentistes\/","title":{"rendered":"Dentistes"},"content":{"rendered":"\n<p>\u00c0 la <strong>Point Clinic<\/strong>, nous sommes convaincus qu&rsquo;un sourire de classe mondiale commence par une expertise de classe mondiale. En tant que <strong>clinique dentaire de premier plan \u00e0 Istanbul<\/strong>, nous avons r\u00e9uni une \u00e9quipe de praticiens hautement qualifi\u00e9s, alliant excellence acad\u00e9mique et des ann\u00e9es d&rsquo;exp\u00e9rience clinique.<\/p>\n\n\n\n<p>Que vous nous rendiez visite pour un contr\u00f4le de routine ou que vous voyagiez pour le <strong>tourisme dentaire en Turquie<\/strong>, nos sp\u00e9cialistes s&rsquo;engagent \u00e0 vous offrir des soins sur mesure, adapt\u00e9s \u00e0 vos besoins uniques.<\/p>\n\n\n\n<h3 class=\"wp-block-heading\">Pourquoi choisir notre \u00e9quipe m\u00e9dicale ?<\/h3>\n\n\n\n<p>Nos docteurs sont bien plus que des dentistes ; ce sont des artisans de la sant\u00e9 bucco-dentaire. En choisissant Point Clinic, vous b\u00e9n\u00e9ficiez de :<\/p>\n\n\n\n<ul class=\"wp-block-list\">\n<li><strong>Expertise multidisciplinaire :<\/strong> De la dentisterie restauratrice \u00e0 la chirurgie maxillo-faciale complexe, notre \u00e9quipe couvre tous les aspects des soins dentaires sous un m\u00eame toit.<\/li>\n\n\n\n<li><strong>Normes internationales :<\/strong> Nos chirurgiens et dentistes esth\u00e9tiques sont membres de prestigieuses associations dentaires mondiales, garantissant que votre traitement r\u00e9pond aux standards internationaux les plus \u00e9lev\u00e9s.<\/li>\n\n\n\n<li><strong>Technologie de pointe :<\/strong> Nous \u00e9quipons nos experts des derniers scanners num\u00e9riques et de l&rsquo;imagerie 3D pour assurer une pr\u00e9cision absolue lors de chaque intervention.<\/li>\n<\/ul>\n\n\n\n<h3 class=\"wp-block-heading\">Nos domaines de sp\u00e9cialisation<\/h3>\n\n\n\n<p>Notre clinique accueille des experts dans divers domaines, garantissant que votre exp\u00e9rience de <strong>tourisme dentaire \u00e0 Istanbul<\/strong> soit fluide et r\u00e9ussie :<\/p>\n\n\n\n<ol start=\"1\" class=\"wp-block-list\">\n<li><strong>Implantologie et Chirurgie Orale :<\/strong> Experts en remplacement permanent des dents utilisant les meilleures marques mondiales d&rsquo;implants.<\/li>\n\n\n\n<li><strong>Dentisterie Esth\u00e9tique :<\/strong> Sp\u00e9cialistes du \u00ab\u00a0Hollywood Smile\u00a0\u00bb, des facettes en porcelaine et du blanchiment professionnel.<\/li>\n\n\n\n<li><strong>Orthodontie :<\/strong> Solutions d&rsquo;alignement avanc\u00e9es, incluant les syst\u00e8mes d&rsquo;aligneurs invisibles.<\/li>\n\n\n\n<li><strong>Parodontologie :<\/strong> Focalis\u00e9e sur la sant\u00e9 des gencives et les fondations de votre sourire.<\/li>\n<\/ol>\n\n\n\n<h3 class=\"wp-block-heading\">Transparence des tarifs et soins centr\u00e9s sur le patient<\/h3>\n\n\n\n<p>Nous comprenons que la recherche d&rsquo;un traitement dentaire \u00e0 l&rsquo;\u00e9tranger n\u00e9cessite une planification minutieuse. \u00c0 la Point Clinic, nous sommes fiers de notre <strong>politique de prix transparente et sensible<\/strong>. Nous nous engageons \u00e0 fournir des \u00ab\u00a0soins haut de gamme sans les tarifs excessifs\u00a0\u00bb.<\/p>\n\n\n\n<ul class=\"wp-block-list\">\n<li><strong>Aucun co\u00fbt cach\u00e9 :<\/strong> Vous recevrez un plan de traitement complet avec des tarifs fixes en Euros (\u20ac) avant m\u00eame de monter dans l&rsquo;avion.<\/li>\n\n\n\n<li><strong>L&rsquo;excellence accessible :<\/strong> En choisissant une <strong>clinique dentaire en Turquie<\/strong>, vous pouvez \u00e9conomiser jusqu&rsquo;\u00e0 70 % par rapport aux tarifs pratiqu\u00e9s en Europe de l&rsquo;Ouest, sans jamais compromettre la qualit\u00e9 des mat\u00e9riaux ou le savoir-faire clinique.<\/li>\n<\/ul>\n\n\n\n<blockquote class=\"wp-block-quote is-layout-flow wp-block-quote-is-layout-flow\">\n<p><strong>Notre promesse :<\/strong> Votre confort et votre confiance sont notre priorit\u00e9. Nous ne traitons pas seulement des dents ; nous prenons soin de personnes.<\/p>\n\n\n\n<div class=\"wp-block-group has-global-padding is-layout-constrained wp-block-group-is-layout-constrained\">\n<div class=\"wp-block-group is-content-justification-space-between is-nowrap is-layout-flex wp-container-core-group-is-layout-d7c818fd wp-block-group-is-layout-flex\">\n<div class=\"wp-block-group is-nowrap is-layout-flex wp-container-core-group-is-layout-f1189ed3 wp-block-group-is-layout-flex\"><div class=\"safirIconContainer left wp-elements-e72f6fdafa19cc01b03a5fd5a80c0afe\">\n\t<div  style=\"--size:25px;--hover-text-color:; --hover-bg-color:;\" class=\"is-style-radius wp-elements-e72f6fdafa19cc01b03a5fd5a80c0afe wp-block-safirtema-safiricon has-text-color has-main-color has-background has-secondary-background-color\">\n\t\t<svg width=\"25px\" height=\"25px\" class=\"safiricon-kurumsal\">\n\t\t\t<use href=\"#safiricon-kurumsal\" \/>\n\t\t<\/svg>\n\t<\/div>\n<\/div>\n\n\n<h3 class=\"wp-block-heading has-text-align-center has-extra-large-font-size\">\u00c9quipe M\u00e9dicale<\/h3>\n<\/div>\n\n\n\n<div class=\"wp-block-group is-nowrap is-layout-flex wp-container-core-group-is-layout-93522cec wp-block-group-is-layout-flex\" style=\"margin-top:0;margin-bottom:0\"><div class=\"safirIconContainer left wp-elements-9ceabf807d169cac691e1537edfab5ee\">\n\t<a href=\"#prev\"  style=\"--size:20px;--hover-text-color:; --hover-bg-color:rgba(0, 0, 0, .06);\" class=\"has-background-hover  is-style-radius wp-elements-9ceabf807d169cac691e1537edfab5ee wp-block-safirtema-safiricon has-text-color has-main-color has-background has-black-transparent-1-background-color\">\n\t\t<svg width=\"20px\" height=\"20px\" class=\"safiricon-oksol\">\n\t\t\t<use href=\"#safiricon-oksol\" \/>\n\t\t<\/svg>\n\t<\/a>\n<\/div>\n\n<div class=\"safirIconContainer left wp-elements-949ddf91d74060db719ce612ee10c43c\">\n\t<a href=\"#next\"  style=\"--size:20px;--hover-text-color:; --hover-bg-color:rgba(0, 0, 0, .06);\" class=\"has-background-hover  is-style-radius wp-elements-949ddf91d74060db719ce612ee10c43c wp-block-safirtema-safiricon has-text-color has-main-color has-background has-black-transparent-1-background-color\">\n\t\t<svg width=\"20px\" height=\"20px\" class=\"safiricon-oksag\">\n\t\t\t<use href=\"#safiricon-oksag\" \/>\n\t\t<\/svg>\n\t<\/a>\n<\/div><\/div>\n<\/div>\n\n\n<div style=\"--numberDesktop: 4; --numberTablet: 3; --numberMobile: 2\" class=\"outside-dots element-arrows inner-arrows gallery-hover wp-block-safirtema-safircarousel\" data-numberdesktop=\"4\" data-numbertablet=\"3\" data-numbermobile=\"2\" data-time=\"5000\" data-dots=\"\" data-nav=\"\" data-autoplay=\"1\">\n\t<div class=\"carouselContainer\">\n\t\t<div class=\"owl-carousel\">\n\t\t\t\n\n<div class=\"wp-block-group has-global-padding is-layout-constrained wp-container-core-group-is-layout-19e250f3 wp-block-group-is-layout-constrained\">\n<div class=\"wp-block-group has-global-padding is-layout-constrained wp-block-group-is-layout-constrained\">\n<figure class=\"wp-block-image size-medium is-style-default\"><a href=\"https:\/\/www.point.clinic\/fr\/dentistes\/dr-erdogan-aydin\/\"><img width=\"300\" height=\"300\" data-safirlazy=\"true\" src=https:\/\/www.point.clinic\/wp-content\/themes\/neo\/assets\/images\/noimage.svg data-src=\"https:\/\/www.point.clinic\/wp-content\/uploads\/\/Doktor-Erdogan-Aydin-300x300.webp\" alt=\"Doktor Erdo\u011fan Ayd\u0131n\" class=\"wp-image-1508\" style=\"aspect-ratio:3\/4;object-fit:cover\" srcset=\"https:\/\/www.point.clinic\/wp-content\/uploads\/Doktor-Erdogan-Aydin-300x300.webp 300w, https:\/\/www.point.clinic\/wp-content\/uploads\/Doktor-Erdogan-Aydin-150x150.webp 150w, https:\/\/www.point.clinic\/wp-content\/uploads\/Doktor-Erdogan-Aydin-768x768.webp 768w, https:\/\/www.point.clinic\/wp-content\/uploads\/Doktor-Erdogan-Aydin.webp 1024w\" sizes=\"(max-width: 300px) 100vw, 300px\" \/><\/a><\/figure>\n<\/div>\n\n\n\n<div class=\"wp-block-group has-black-transparent-1-background-color has-background has-global-padding is-layout-constrained wp-container-core-group-is-layout-e46c98d8 wp-block-group-is-layout-constrained\" style=\"border-bottom-color:var(--wp--preset--color--black-transparent-1);border-bottom-width:1px;padding-top:var(--wp--preset--spacing--30);padding-right:var(--wp--preset--spacing--20);padding-bottom:var(--wp--preset--spacing--30);padding-left:var(--wp--preset--spacing--20)\">\n<h3 class=\"wp-block-heading has-text-align-center has-large-font-size\"><a href=\"https:\/\/www.point.clinic\/fr\/dentistes\/dr-erdogan-aydin\/\" data-type=\"page\" data-id=\"124\"><strong>Dr. Erdo\u011fan Ayd\u0131n<\/strong><\/a><\/h3>\n\n\n\n<p class=\"has-text-align-center has-black-transparent-5-color has-text-color has-link-color has-medium-font-size wp-elements-6fa03bbaef567acaa46f00b945c09e39\">Sp\u00e9cialiste Dentaire<\/p>\n<\/div>\n<\/div>\n\n\n\n<div class=\"wp-block-group has-global-padding is-layout-constrained wp-container-core-group-is-layout-19e250f3 wp-block-group-is-layout-constrained\">\n<div class=\"wp-block-group has-global-padding is-layout-constrained wp-block-group-is-layout-constrained\">\n<figure class=\"wp-block-image size-full\"><a href=\"https:\/\/www.point.clinic\/fr\/dentistes\/dr-adem-lamba\/\"><img width=\"1024\" height=\"1024\" data-safirlazy=\"true\" src=https:\/\/www.point.clinic\/wp-content\/themes\/neo\/assets\/images\/noimage.svg data-src=\"https:\/\/www.point.clinic\/wp-content\/uploads\/doktor-adem-lamba.webp\" alt=\"\" class=\"wp-image-1736\" style=\"aspect-ratio:3\/4;object-fit:cover\" srcset=\"https:\/\/www.point.clinic\/wp-content\/uploads\/doktor-adem-lamba.webp 1024w, https:\/\/www.point.clinic\/wp-content\/uploads\/doktor-adem-lamba-300x300.webp 300w, https:\/\/www.point.clinic\/wp-content\/uploads\/doktor-adem-lamba-150x150.webp 150w, https:\/\/www.point.clinic\/wp-content\/uploads\/doktor-adem-lamba-768x768.webp 768w\" sizes=\"(max-width: 1024px) 100vw, 1024px\" \/><\/a><\/figure>\n<\/div>\n\n\n\n<div class=\"wp-block-group has-black-transparent-1-background-color has-background has-global-padding is-layout-constrained wp-container-core-group-is-layout-e46c98d8 wp-block-group-is-layout-constrained\" style=\"border-bottom-color:var(--wp--preset--color--black-transparent-1);border-bottom-width:1px;padding-top:var(--wp--preset--spacing--30);padding-right:var(--wp--preset--spacing--20);padding-bottom:var(--wp--preset--spacing--30);padding-left:var(--wp--preset--spacing--20)\">\n<h3 class=\"wp-block-heading has-text-align-center has-large-font-size\"><a href=\"https:\/\/www.point.clinic\/fr\/dentistes\/dr-adem-lamba\/\"><strong>Adem Lamba<\/strong><\/a><\/h3>\n\n\n\n<p class=\"has-text-align-center has-black-transparent-5-color has-text-color has-link-color has-medium-font-size wp-elements-6fa03bbaef567acaa46f00b945c09e39\">Sp\u00e9cialiste Dentaire<\/p>\n<\/div>\n<\/div>\n\n\n\n<div class=\"wp-block-group has-global-padding is-layout-constrained wp-container-core-group-is-layout-19e250f3 wp-block-group-is-layout-constrained\">\n<div class=\"wp-block-group has-global-padding is-layout-constrained wp-block-group-is-layout-constrained\">\n<figure class=\"wp-block-image size-full\"><a href=\"https:\/\/www.point.clinic\/fr\/dentistes\/haydar-ozel\/\"><img width=\"1024\" height=\"1024\" data-safirlazy=\"true\" src=https:\/\/www.point.clinic\/wp-content\/themes\/neo\/assets\/images\/noimage.svg data-src=\"https:\/\/www.point.clinic\/wp-content\/uploads\/dr-haydar-ozel.webp\" alt=\"\" class=\"wp-image-1740\" style=\"aspect-ratio:3\/4;object-fit:cover\" srcset=\"https:\/\/www.point.clinic\/wp-content\/uploads\/dr-haydar-ozel.webp 1024w, https:\/\/www.point.clinic\/wp-content\/uploads\/dr-haydar-ozel-300x300.webp 300w, https:\/\/www.point.clinic\/wp-content\/uploads\/dr-haydar-ozel-150x150.webp 150w, https:\/\/www.point.clinic\/wp-content\/uploads\/dr-haydar-ozel-768x768.webp 768w\" sizes=\"(max-width: 1024px) 100vw, 1024px\" \/><\/a><\/figure>\n<\/div>\n\n\n\n<div class=\"wp-block-group has-black-transparent-1-background-color has-background has-global-padding is-layout-constrained wp-container-core-group-is-layout-e46c98d8 wp-block-group-is-layout-constrained\" style=\"border-bottom-color:var(--wp--preset--color--black-transparent-1);border-bottom-width:1px;padding-top:var(--wp--preset--spacing--30);padding-right:var(--wp--preset--spacing--20);padding-bottom:var(--wp--preset--spacing--30);padding-left:var(--wp--preset--spacing--20)\">\n<h3 class=\"wp-block-heading has-text-align-center has-large-font-size\"><a href=\"https:\/\/www.point.clinic\/fr\/dentistes\/haydar-ozel\/\" data-type=\"link\" data-id=\"https:\/\/www.point.clinic\/doctors\/dr-haydar-ozel\/\"><strong>Haydar \u00d6zel<\/strong><\/a><\/h3>\n\n\n\n<p class=\"has-text-align-center has-black-transparent-5-color has-text-color has-link-color has-medium-font-size wp-elements-1f83f3dbb257dedb001a51488734d73e\">Dentiste Sp\u00e9cialiste<\/p>\n<\/div>\n<\/div>\n\n\n\n<div class=\"wp-block-group has-global-padding is-layout-constrained wp-container-core-group-is-layout-19e250f3 wp-block-group-is-layout-constrained\">\n<div class=\"wp-block-group has-global-padding is-layout-constrained wp-block-group-is-layout-constrained\">\n<figure class=\"wp-block-image size-full\"><a href=\"https:\/\/www.point.clinic\/fr\/dentistes\/dr-ataberk-fidan\/\"><img width=\"1024\" height=\"1024\" data-safirlazy=\"true\" src=https:\/\/www.point.clinic\/wp-content\/themes\/neo\/assets\/images\/noimage.svg data-src=\"https:\/\/www.point.clinic\/wp-content\/uploads\/dr-ataberk-fidan.webp\" alt=\"\" class=\"wp-image-1743\" style=\"aspect-ratio:3\/4;object-fit:cover\" srcset=\"https:\/\/www.point.clinic\/wp-content\/uploads\/dr-ataberk-fidan.webp 1024w, https:\/\/www.point.clinic\/wp-content\/uploads\/dr-ataberk-fidan-300x300.webp 300w, https:\/\/www.point.clinic\/wp-content\/uploads\/dr-ataberk-fidan-150x150.webp 150w, https:\/\/www.point.clinic\/wp-content\/uploads\/dr-ataberk-fidan-768x768.webp 768w\" sizes=\"(max-width: 1024px) 100vw, 1024px\" \/><\/a><\/figure>\n<\/div>\n\n\n\n<div class=\"wp-block-group has-black-transparent-1-background-color has-background has-global-padding is-layout-constrained wp-container-core-group-is-layout-e46c98d8 wp-block-group-is-layout-constrained\" style=\"border-bottom-color:var(--wp--preset--color--black-transparent-1);border-bottom-width:1px;padding-top:var(--wp--preset--spacing--30);padding-right:var(--wp--preset--spacing--20);padding-bottom:var(--wp--preset--spacing--30);padding-left:var(--wp--preset--spacing--20)\">\n<h3 class=\"wp-block-heading has-text-align-center has-large-font-size\"><a href=\"https:\/\/www.point.clinic\/fr\/dentistes\/dr-ataberk-fidan\/\"><strong>Ataberk Fidan<\/strong><\/a><\/h3>\n\n\n\n<p class=\"has-text-align-center has-black-transparent-5-color has-text-color has-link-color has-medium-font-size wp-elements-369214600f3416015f24ca643d7b5aaf\">Dentisterie Esth\u00e9tique<\/p>\n<\/div>\n<\/div>\n\n\n\n<div class=\"wp-block-group has-global-padding is-layout-constrained wp-container-core-group-is-layout-19e250f3 wp-block-group-is-layout-constrained\">\n<div class=\"wp-block-group has-global-padding is-layout-constrained wp-block-group-is-layout-constrained\">\n<figure class=\"wp-block-image size-full\"><a href=\"https:\/\/www.point.clinic\/fr\/dentistes\/dr-mustafa-tunc\/\"><img width=\"1024\" height=\"1024\" data-safirlazy=\"true\" src=https:\/\/www.point.clinic\/wp-content\/themes\/neo\/assets\/images\/noimage.svg data-src=\"https:\/\/www.point.clinic\/wp-content\/uploads\/dr-mustafa-tunc.webp\" alt=\"\" class=\"wp-image-1746\" style=\"aspect-ratio:3\/4;object-fit:cover\" srcset=\"https:\/\/www.point.clinic\/wp-content\/uploads\/dr-mustafa-tunc.webp 1024w, https:\/\/www.point.clinic\/wp-content\/uploads\/dr-mustafa-tunc-300x300.webp 300w, https:\/\/www.point.clinic\/wp-content\/uploads\/dr-mustafa-tunc-150x150.webp 150w, https:\/\/www.point.clinic\/wp-content\/uploads\/dr-mustafa-tunc-768x768.webp 768w\" sizes=\"(max-width: 1024px) 100vw, 1024px\" \/><\/a><\/figure>\n<\/div>\n\n\n\n<div class=\"wp-block-group has-black-transparent-1-background-color has-background has-global-padding is-layout-constrained wp-container-core-group-is-layout-e46c98d8 wp-block-group-is-layout-constrained\" style=\"border-bottom-color:var(--wp--preset--color--black-transparent-1);border-bottom-width:1px;padding-top:var(--wp--preset--spacing--30);padding-right:var(--wp--preset--spacing--20);padding-bottom:var(--wp--preset--spacing--30);padding-left:var(--wp--preset--spacing--20)\">\n<h3 class=\"wp-block-heading has-text-align-center has-large-font-size\"><a href=\"https:\/\/www.point.clinic\/fr\/dentistes\/dr-mustafa-tunc\/\"><strong>Mustafa Tun\u00e7<\/strong><\/a><\/h3>\n\n\n\n<p class=\"has-text-align-center has-black-transparent-5-color has-text-color has-link-color has-medium-font-size wp-elements-6fa03bbaef567acaa46f00b945c09e39\">Sp\u00e9cialiste Dentaire<\/p>\n<\/div>\n<\/div>\n\n\t\t<\/div>\n\t<\/div>\n<\/div><\/div>\n<\/blockquote>\n","protected":false},"excerpt":{"rendered":"<p>\u00c0 la Point Clinic, nous sommes convaincus qu&rsquo;un sourire de classe mondiale commence par une expertise de classe mondiale. En tant que clinique dentaire de premier plan \u00e0 Istanbul, nous avons r\u00e9uni une \u00e9quipe de praticiens hautement qualifi\u00e9s, alliant excellence acad\u00e9mique et des ann\u00e9es d&rsquo;exp\u00e9rience clinique. Que vous nous rendiez visite pour un contr\u00f4le de [&hellip;]<\/p>\n","protected":false},"author":1,"featured_media":0,"parent":0,"menu_order":0,"comment_status":"closed","ping_status":"closed","template":"","meta":{"fiyat":"","metin":"","footnotes":""},"class_list":["post-3070","page","type-page","status-publish","hentry"],"_links":{"self":[{"href":"https:\/\/www.point.clinic\/fr\/wp-json\/wp\/v2\/pages\/3070","targetHints":{"allow":["GET"]}}],"collection":[{"href":"https:\/\/www.point.clinic\/fr\/wp-json\/wp\/v2\/pages"}],"about":[{"href":"https:\/\/www.point.clinic\/fr\/wp-json\/wp\/v2\/types\/page"}],"author":[{"embeddable":true,"href":"https:\/\/www.point.clinic\/fr\/wp-json\/wp\/v2\/users\/1"}],"replies":[{"embeddable":true,"href":"https:\/\/www.point.clinic\/fr\/wp-json\/wp\/v2\/comments?post=3070"}],"version-history":[{"count":3,"href":"https:\/\/www.point.clinic\/fr\/wp-json\/wp\/v2\/pages\/3070\/revisions"}],"predecessor-version":[{"id":3177,"href":"https:\/\/www.point.clinic\/fr\/wp-json\/wp\/v2\/pages\/3070\/revisions\/3177"}],"wp:attachment":[{"href":"https:\/\/www.point.clinic\/fr\/wp-json\/wp\/v2\/media?parent=3070"}],"curies":[{"name":"wp","href":"https:\/\/api.w.org\/{rel}","templated":true}]}}