{"id":3260,"date":"2025-02-19T13:40:57","date_gmt":"2025-02-19T10:40:57","guid":{"rendered":"https:\/\/www.point.clinic\/?page_id=3260"},"modified":"2026-03-27T23:30:36","modified_gmt":"2026-03-27T20:30:36","slug":"nos-marques-partenaires","status":"publish","type":"page","link":"https:\/\/www.point.clinic\/fr\/nos-marques-partenaires\/","title":{"rendered":"Nos Marques Partenaires"},"content":{"rendered":"\n<div class=\"wp-block-group is-layout-grid wp-container-core-group-is-layout-2994b392 wp-block-group-is-layout-grid\">\n<div class=\"wp-block-group has-border-color has-black-transparent-1-background-color has-background is-vertical is-layout-flex wp-container-core-group-is-layout-c05b2337 wp-block-group-is-layout-flex\" style=\"border-color:rgba(0, 0, 0, .06);border-width:1px;border-radius:5px;padding-top:var(--wp--preset--spacing--50);padding-right:var(--wp--preset--spacing--50);padding-bottom:var(--wp--preset--spacing--50);padding-left:var(--wp--preset--spacing--50)\">\n<figure class=\"wp-block-image size-full\"><img width=\"700\" height=\"300\" data-safirlazy=\"true\" src=https:\/\/www.point.clinic\/wp-content\/themes\/neo\/assets\/images\/noimage.svg data-src=\"https:\/\/www.point.clinic\/wp-content\/uploads\/3shape.webp\" alt=\"\" class=\"wp-image-1588\" style=\"aspect-ratio:3\/1;object-fit:cover\" srcset=\"https:\/\/www.point.clinic\/wp-content\/uploads\/3shape.webp 700w, https:\/\/www.point.clinic\/wp-content\/uploads\/3shape-300x129.webp 300w\" sizes=\"(max-width: 700px) 100vw, 700px\" \/><\/figure>\n<\/div>\n\n\n\n<div class=\"wp-block-group has-border-color has-black-transparent-1-background-color has-background is-vertical is-layout-flex wp-container-core-group-is-layout-c05b2337 wp-block-group-is-layout-flex\" style=\"border-color:rgba(0, 0, 0, .06);border-width:1px;border-radius:5px;padding-top:var(--wp--preset--spacing--50);padding-right:var(--wp--preset--spacing--50);padding-bottom:var(--wp--preset--spacing--50);padding-left:var(--wp--preset--spacing--50)\">\n<figure class=\"wp-block-image size-full\"><img width=\"700\" height=\"300\" data-safirlazy=\"true\" src=https:\/\/www.point.clinic\/wp-content\/themes\/neo\/assets\/images\/noimage.svg data-src=\"https:\/\/www.point.clinic\/wp-content\/uploads\/nobelbiocare.webp\" alt=\"\" class=\"wp-image-1563\" style=\"aspect-ratio:3\/1;object-fit:cover\" srcset=\"https:\/\/www.point.clinic\/wp-content\/uploads\/nobelbiocare.webp 700w, https:\/\/www.point.clinic\/wp-content\/uploads\/nobelbiocare-300x129.webp 300w\" sizes=\"(max-width: 700px) 100vw, 700px\" \/><\/figure>\n<\/div>\n\n\n\n<div class=\"wp-block-group has-border-color has-black-transparent-1-background-color has-background is-vertical is-layout-flex wp-container-core-group-is-layout-c05b2337 wp-block-group-is-layout-flex\" style=\"border-color:rgba(0, 0, 0, .06);border-width:1px;border-radius:5px;padding-top:var(--wp--preset--spacing--50);padding-right:var(--wp--preset--spacing--50);padding-bottom:var(--wp--preset--spacing--50);padding-left:var(--wp--preset--spacing--50)\">\n<figure class=\"wp-block-image size-full\"><img width=\"700\" height=\"300\" data-safirlazy=\"true\" src=https:\/\/www.point.clinic\/wp-content\/themes\/neo\/assets\/images\/noimage.svg data-src=\"https:\/\/www.point.clinic\/wp-content\/uploads\/ivoclar.webp\" alt=\"\" class=\"wp-image-1561\" style=\"aspect-ratio:3\/1;object-fit:cover\" srcset=\"https:\/\/www.point.clinic\/wp-content\/uploads\/ivoclar.webp 700w, https:\/\/www.point.clinic\/wp-content\/uploads\/ivoclar-300x129.webp 300w\" sizes=\"(max-width: 700px) 100vw, 700px\" \/><\/figure>\n<\/div>\n\n\n\n<div class=\"wp-block-group has-border-color has-black-transparent-1-background-color has-background is-vertical is-layout-flex wp-container-core-group-is-layout-c05b2337 wp-block-group-is-layout-flex\" style=\"border-color:rgba(0, 0, 0, .06);border-width:1px;border-radius:5px;padding-top:var(--wp--preset--spacing--50);padding-right:var(--wp--preset--spacing--50);padding-bottom:var(--wp--preset--spacing--50);padding-left:var(--wp--preset--spacing--50)\">\n<figure class=\"wp-block-image size-full\"><img width=\"700\" height=\"300\" data-safirlazy=\"true\" src=https:\/\/www.point.clinic\/wp-content\/themes\/neo\/assets\/images\/noimage.svg data-src=\"https:\/\/www.point.clinic\/wp-content\/uploads\/genoray.png\" alt=\"\" class=\"wp-image-1560\" style=\"aspect-ratio:3\/1;object-fit:cover\" srcset=\"https:\/\/www.point.clinic\/wp-content\/uploads\/genoray.png 700w, https:\/\/www.point.clinic\/wp-content\/uploads\/genoray-300x129.png 300w\" sizes=\"(max-width: 700px) 100vw, 700px\" \/><\/figure>\n<\/div>\n\n\n\n<div class=\"wp-block-group has-border-color has-black-transparent-1-background-color has-background is-vertical is-layout-flex wp-container-core-group-is-layout-c05b2337 wp-block-group-is-layout-flex\" style=\"border-color:rgba(0, 0, 0, .06);border-width:1px;border-radius:5px;padding-top:var(--wp--preset--spacing--50);padding-right:var(--wp--preset--spacing--50);padding-bottom:var(--wp--preset--spacing--50);padding-left:var(--wp--preset--spacing--50)\">\n<figure class=\"wp-block-image size-full\"><img width=\"700\" height=\"300\" data-safirlazy=\"true\" src=https:\/\/www.point.clinic\/wp-content\/themes\/neo\/assets\/images\/noimage.svg data-src=\"https:\/\/www.point.clinic\/wp-content\/uploads\/dentsplysirona.png\" alt=\"\" class=\"wp-image-1559\" style=\"aspect-ratio:3\/1;object-fit:cover\" srcset=\"https:\/\/www.point.clinic\/wp-content\/uploads\/dentsplysirona.png 700w, https:\/\/www.point.clinic\/wp-content\/uploads\/dentsplysirona-300x129.png 300w\" sizes=\"(max-width: 700px) 100vw, 700px\" \/><\/figure>\n<\/div>\n\n\n\n<div class=\"wp-block-group has-border-color has-black-transparent-1-background-color has-background is-vertical is-layout-flex wp-container-core-group-is-layout-c05b2337 wp-block-group-is-layout-flex\" style=\"border-color:rgba(0, 0, 0, .06);border-width:1px;border-radius:5px;padding-top:var(--wp--preset--spacing--50);padding-right:var(--wp--preset--spacing--50);padding-bottom:var(--wp--preset--spacing--50);padding-left:var(--wp--preset--spacing--50)\">\n<figure class=\"wp-block-image size-full\"><img width=\"700\" height=\"300\" data-safirlazy=\"true\" src=https:\/\/www.point.clinic\/wp-content\/themes\/neo\/assets\/images\/noimage.svg data-src=\"https:\/\/www.point.clinic\/wp-content\/uploads\/straumann.png\" alt=\"\" class=\"wp-image-1552\" style=\"aspect-ratio:3\/1;object-fit:cover\" srcset=\"https:\/\/www.point.clinic\/wp-content\/uploads\/straumann.png 700w, https:\/\/www.point.clinic\/wp-content\/uploads\/straumann-300x129.png 300w\" sizes=\"(max-width: 700px) 100vw, 700px\" \/><\/figure>\n<\/div>\n\n\n\n<div class=\"wp-block-group has-border-color has-black-transparent-1-background-color has-background is-vertical is-layout-flex wp-container-core-group-is-layout-c05b2337 wp-block-group-is-layout-flex\" style=\"border-color:rgba(0, 0, 0, .06);border-width:1px;border-radius:5px;padding-top:var(--wp--preset--spacing--50);padding-right:var(--wp--preset--spacing--50);padding-bottom:var(--wp--preset--spacing--50);padding-left:var(--wp--preset--spacing--50)\">\n<figure class=\"wp-block-image size-full\"><img width=\"700\" height=\"300\" data-safirlazy=\"true\" src=https:\/\/www.point.clinic\/wp-content\/themes\/neo\/assets\/images\/noimage.svg data-src=\"https:\/\/www.point.clinic\/wp-content\/uploads\/neodent.webp\" alt=\"\" class=\"wp-image-1553\" style=\"aspect-ratio:3\/1;object-fit:cover\" srcset=\"https:\/\/www.point.clinic\/wp-content\/uploads\/neodent.webp 700w, https:\/\/www.point.clinic\/wp-content\/uploads\/neodent-300x129.webp 300w\" sizes=\"(max-width: 700px) 100vw, 700px\" \/><\/figure>\n<\/div>\n\n\n\n<div class=\"wp-block-group has-border-color has-black-transparent-1-background-color has-background is-vertical is-layout-flex wp-container-core-group-is-layout-c05b2337 wp-block-group-is-layout-flex\" style=\"border-color:rgba(0, 0, 0, .06);border-width:1px;border-radius:5px;padding-top:var(--wp--preset--spacing--50);padding-right:var(--wp--preset--spacing--50);padding-bottom:var(--wp--preset--spacing--50);padding-left:var(--wp--preset--spacing--50)\">\n<figure class=\"wp-block-image size-full\"><img width=\"700\" height=\"300\" data-safirlazy=\"true\" src=https:\/\/www.point.clinic\/wp-content\/themes\/neo\/assets\/images\/noimage.svg data-src=\"https:\/\/www.point.clinic\/wp-content\/uploads\/megagen.webp\" alt=\"\" class=\"wp-image-1562\" style=\"aspect-ratio:3\/1;object-fit:cover\" srcset=\"https:\/\/www.point.clinic\/wp-content\/uploads\/megagen.webp 700w, https:\/\/www.point.clinic\/wp-content\/uploads\/megagen-300x129.webp 300w\" sizes=\"(max-width: 700px) 100vw, 700px\" \/><\/figure>\n<\/div>\n\n\n\n<div class=\"wp-block-group has-border-color has-black-transparent-1-background-color has-background is-vertical is-layout-flex wp-container-core-group-is-layout-c05b2337 wp-block-group-is-layout-flex\" style=\"border-color:rgba(0, 0, 0, .06);border-width:1px;border-radius:5px;padding-top:var(--wp--preset--spacing--50);padding-right:var(--wp--preset--spacing--50);padding-bottom:var(--wp--preset--spacing--50);padding-left:var(--wp--preset--spacing--50)\">\n<figure class=\"wp-block-image size-full\"><img width=\"700\" height=\"300\" data-safirlazy=\"true\" src=https:\/\/www.point.clinic\/wp-content\/themes\/neo\/assets\/images\/noimage.svg data-src=\"https:\/\/www.point.clinic\/wp-content\/uploads\/bego.webp\" alt=\"\" class=\"wp-image-1554\" style=\"aspect-ratio:3\/1;object-fit:cover\" srcset=\"https:\/\/www.point.clinic\/wp-content\/uploads\/bego.webp 700w, https:\/\/www.point.clinic\/wp-content\/uploads\/bego-300x129.webp 300w\" sizes=\"(max-width: 700px) 100vw, 700px\" \/><\/figure>\n<\/div>\n\n\n\n<div class=\"wp-block-group has-border-color has-black-transparent-1-background-color has-background is-vertical is-layout-flex wp-container-core-group-is-layout-c05b2337 wp-block-group-is-layout-flex\" style=\"border-color:rgba(0, 0, 0, .06);border-width:1px;border-radius:5px;padding-top:var(--wp--preset--spacing--50);padding-right:var(--wp--preset--spacing--50);padding-bottom:var(--wp--preset--spacing--50);padding-left:var(--wp--preset--spacing--50)\">\n<figure class=\"wp-block-image size-full\"><img width=\"700\" height=\"300\" data-safirlazy=\"true\" src=https:\/\/www.point.clinic\/wp-content\/themes\/neo\/assets\/images\/noimage.svg data-src=\"https:\/\/www.point.clinic\/wp-content\/uploads\/osstem.png\" alt=\"\" class=\"wp-image-1555\" style=\"aspect-ratio:3\/1;object-fit:cover\" srcset=\"https:\/\/www.point.clinic\/wp-content\/uploads\/osstem.png 700w, https:\/\/www.point.clinic\/wp-content\/uploads\/osstem-300x129.png 300w\" sizes=\"(max-width: 700px) 100vw, 700px\" \/><\/figure>\n<\/div>\n\n\n\n<div class=\"wp-block-group has-border-color has-black-transparent-1-background-color has-background is-vertical is-layout-flex wp-container-core-group-is-layout-c05b2337 wp-block-group-is-layout-flex\" style=\"border-color:rgba(0, 0, 0, .06);border-width:1px;border-radius:5px;padding-top:var(--wp--preset--spacing--50);padding-right:var(--wp--preset--spacing--50);padding-bottom:var(--wp--preset--spacing--50);padding-left:var(--wp--preset--spacing--50)\">\n<figure class=\"wp-block-image size-full\"><img width=\"700\" height=\"300\" data-safirlazy=\"true\" src=https:\/\/www.point.clinic\/wp-content\/themes\/neo\/assets\/images\/noimage.svg data-src=\"https:\/\/www.point.clinic\/wp-content\/uploads\/hiossen.png\" alt=\"\" class=\"wp-image-1556\" style=\"aspect-ratio:3\/1;object-fit:cover\" srcset=\"https:\/\/www.point.clinic\/wp-content\/uploads\/hiossen.png 700w, https:\/\/www.point.clinic\/wp-content\/uploads\/hiossen-300x129.png 300w\" sizes=\"(max-width: 700px) 100vw, 700px\" \/><\/figure>\n<\/div>\n\n\n\n<div class=\"wp-block-group has-border-color has-black-transparent-1-background-color has-background is-vertical is-layout-flex wp-container-core-group-is-layout-c05b2337 wp-block-group-is-layout-flex\" style=\"border-color:rgba(0, 0, 0, .06);border-width:1px;border-radius:5px;padding-top:var(--wp--preset--spacing--50);padding-right:var(--wp--preset--spacing--50);padding-bottom:var(--wp--preset--spacing--50);padding-left:var(--wp--preset--spacing--50)\">\n<figure class=\"wp-block-image size-full\"><img width=\"700\" height=\"300\" data-safirlazy=\"true\" src=https:\/\/www.point.clinic\/wp-content\/themes\/neo\/assets\/images\/noimage.svg data-src=\"https:\/\/www.point.clinic\/wp-content\/uploads\/medigma.webp\" alt=\"\" class=\"wp-image-1557\" style=\"aspect-ratio:3\/1;object-fit:cover\" srcset=\"https:\/\/www.point.clinic\/wp-content\/uploads\/medigma.webp 700w, https:\/\/www.point.clinic\/wp-content\/uploads\/medigma-300x129.webp 300w\" sizes=\"(max-width: 700px) 100vw, 700px\" \/><\/figure>\n<\/div>\n<\/div>\n\n\n\n<p>Dans notre Centre, nous sommes convaincus que des soins dentaires de haute qualit\u00e9 commencent par les marques les plus fiables au monde. En collaborant avec des leaders de l&rsquo;industrie tels que <strong>Straumann<\/strong>, <strong>Nobel Biocare<\/strong> et <strong>Dentsply Sirona<\/strong>, nous garantissons que chaque implant et solution proth\u00e9tique que nous proposons r\u00e9pond aux normes internationales les plus strictes. Ces marques sont reconnues mondialement pour leur durabilit\u00e9, leur biocompatibilit\u00e9 et leurs taux de r\u00e9ussite \u00e0 long terme, offrant ainsi \u00e0 nos patients internationaux la tranquillit\u00e9 d&rsquo;esprit qu&rsquo;ils m\u00e9ritent tout au long de leur parcours de sant\u00e9.<\/p>\n\n\n\n<p>Nous ne nous contentons pas d&rsquo;offrir un traitement ; nous offrons une confiance \u00e0 vie. L&rsquo;utilisation des technologies de pointe de <strong>Genoray<\/strong> et <strong>MegaGen<\/strong> nous permet de fournir des diagnostics pr\u00e9cis et des plans de soins personnalis\u00e9s, adapt\u00e9s \u00e0 vos besoins uniques. Notre engagement \u00e0 utiliser des mat\u00e9riaux premium d&rsquo;<strong>Ivoclar<\/strong> et <strong>Bego<\/strong> signifie que votre nouveau sourire aura non seulement un aspect naturel, mais qu&rsquo;il r\u00e9sistera \u00e9galement \u00e0 l&rsquo;\u00e9preuve du temps, peu importe o\u00f9 vous vivez dans le monde.<\/p>\n\n\n<div style=\"color:var(--wp--preset--color--main);\" class=\"wp-block-safirtema-mainheading has-text-color\">\n\t<div class=\"singleHeading\">\n\t\t<div class=\"inner\">\n\t\t\t<span class=\"safiricon icon\"><svg class=\"safiricon-destek\"><use href=\"#safiricon-destek\"><\/use><\/svg><\/span>\t\t\t<div class=\"text\">R\u00e9servez Votre Consultation En Ligne Gratuite<\/div>\n\t\t<\/div>\n\t<\/div>\n<\/div>\n\n\n\n<div class=\"wpcf7 no-js\" id=\"wpcf7-f2440-o1\" lang=\"fr-FR\" dir=\"ltr\" data-wpcf7-id=\"2440\">\n<div class=\"screen-reader-response\"><p role=\"status\" aria-live=\"polite\" aria-atomic=\"true\"><\/p> <ul><\/ul><\/div>\n<form action=\"\/fr\/wp-json\/wp\/v2\/pages\/3260#wpcf7-f2440-o1\" method=\"post\" class=\"wpcf7-form init\" aria-label=\"Formulaire de contact\" novalidate=\"novalidate\" data-status=\"init\">\n<fieldset class=\"hidden-fields-container\"><input type=\"hidden\" name=\"_wpcf7\" value=\"2440\" \/><input type=\"hidden\" name=\"_wpcf7_version\" value=\"6.1.5\" \/><input type=\"hidden\" name=\"_wpcf7_locale\" value=\"fr_FR\" \/><input type=\"hidden\" name=\"_wpcf7_unit_tag\" value=\"wpcf7-f2440-o1\" \/><input type=\"hidden\" name=\"_wpcf7_container_post\" value=\"0\" \/><input type=\"hidden\" name=\"_wpcf7_posted_data_hash\" value=\"\" \/>\n<\/fieldset>\n<div class=\"safirForm\">\n\t<div class=\"safirLeft\">\n\t\t<p class=\"safiricon kurumsal\"><span class=\"wpcf7-form-control-wrap\" data-name=\"adsoyad\"><input size=\"40\" maxlength=\"400\" class=\"wpcf7-form-control wpcf7-text wpcf7-validates-as-required\" aria-required=\"true\" aria-invalid=\"false\" placeholder=\"Nom complet\" value=\"\" type=\"text\" name=\"adsoyad\" \/><\/span>\n\t\t<\/p>\n\t\t<p class=\"safiricon email\"><span class=\"wpcf7-form-control-wrap\" data-name=\"email\"><input size=\"40\" maxlength=\"400\" class=\"wpcf7-form-control wpcf7-email wpcf7-validates-as-required wpcf7-text wpcf7-validates-as-email\" aria-required=\"true\" aria-invalid=\"false\" placeholder=\"Adresse e-mail\" value=\"\" type=\"email\" name=\"email\" \/><\/span>\n\t\t<\/p>\n\t\t<p class=\"safiricon telefon\"><br \/>\n<span class=\"wpcf7-form-control-wrap\" data-name=\"telefon\"><input size=\"40\" class=\"wpcf7-form-control wpcf7-phonetext wpcf7-text wpcf7-validates-as-phonetext\" aria-invalid=\"false\" value=\"\" type=\"text\" name=\"telefon\" \/><input type=\"hidden\" name=\"telefon-country-code\" class=\"wpcf7-phonetext-country-code\" \/><\/span>\n\t\t<\/p>\n\t\t<p class=\"safiricon liste\"><span class=\"wpcf7-form-control-wrap\" data-name=\"konu\"><input size=\"40\" maxlength=\"400\" class=\"wpcf7-form-control wpcf7-text wpcf7-validates-as-required\" aria-required=\"true\" aria-invalid=\"false\" placeholder=\"Objet\" value=\"\" type=\"text\" name=\"konu\" \/><\/span>\n\t\t<\/p>\n\t<\/div>\n\t<div class=\"safirRight\">\n\t\t<p class=\"safiricon alinti\"><span class=\"wpcf7-form-control-wrap\" data-name=\"mesaj\"><textarea cols=\"40\" rows=\"10\" maxlength=\"2000\" class=\"wpcf7-form-control wpcf7-textarea\" aria-invalid=\"false\" placeholder=\"Votre message\" name=\"mesaj\"><\/textarea><\/span>\n\t\t<\/p>\n\t\t<div class=\"onay-alani\">\n\t\t\t<p><span class=\"wpcf7-form-control-wrap\" data-name=\"acceptance-privacy\"><span class=\"wpcf7-form-control wpcf7-acceptance\"><span class=\"wpcf7-list-item\"><label><input type=\"checkbox\" name=\"acceptance-privacy\" value=\"1\" aria-invalid=\"false\" \/><span class=\"wpcf7-list-item-label\">J\u2019accepte la <a href=\"https:\/\/www.point.clinic\/privacy-policy\/\">politique de confidentialit\u00e9<\/a><\/span><\/label><\/span><\/span><\/span><br \/>\n<span class=\"wpcf7-form-control-wrap\" data-name=\"acceptance-data\"><span class=\"wpcf7-form-control wpcf7-acceptance\"><span class=\"wpcf7-list-item\"><label><input type=\"checkbox\" name=\"acceptance-data\" value=\"1\" aria-invalid=\"false\" \/><span class=\"wpcf7-list-item-label\">J\u2019accepte la protection et le traitement de mes donn\u00e9es.<\/span><\/label><\/span><\/span><\/span>\n\t\t\t<\/p>\n\t\t<\/div>\n\t\t<p><input class=\"wpcf7-form-control wpcf7-submit has-spinner safirButton\" type=\"submit\" value=\"ENVOYER LE MESSAGE\" \/>\n\t\t<\/p>\n\t<\/div>\n<\/div><div class=\"wpcf7-response-output\" aria-hidden=\"true\"><\/div>\n<\/form>\n<\/div>\n\n","protected":false},"excerpt":{"rendered":"<p>Dans notre Centre, nous sommes convaincus que des soins dentaires de haute qualit\u00e9 commencent par les marques les plus fiables au monde. En collaborant avec des leaders de l&rsquo;industrie tels que Straumann, Nobel Biocare et Dentsply Sirona, nous garantissons que chaque implant et solution proth\u00e9tique que nous proposons r\u00e9pond aux normes internationales les plus strictes. [&hellip;]<\/p>\n","protected":false},"author":1,"featured_media":0,"parent":0,"menu_order":0,"comment_status":"closed","ping_status":"closed","template":"","meta":{"fiyat":"","metin":"","footnotes":""},"class_list":["post-3260","page","type-page","status-publish","hentry"],"_links":{"self":[{"href":"https:\/\/www.point.clinic\/fr\/wp-json\/wp\/v2\/pages\/3260","targetHints":{"allow":["GET"]}}],"collection":[{"href":"https:\/\/www.point.clinic\/fr\/wp-json\/wp\/v2\/pages"}],"about":[{"href":"https:\/\/www.point.clinic\/fr\/wp-json\/wp\/v2\/types\/page"}],"author":[{"embeddable":true,"href":"https:\/\/www.point.clinic\/fr\/wp-json\/wp\/v2\/users\/1"}],"replies":[{"embeddable":true,"href":"https:\/\/www.point.clinic\/fr\/wp-json\/wp\/v2\/comments?post=3260"}],"version-history":[{"count":1,"href":"https:\/\/www.point.clinic\/fr\/wp-json\/wp\/v2\/pages\/3260\/revisions"}],"predecessor-version":[{"id":3261,"href":"https:\/\/www.point.clinic\/fr\/wp-json\/wp\/v2\/pages\/3260\/revisions\/3261"}],"wp:attachment":[{"href":"https:\/\/www.point.clinic\/fr\/wp-json\/wp\/v2\/media?parent=3260"}],"curies":[{"name":"wp","href":"https:\/\/api.w.org\/{rel}","templated":true}]}}