{"id":3074,"date":"2025-02-03T14:13:53","date_gmt":"2025-02-03T11:13:53","guid":{"rendered":"https:\/\/www.point.clinic\/?page_id=3074"},"modified":"2026-03-27T23:09:48","modified_gmt":"2026-03-27T20:09:48","slug":"dentysci","status":"publish","type":"page","link":"https:\/\/www.point.clinic\/pl\/dentysci\/","title":{"rendered":"Denty\u015bci"},"content":{"rendered":"\n<p>W <strong>Point Clinic<\/strong> wierzymy, \u017ce \u015bwiatowej klasy u\u015bmiech zaczyna si\u0119 od \u015bwiatowej klasy wiedzy. Jako wiod\u0105ca <strong>klinika stomatologiczna w Stambule<\/strong>, stworzyli\u015bmy zesp\u00f3\u0142 wysoko wykwalifikowanych lekarzy, kt\u00f3rzy \u0142\u0105cz\u0105 doskona\u0142o\u015b\u0107 akademick\u0105 z wieloletnim do\u015bwiadczeniem klinicznym.<\/p>\n\n\n\n<p>Niezale\u017cnie od tego, czy odwiedzasz nas na rutynow\u0105 kontrol\u0119, czy podr\u00f3\u017cujesz w ramach <strong>turystyki stomatologicznej do Turcji<\/strong>, nasi specjali\u015bci s\u0105 oddani dostarczaniu spersonalizowanych rozwi\u0105za\u0144 dostosowanych do Twoich unikalnych potrzeb.<\/p>\n\n\n\n<h3 class=\"wp-block-heading\">Dlaczego warto wybra\u0107 nasz zesp\u00f3\u0142 medyczny?<\/h3>\n\n\n\n<p>Nasi lekarze to nie tylko denty\u015bci; to arty\u015bci zdrowia jamy ustnej. Wybieraj\u0105c Point Clinic, zyskujesz:<\/p>\n\n\n\n<ul class=\"wp-block-list\">\n<li><strong>Multidyscyplinarn\u0105 wiedz\u0119:<\/strong> Od stomatologii zachowawczej po z\u0142o\u017con\u0105 chirurgi\u0119 szcz\u0119kowo-twarzow\u0105 \u2013 nasz zesp\u00f3\u0142 zapewnia pe\u0142en zakres opieki pod jednym dachem.<\/li>\n\n\n\n<li><strong>Mi\u0119dzynarodowe standardy:<\/strong> Nasi chirurdzy i stomatolodzy estetyczni s\u0105 cz\u0142onkami presti\u017cowych \u015bwiatowych stowarzysze\u0144 dentystycznych, co gwarantuje, \u017ce Twoje leczenie spe\u0142nia najwy\u017csze globalne normy.<\/li>\n\n\n\n<li><strong>Najnowocze\u015bniejsz\u0105 technologi\u0119:<\/strong> Wyposa\u017camy naszych ekspert\u00f3w w najnowsze skanery cyfrowe i technologie obrazowania 3D, aby zapewni\u0107 precyzj\u0119 podczas ka\u017cdego zabiegu.<\/li>\n<\/ul>\n\n\n\n<h3 class=\"wp-block-heading\">Nasze obszary specjalizacji<\/h3>\n\n\n\n<p>Nasza klinika zrzesza ekspert\u00f3w z r\u00f3\u017cnych dziedzin, co sprawia, \u017ce Twoja podr\u00f3\u017c w ramach <strong>turystyki stomatologicznej w Stambule<\/strong> jest bezproblemowa i satysfakcjonuj\u0105ca:<\/p>\n\n\n\n<ol start=\"1\" class=\"wp-block-list\">\n<li><strong>Implantologia i chirurgia stomatologiczna:<\/strong> Eksperci w trwa\u0142ym uzupe\u0142nianiu brak\u00f3w z\u0119bowych przy u\u017cyciu najlepszych \u015bwiatowych marek implant\u00f3w.<\/li>\n\n\n\n<li><strong>Stomatologia estetyczna:<\/strong> Specjali\u015bci od \u201eHollywood Smile\u201d, lic\u00f3wek porcelanowych i profesjonalnego wybielania.<\/li>\n\n\n\n<li><strong>Ortodoncja:<\/strong> Nowoczesne rozwi\u0105zania prostowania z\u0119b\u00f3w, w tym dyskretne systemy nak\u0142adkowe (alignery).<\/li>\n\n\n\n<li><strong>Periodontologia:<\/strong> Skupienie na zdrowiu dzi\u0105se\u0142 i fundamentach Twojego u\u015bmiechu.<\/li>\n<\/ol>\n\n\n\n<h3 class=\"wp-block-heading\">Przejrzyste ceny i opieka zorientowana na pacjenta<\/h3>\n\n\n\n<p>Rozumiemy, \u017ce leczenie stomatologiczne za granic\u0105 wymaga starannego planowania. W Point Clinic szczycimy si\u0119 nasz\u0105 <strong>polityk\u0105 rzetelnych i wra\u017cliwych cen<\/strong>. Zobowi\u0105zujemy si\u0119 do zapewnienia \u201eopieki premium bez luksusowej mar\u017cy\u201d.<\/p>\n\n\n\n<ul class=\"wp-block-list\">\n<li><strong>Brak ukrytych koszt\u00f3w:<\/strong> Otrzymasz kompleksowy plan leczenia ze sta\u0142ymi cenami w funtach brytyjskich (\u00a3) lub euro (\u20ac), zanim jeszcze wejdziesz na pok\u0142ad samolotu.<\/li>\n\n\n\n<li><strong>Warto\u015b\u0107 i doskona\u0142o\u015b\u0107:<\/strong> Wybieraj\u0105c <strong>klinik\u0119 dentystyczn\u0105 w Turcji<\/strong>, mo\u017cesz zaoszcz\u0119dzi\u0107 znaczn\u0105 cz\u0119\u015b\u0107 koszt\u00f3w w por\u00f3wnaniu z prywatnym leczeniem w Europie Zachodniej, nie rezygnuj\u0105c przy tym z jako\u015bci materia\u0142\u00f3w ani umiej\u0119tno\u015bci klinicznych.<\/li>\n<\/ul>\n\n\n\n<blockquote class=\"wp-block-quote is-layout-flow wp-block-quote-is-layout-flow\">\n<p><strong>Nasza obietnica:<\/strong> Tw\u00f3j komfort i zaufanie s\u0105 naszym priorytetem. Nie leczymy tylko z\u0119b\u00f3w; dbamy o ludzi.<\/p>\n\n\n\n<div class=\"wp-block-group has-global-padding is-layout-constrained wp-block-group-is-layout-constrained\">\n<div class=\"wp-block-group is-content-justification-space-between is-nowrap is-layout-flex wp-container-core-group-is-layout-d7c818fd wp-block-group-is-layout-flex\">\n<div class=\"wp-block-group is-nowrap is-layout-flex wp-container-core-group-is-layout-f1189ed3 wp-block-group-is-layout-flex\"><div class=\"safirIconContainer left wp-elements-e72f6fdafa19cc01b03a5fd5a80c0afe\">\n\t<div  style=\"--size:25px;--hover-text-color:; --hover-bg-color:;\" class=\"is-style-radius wp-elements-e72f6fdafa19cc01b03a5fd5a80c0afe wp-block-safirtema-safiricon has-text-color has-main-color has-background has-secondary-background-color\">\n\t\t<svg width=\"25px\" height=\"25px\" class=\"safiricon-kurumsal\">\n\t\t\t<use href=\"#safiricon-kurumsal\" \/>\n\t\t<\/svg>\n\t<\/div>\n<\/div>\n\n\n<h3 class=\"wp-block-heading has-text-align-center has-extra-large-font-size\">Zesp\u00f3\u0142 Medyczny<\/h3>\n<\/div>\n\n\n\n<div class=\"wp-block-group is-nowrap is-layout-flex wp-container-core-group-is-layout-93522cec wp-block-group-is-layout-flex\" style=\"margin-top:0;margin-bottom:0\"><div class=\"safirIconContainer left wp-elements-9ceabf807d169cac691e1537edfab5ee\">\n\t<a href=\"#prev\"  style=\"--size:20px;--hover-text-color:; --hover-bg-color:rgba(0, 0, 0, .06);\" class=\"has-background-hover  is-style-radius wp-elements-9ceabf807d169cac691e1537edfab5ee wp-block-safirtema-safiricon has-text-color has-main-color has-background has-black-transparent-1-background-color\">\n\t\t<svg width=\"20px\" height=\"20px\" class=\"safiricon-oksol\">\n\t\t\t<use href=\"#safiricon-oksol\" \/>\n\t\t<\/svg>\n\t<\/a>\n<\/div>\n\n<div class=\"safirIconContainer left wp-elements-949ddf91d74060db719ce612ee10c43c\">\n\t<a href=\"#next\"  style=\"--size:20px;--hover-text-color:; --hover-bg-color:rgba(0, 0, 0, .06);\" class=\"has-background-hover  is-style-radius wp-elements-949ddf91d74060db719ce612ee10c43c wp-block-safirtema-safiricon has-text-color has-main-color has-background has-black-transparent-1-background-color\">\n\t\t<svg width=\"20px\" height=\"20px\" class=\"safiricon-oksag\">\n\t\t\t<use href=\"#safiricon-oksag\" \/>\n\t\t<\/svg>\n\t<\/a>\n<\/div><\/div>\n<\/div>\n\n\n<div style=\"--numberDesktop: 4; --numberTablet: 3; --numberMobile: 2\" class=\"outside-dots element-arrows inner-arrows gallery-hover wp-block-safirtema-safircarousel\" data-numberdesktop=\"4\" data-numbertablet=\"3\" data-numbermobile=\"2\" data-time=\"5000\" data-dots=\"\" data-nav=\"\" data-autoplay=\"1\">\n\t<div class=\"carouselContainer\">\n\t\t<div class=\"owl-carousel\">\n\t\t\t\n\n<div class=\"wp-block-group has-global-padding is-layout-constrained wp-container-core-group-is-layout-19e250f3 wp-block-group-is-layout-constrained\">\n<div class=\"wp-block-group has-global-padding is-layout-constrained wp-block-group-is-layout-constrained\">\n<figure class=\"wp-block-image size-medium is-style-default\"><a href=\"https:\/\/www.point.clinic\/pl\/dentysci\/dr-erdogan-aydin\/\"><img width=\"300\" height=\"300\" data-safirlazy=\"true\" src=https:\/\/www.point.clinic\/wp-content\/themes\/neo\/assets\/images\/noimage.svg data-src=\"https:\/\/www.point.clinic\/wp-content\/uploads\/\/Doktor-Erdogan-Aydin-300x300.webp\" alt=\"Doktor Erdo\u011fan Ayd\u0131n\" class=\"wp-image-1508\" style=\"aspect-ratio:3\/4;object-fit:cover\" srcset=\"https:\/\/www.point.clinic\/wp-content\/uploads\/Doktor-Erdogan-Aydin-300x300.webp 300w, https:\/\/www.point.clinic\/wp-content\/uploads\/Doktor-Erdogan-Aydin-150x150.webp 150w, https:\/\/www.point.clinic\/wp-content\/uploads\/Doktor-Erdogan-Aydin-768x768.webp 768w, https:\/\/www.point.clinic\/wp-content\/uploads\/Doktor-Erdogan-Aydin.webp 1024w\" sizes=\"(max-width: 300px) 100vw, 300px\" \/><\/a><\/figure>\n<\/div>\n\n\n\n<div class=\"wp-block-group has-black-transparent-1-background-color has-background has-global-padding is-layout-constrained wp-container-core-group-is-layout-e46c98d8 wp-block-group-is-layout-constrained\" style=\"border-bottom-color:var(--wp--preset--color--black-transparent-1);border-bottom-width:1px;padding-top:var(--wp--preset--spacing--30);padding-right:var(--wp--preset--spacing--20);padding-bottom:var(--wp--preset--spacing--30);padding-left:var(--wp--preset--spacing--20)\">\n<h3 class=\"wp-block-heading has-text-align-center has-large-font-size\"><a href=\"https:\/\/www.point.clinic\/pl\/dentysci\/dr-erdogan-aydin\/\" data-type=\"page\" data-id=\"124\"><strong>Dr. Erdo\u011fan Ayd\u0131n<\/strong><\/a><\/h3>\n\n\n\n<p class=\"has-text-align-center has-black-transparent-5-color has-text-color has-link-color has-medium-font-size wp-elements-47d012a2bfe07bd9acc9b3ab2dc875ef\">Specjalista Stomatologii<\/p>\n<\/div>\n<\/div>\n\n\n\n<div class=\"wp-block-group has-global-padding is-layout-constrained wp-container-core-group-is-layout-19e250f3 wp-block-group-is-layout-constrained\">\n<div class=\"wp-block-group has-global-padding is-layout-constrained wp-block-group-is-layout-constrained\">\n<figure class=\"wp-block-image size-full\"><a href=\"https:\/\/www.point.clinic\/pl\/dentysci\/dr-adem-lamba\/\"><img width=\"1024\" height=\"1024\" data-safirlazy=\"true\" src=https:\/\/www.point.clinic\/wp-content\/themes\/neo\/assets\/images\/noimage.svg data-src=\"https:\/\/www.point.clinic\/wp-content\/uploads\/doktor-adem-lamba.webp\" alt=\"\" class=\"wp-image-1736\" style=\"aspect-ratio:3\/4;object-fit:cover\" srcset=\"https:\/\/www.point.clinic\/wp-content\/uploads\/doktor-adem-lamba.webp 1024w, https:\/\/www.point.clinic\/wp-content\/uploads\/doktor-adem-lamba-300x300.webp 300w, https:\/\/www.point.clinic\/wp-content\/uploads\/doktor-adem-lamba-150x150.webp 150w, https:\/\/www.point.clinic\/wp-content\/uploads\/doktor-adem-lamba-768x768.webp 768w\" sizes=\"(max-width: 1024px) 100vw, 1024px\" \/><\/a><\/figure>\n<\/div>\n\n\n\n<div class=\"wp-block-group has-black-transparent-1-background-color has-background has-global-padding is-layout-constrained wp-container-core-group-is-layout-e46c98d8 wp-block-group-is-layout-constrained\" style=\"border-bottom-color:var(--wp--preset--color--black-transparent-1);border-bottom-width:1px;padding-top:var(--wp--preset--spacing--30);padding-right:var(--wp--preset--spacing--20);padding-bottom:var(--wp--preset--spacing--30);padding-left:var(--wp--preset--spacing--20)\">\n<h3 class=\"wp-block-heading has-text-align-center has-large-font-size\"><a href=\"https:\/\/www.point.clinic\/pl\/dentysci\/dr-adem-lamba\/\"><strong>Adem Lamba<\/strong><\/a><\/h3>\n\n\n\n<p class=\"has-text-align-center has-black-transparent-5-color has-text-color has-link-color has-medium-font-size wp-elements-47d012a2bfe07bd9acc9b3ab2dc875ef\">Specjalista Stomatologii<\/p>\n<\/div>\n<\/div>\n\n\n\n<div class=\"wp-block-group has-global-padding is-layout-constrained wp-container-core-group-is-layout-19e250f3 wp-block-group-is-layout-constrained\">\n<div class=\"wp-block-group has-global-padding is-layout-constrained wp-block-group-is-layout-constrained\">\n<figure class=\"wp-block-image size-full\"><a href=\"https:\/\/www.point.clinic\/pl\/dentysci\/dr-haydar-ozel\/\"><img width=\"1024\" height=\"1024\" data-safirlazy=\"true\" src=https:\/\/www.point.clinic\/wp-content\/themes\/neo\/assets\/images\/noimage.svg data-src=\"https:\/\/www.point.clinic\/wp-content\/uploads\/dr-haydar-ozel.webp\" alt=\"\" class=\"wp-image-1740\" style=\"aspect-ratio:3\/4;object-fit:cover\" srcset=\"https:\/\/www.point.clinic\/wp-content\/uploads\/dr-haydar-ozel.webp 1024w, https:\/\/www.point.clinic\/wp-content\/uploads\/dr-haydar-ozel-300x300.webp 300w, https:\/\/www.point.clinic\/wp-content\/uploads\/dr-haydar-ozel-150x150.webp 150w, https:\/\/www.point.clinic\/wp-content\/uploads\/dr-haydar-ozel-768x768.webp 768w\" sizes=\"(max-width: 1024px) 100vw, 1024px\" \/><\/a><\/figure>\n<\/div>\n\n\n\n<div class=\"wp-block-group has-black-transparent-1-background-color has-background has-global-padding is-layout-constrained wp-container-core-group-is-layout-e46c98d8 wp-block-group-is-layout-constrained\" style=\"border-bottom-color:var(--wp--preset--color--black-transparent-1);border-bottom-width:1px;padding-top:var(--wp--preset--spacing--30);padding-right:var(--wp--preset--spacing--20);padding-bottom:var(--wp--preset--spacing--30);padding-left:var(--wp--preset--spacing--20)\">\n<h3 class=\"wp-block-heading has-text-align-center has-large-font-size\"><a href=\"https:\/\/www.point.clinic\/pl\/dentysci\/dr-haydar-ozel\/\" data-type=\"link\" data-id=\"https:\/\/www.point.clinic\/doctors\/dr-haydar-ozel\/\"><strong>Haydar \u00d6zel<\/strong><\/a><\/h3>\n\n\n\n<p class=\"has-text-align-center has-black-transparent-5-color has-text-color has-link-color has-medium-font-size wp-elements-5d5db1481ee7fcb7fa48132b85d99363\">Stomatolog Specjalista<\/p>\n<\/div>\n<\/div>\n\n\n\n<div class=\"wp-block-group has-global-padding is-layout-constrained wp-container-core-group-is-layout-19e250f3 wp-block-group-is-layout-constrained\">\n<div class=\"wp-block-group has-global-padding is-layout-constrained wp-block-group-is-layout-constrained\">\n<figure class=\"wp-block-image size-full\"><a href=\"https:\/\/www.point.clinic\/pl\/dentysci\/dr-ataberk-fidan\/\"><img width=\"1024\" height=\"1024\" data-safirlazy=\"true\" src=https:\/\/www.point.clinic\/wp-content\/themes\/neo\/assets\/images\/noimage.svg data-src=\"https:\/\/www.point.clinic\/wp-content\/uploads\/dr-ataberk-fidan.webp\" alt=\"\" class=\"wp-image-1743\" style=\"aspect-ratio:3\/4;object-fit:cover\" srcset=\"https:\/\/www.point.clinic\/wp-content\/uploads\/dr-ataberk-fidan.webp 1024w, https:\/\/www.point.clinic\/wp-content\/uploads\/dr-ataberk-fidan-300x300.webp 300w, https:\/\/www.point.clinic\/wp-content\/uploads\/dr-ataberk-fidan-150x150.webp 150w, https:\/\/www.point.clinic\/wp-content\/uploads\/dr-ataberk-fidan-768x768.webp 768w\" sizes=\"(max-width: 1024px) 100vw, 1024px\" \/><\/a><\/figure>\n<\/div>\n\n\n\n<div class=\"wp-block-group has-black-transparent-1-background-color has-background has-global-padding is-layout-constrained wp-container-core-group-is-layout-e46c98d8 wp-block-group-is-layout-constrained\" style=\"border-bottom-color:var(--wp--preset--color--black-transparent-1);border-bottom-width:1px;padding-top:var(--wp--preset--spacing--30);padding-right:var(--wp--preset--spacing--20);padding-bottom:var(--wp--preset--spacing--30);padding-left:var(--wp--preset--spacing--20)\">\n<h3 class=\"wp-block-heading has-text-align-center has-large-font-size\"><a href=\"https:\/\/www.point.clinic\/pl\/dentysci\/dr-ataberk-fidan\/\"><strong>Ataberk Fidan<\/strong><\/a><\/h3>\n\n\n\n<p class=\"has-text-align-center has-black-transparent-5-color has-text-color has-link-color has-medium-font-size wp-elements-06f65523d54c79063514ab9fa0c50da3\">Stomatologia Estetyczna<\/p>\n<\/div>\n<\/div>\n\n\n\n<div class=\"wp-block-group has-global-padding is-layout-constrained wp-container-core-group-is-layout-19e250f3 wp-block-group-is-layout-constrained\">\n<div class=\"wp-block-group has-global-padding is-layout-constrained wp-block-group-is-layout-constrained\">\n<figure class=\"wp-block-image size-full\"><a href=\"https:\/\/www.point.clinic\/pl\/dentysci\/dr-mustafa-tunc\/\"><img width=\"1024\" height=\"1024\" data-safirlazy=\"true\" src=https:\/\/www.point.clinic\/wp-content\/themes\/neo\/assets\/images\/noimage.svg data-src=\"https:\/\/www.point.clinic\/wp-content\/uploads\/dr-mustafa-tunc.webp\" alt=\"\" class=\"wp-image-1746\" style=\"aspect-ratio:3\/4;object-fit:cover\" srcset=\"https:\/\/www.point.clinic\/wp-content\/uploads\/dr-mustafa-tunc.webp 1024w, https:\/\/www.point.clinic\/wp-content\/uploads\/dr-mustafa-tunc-300x300.webp 300w, https:\/\/www.point.clinic\/wp-content\/uploads\/dr-mustafa-tunc-150x150.webp 150w, https:\/\/www.point.clinic\/wp-content\/uploads\/dr-mustafa-tunc-768x768.webp 768w\" sizes=\"(max-width: 1024px) 100vw, 1024px\" \/><\/a><\/figure>\n<\/div>\n\n\n\n<div class=\"wp-block-group has-black-transparent-1-background-color has-background has-global-padding is-layout-constrained wp-container-core-group-is-layout-e46c98d8 wp-block-group-is-layout-constrained\" style=\"border-bottom-color:var(--wp--preset--color--black-transparent-1);border-bottom-width:1px;padding-top:var(--wp--preset--spacing--30);padding-right:var(--wp--preset--spacing--20);padding-bottom:var(--wp--preset--spacing--30);padding-left:var(--wp--preset--spacing--20)\">\n<h3 class=\"wp-block-heading has-text-align-center has-large-font-size\"><a href=\"https:\/\/www.point.clinic\/pl\/dentysci\/dr-mustafa-tunc\/\"><strong>Mustafa Tun\u00e7<\/strong><\/a><\/h3>\n\n\n\n<p class=\"has-text-align-center has-black-transparent-5-color has-text-color has-link-color has-medium-font-size wp-elements-47d012a2bfe07bd9acc9b3ab2dc875ef\">Specjalista Stomatologii<\/p>\n<\/div>\n<\/div>\n\n\t\t<\/div>\n\t<\/div>\n<\/div><\/div>\n<\/blockquote>\n","protected":false},"excerpt":{"rendered":"<p>W Point Clinic wierzymy, \u017ce \u015bwiatowej klasy u\u015bmiech zaczyna si\u0119 od \u015bwiatowej klasy wiedzy. Jako wiod\u0105ca klinika stomatologiczna w Stambule, stworzyli\u015bmy zesp\u00f3\u0142 wysoko wykwalifikowanych lekarzy, kt\u00f3rzy \u0142\u0105cz\u0105 doskona\u0142o\u015b\u0107 akademick\u0105 z wieloletnim do\u015bwiadczeniem klinicznym. Niezale\u017cnie od tego, czy odwiedzasz nas na rutynow\u0105 kontrol\u0119, czy podr\u00f3\u017cujesz w ramach turystyki stomatologicznej do Turcji, nasi specjali\u015bci s\u0105 oddani dostarczaniu [&hellip;]<\/p>\n","protected":false},"author":1,"featured_media":0,"parent":0,"menu_order":0,"comment_status":"closed","ping_status":"closed","template":"","meta":{"fiyat":"","metin":"","footnotes":""},"class_list":["post-3074","page","type-page","status-publish","hentry"],"_links":{"self":[{"href":"https:\/\/www.point.clinic\/pl\/wp-json\/wp\/v2\/pages\/3074","targetHints":{"allow":["GET"]}}],"collection":[{"href":"https:\/\/www.point.clinic\/pl\/wp-json\/wp\/v2\/pages"}],"about":[{"href":"https:\/\/www.point.clinic\/pl\/wp-json\/wp\/v2\/types\/page"}],"author":[{"embeddable":true,"href":"https:\/\/www.point.clinic\/pl\/wp-json\/wp\/v2\/users\/1"}],"replies":[{"embeddable":true,"href":"https:\/\/www.point.clinic\/pl\/wp-json\/wp\/v2\/comments?post=3074"}],"version-history":[{"count":2,"href":"https:\/\/www.point.clinic\/pl\/wp-json\/wp\/v2\/pages\/3074\/revisions"}],"predecessor-version":[{"id":3195,"href":"https:\/\/www.point.clinic\/pl\/wp-json\/wp\/v2\/pages\/3074\/revisions\/3195"}],"wp:attachment":[{"href":"https:\/\/www.point.clinic\/pl\/wp-json\/wp\/v2\/media?parent=3074"}],"curies":[{"name":"wp","href":"https:\/\/api.w.org\/{rel}","templated":true}]}}