{"id":3076,"date":"2025-02-03T14:13:53","date_gmt":"2025-02-03T11:13:53","guid":{"rendered":"https:\/\/www.point.clinic\/?page_id=3076"},"modified":"2026-03-27T23:15:39","modified_gmt":"2026-03-27T20:15:39","slug":"dentisti","status":"publish","type":"page","link":"https:\/\/www.point.clinic\/ro\/dentisti\/","title":{"rendered":"Denti\u0219ti"},"content":{"rendered":"\n<p>La <strong>Point Clinic<\/strong>, credem c\u0103 un z\u00e2mbet de clas\u0103 mondial\u0103 \u00eencepe cu o expertiz\u0103 de clas\u0103 mondial\u0103. Fiind o <strong>clinic\u0103 dentar\u0103 de top \u00een Istanbul<\/strong>, am reunit o echip\u0103 de clinicieni \u00eenalt califica\u021bi, care \u00eembin\u0103 excelen\u021ba academic\u0103 cu ani de experien\u021b\u0103 clinic\u0103.<\/p>\n\n\n\n<p>Indiferent dac\u0103 ne vizita\u021bi pentru un control de rutin\u0103 sau c\u0103l\u0103tori\u021bi pentru <strong>turism dentar \u00een Turcia<\/strong>, speciali\u0219tii no\u0219tri sunt dedica\u021bi oferirii unor tratamente personalizate, adaptate nevoilor dumneavoastr\u0103 unice.<\/p>\n\n\n\n<h3 class=\"wp-block-heading\">De ce s\u0103 alege\u021bi echipa noastr\u0103 medical\u0103?<\/h3>\n\n\n\n<p>Medicii no\u0219tri sunt mai mult dec\u00e2t denti\u0219ti; sunt artizani ai s\u0103n\u0103t\u0103\u021bii orale. Aleg\u00e2nd Point Clinic, beneficia\u021bi de:<\/p>\n\n\n\n<ul class=\"wp-block-list\">\n<li><strong>Expertiz\u0103 multidisciplinar\u0103:<\/strong> De la stomatologie restaurativ\u0103 la chirurgie maxilo-facial\u0103 complex\u0103, echipa noastr\u0103 acoper\u0103 toate aspectele \u00eengrijirii orale sub acela\u0219i acoperi\u0219.<\/li>\n\n\n\n<li><strong>Standarde interna\u021bionale:<\/strong> Chirurgii \u0219i denti\u0219tii no\u0219tri esteticieni sunt membri ai unor asocia\u021bii dentare globale prestigioase, asigur\u00e2ndu-se c\u0103 tratamentul dumneavoastr\u0103 respect\u0103 cele mai \u00eenalte standarde interna\u021bionale.<\/li>\n\n\n\n<li><strong>Tehnologie de ultim\u0103 genera\u021bie:<\/strong> Dot\u0103m exper\u021bii no\u0219tri cu cele mai noi scanere digitale \u0219i tehnologii de imagistic\u0103 3D pentru a asigura precizia \u00een fiecare procedur\u0103.<\/li>\n<\/ul>\n\n\n\n<h3 class=\"wp-block-heading\">Domeniile noastre de specializare<\/h3>\n\n\n\n<p>Clinica noastr\u0103 g\u0103zduie\u0219te exper\u021bi \u00een diverse domenii, asigur\u00e2ndu-v\u0103 c\u0103 experien\u021ba dumneavoastr\u0103 de <strong>turism dentar \u00een Istanbul<\/strong> este una de succes:<\/p>\n\n\n\n<ol start=\"1\" class=\"wp-block-list\">\n<li><strong>Implantologie \u0219i Chirurgie Oral\u0103:<\/strong> Exper\u021bi \u00een \u00eenlocuirea permanent\u0103 a din\u021bilor folosind cele mai bune m\u0103rci de implanturi la nivel mondial.<\/li>\n\n\n\n<li><strong>Stomatologie Estetic\u0103:<\/strong> Speciali\u0219ti \u00een &#8222;Hollywood Smile,&#8221; fa\u021bete din por\u021belan \u0219i albire profesional\u0103.<\/li>\n\n\n\n<li><strong>Ortodon\u021bie:<\/strong> Solu\u021bii avansate de aliniere, inclusiv sisteme discrete de alignere transparente.<\/li>\n\n\n\n<li><strong>Parodontologie:<\/strong> Concentrat\u0103 pe s\u0103n\u0103tatea gingiilor \u0219i pe funda\u021bia z\u00e2mbetului dumneavoastr\u0103.<\/li>\n<\/ol>\n\n\n\n<h3 class=\"wp-block-heading\">Transparen\u021b\u0103 \u00een pre\u021buri \u0219i \u00eengrijire centrat\u0103 pe pacient<\/h3>\n\n\n\n<p>\u00cen\u021belegem c\u0103 solicitarea unui tratament stomatologic \u00een str\u0103in\u0103tate implic\u0103 o planificare atent\u0103. La Point Clinic, ne m\u00e2ndrim cu <strong>politica noastr\u0103 de pre\u021buri corect\u0103 \u0219i transparent\u0103<\/strong>. Ne angaj\u0103m s\u0103 oferim \u201e\u00eengrijire de \u00eenalt\u0103 calitate f\u0103r\u0103 costuri exorbitante\u201d.<\/p>\n\n\n\n<ul class=\"wp-block-list\">\n<li><strong>F\u0103r\u0103 costuri ascunse:<\/strong> Ve\u021bi primi un plan de tratament detaliat cu pre\u021buri fixe \u00een Euro (\u20ac) sau Lire Sterline (\u00a3), \u00eenainte de a v\u0103 urca \u00een avion.<\/li>\n\n\n\n<li><strong>Valoare pentru excelen\u021b\u0103:<\/strong> Aleg\u00e2nd o <strong>clinic\u0103 dentar\u0103 \u00een Turcia<\/strong>, pute\u021bi economisi semnificativ fa\u021b\u0103 de pre\u021burile din Europa de Vest, f\u0103r\u0103 a face vreun compromis \u00een ceea ce prive\u0219te calitatea materialelor sau abilit\u0103\u021bile clinice.<\/li>\n<\/ul>\n\n\n\n<blockquote class=\"wp-block-quote is-layout-flow wp-block-quote-is-layout-flow\">\n<p><strong>Promisiunea noastr\u0103:<\/strong> Confortul \u0219i \u00eencrederea dumneavoastr\u0103 sunt prioritatea noastr\u0103. Nu trat\u0103m doar din\u021bii; avem grij\u0103 de oameni.<\/p>\n\n\n\n<div class=\"wp-block-group has-global-padding is-layout-constrained wp-block-group-is-layout-constrained\">\n<div class=\"wp-block-group is-content-justification-space-between is-nowrap is-layout-flex wp-container-core-group-is-layout-d7c818fd wp-block-group-is-layout-flex\">\n<div class=\"wp-block-group is-nowrap is-layout-flex wp-container-core-group-is-layout-f1189ed3 wp-block-group-is-layout-flex\"><div class=\"safirIconContainer left wp-elements-e72f6fdafa19cc01b03a5fd5a80c0afe\">\n\t<div  style=\"--size:25px;--hover-text-color:; --hover-bg-color:;\" class=\"is-style-radius wp-elements-e72f6fdafa19cc01b03a5fd5a80c0afe wp-block-safirtema-safiricon has-text-color has-main-color has-background has-secondary-background-color\">\n\t\t<svg width=\"25px\" height=\"25px\" class=\"safiricon-kurumsal\">\n\t\t\t<use href=\"#safiricon-kurumsal\" \/>\n\t\t<\/svg>\n\t<\/div>\n<\/div>\n\n\n<h3 class=\"wp-block-heading has-text-align-center has-extra-large-font-size\">Echip\u0103 Medical\u0103<\/h3>\n<\/div>\n\n\n\n<div class=\"wp-block-group is-nowrap is-layout-flex wp-container-core-group-is-layout-93522cec wp-block-group-is-layout-flex\" style=\"margin-top:0;margin-bottom:0\"><div class=\"safirIconContainer left wp-elements-9ceabf807d169cac691e1537edfab5ee\">\n\t<a href=\"#prev\"  style=\"--size:20px;--hover-text-color:; --hover-bg-color:rgba(0, 0, 0, .06);\" class=\"has-background-hover  is-style-radius wp-elements-9ceabf807d169cac691e1537edfab5ee wp-block-safirtema-safiricon has-text-color has-main-color has-background has-black-transparent-1-background-color\">\n\t\t<svg width=\"20px\" height=\"20px\" class=\"safiricon-oksol\">\n\t\t\t<use href=\"#safiricon-oksol\" \/>\n\t\t<\/svg>\n\t<\/a>\n<\/div>\n\n<div class=\"safirIconContainer left wp-elements-949ddf91d74060db719ce612ee10c43c\">\n\t<a href=\"#next\"  style=\"--size:20px;--hover-text-color:; --hover-bg-color:rgba(0, 0, 0, .06);\" class=\"has-background-hover  is-style-radius wp-elements-949ddf91d74060db719ce612ee10c43c wp-block-safirtema-safiricon has-text-color has-main-color has-background has-black-transparent-1-background-color\">\n\t\t<svg width=\"20px\" height=\"20px\" class=\"safiricon-oksag\">\n\t\t\t<use href=\"#safiricon-oksag\" \/>\n\t\t<\/svg>\n\t<\/a>\n<\/div><\/div>\n<\/div>\n\n\n<div style=\"--numberDesktop: 4; --numberTablet: 3; --numberMobile: 2\" class=\"outside-dots element-arrows inner-arrows gallery-hover wp-block-safirtema-safircarousel\" data-numberdesktop=\"4\" data-numbertablet=\"3\" data-numbermobile=\"2\" data-time=\"5000\" data-dots=\"\" data-nav=\"\" data-autoplay=\"1\">\n\t<div class=\"carouselContainer\">\n\t\t<div class=\"owl-carousel\">\n\t\t\t\n\n<div class=\"wp-block-group has-global-padding is-layout-constrained wp-container-core-group-is-layout-19e250f3 wp-block-group-is-layout-constrained\">\n<div class=\"wp-block-group has-global-padding is-layout-constrained wp-block-group-is-layout-constrained\">\n<figure class=\"wp-block-image size-medium is-style-default\"><a href=\"https:\/\/www.point.clinic\/ro\/dentisti\/dr-erdogan-aydin\/\"><img width=\"300\" height=\"300\" data-safirlazy=\"true\" src=https:\/\/www.point.clinic\/wp-content\/themes\/neo\/assets\/images\/noimage.svg data-src=\"https:\/\/www.point.clinic\/wp-content\/uploads\/\/Doktor-Erdogan-Aydin-300x300.webp\" alt=\"Doktor Erdo\u011fan Ayd\u0131n\" class=\"wp-image-1508\" style=\"aspect-ratio:3\/4;object-fit:cover\" srcset=\"https:\/\/www.point.clinic\/wp-content\/uploads\/Doktor-Erdogan-Aydin-300x300.webp 300w, https:\/\/www.point.clinic\/wp-content\/uploads\/Doktor-Erdogan-Aydin-150x150.webp 150w, https:\/\/www.point.clinic\/wp-content\/uploads\/Doktor-Erdogan-Aydin-768x768.webp 768w, https:\/\/www.point.clinic\/wp-content\/uploads\/Doktor-Erdogan-Aydin.webp 1024w\" sizes=\"(max-width: 300px) 100vw, 300px\" \/><\/a><\/figure>\n<\/div>\n\n\n\n<div class=\"wp-block-group has-black-transparent-1-background-color has-background has-global-padding is-layout-constrained wp-container-core-group-is-layout-e46c98d8 wp-block-group-is-layout-constrained\" style=\"border-bottom-color:var(--wp--preset--color--black-transparent-1);border-bottom-width:1px;padding-top:var(--wp--preset--spacing--30);padding-right:var(--wp--preset--spacing--20);padding-bottom:var(--wp--preset--spacing--30);padding-left:var(--wp--preset--spacing--20)\">\n<h3 class=\"wp-block-heading has-text-align-center has-large-font-size\"><a href=\"https:\/\/www.point.clinic\/ro\/dentisti\/dr-erdogan-aydin\/\" data-type=\"page\" data-id=\"124\"><strong>Dr. Erdo\u011fan Ayd\u0131n<\/strong><\/a><\/h3>\n\n\n\n<p class=\"has-text-align-center has-black-transparent-5-color has-text-color has-link-color has-medium-font-size wp-elements-fb29311234407bd18b43641801f6bf19\">Specialist Stomatolog<\/p>\n<\/div>\n<\/div>\n\n\n\n<div class=\"wp-block-group has-global-padding is-layout-constrained wp-container-core-group-is-layout-19e250f3 wp-block-group-is-layout-constrained\">\n<div class=\"wp-block-group has-global-padding is-layout-constrained wp-block-group-is-layout-constrained\">\n<figure class=\"wp-block-image size-full\"><a href=\"https:\/\/www.point.clinic\/ro\/dentisti\/dr-adem-lamba\/\"><img width=\"1024\" height=\"1024\" data-safirlazy=\"true\" src=https:\/\/www.point.clinic\/wp-content\/themes\/neo\/assets\/images\/noimage.svg data-src=\"https:\/\/www.point.clinic\/wp-content\/uploads\/doktor-adem-lamba.webp\" alt=\"\" class=\"wp-image-1736\" style=\"aspect-ratio:3\/4;object-fit:cover\" srcset=\"https:\/\/www.point.clinic\/wp-content\/uploads\/doktor-adem-lamba.webp 1024w, https:\/\/www.point.clinic\/wp-content\/uploads\/doktor-adem-lamba-300x300.webp 300w, https:\/\/www.point.clinic\/wp-content\/uploads\/doktor-adem-lamba-150x150.webp 150w, https:\/\/www.point.clinic\/wp-content\/uploads\/doktor-adem-lamba-768x768.webp 768w\" sizes=\"(max-width: 1024px) 100vw, 1024px\" \/><\/a><\/figure>\n<\/div>\n\n\n\n<div class=\"wp-block-group has-black-transparent-1-background-color has-background has-global-padding is-layout-constrained wp-container-core-group-is-layout-e46c98d8 wp-block-group-is-layout-constrained\" style=\"border-bottom-color:var(--wp--preset--color--black-transparent-1);border-bottom-width:1px;padding-top:var(--wp--preset--spacing--30);padding-right:var(--wp--preset--spacing--20);padding-bottom:var(--wp--preset--spacing--30);padding-left:var(--wp--preset--spacing--20)\">\n<h3 class=\"wp-block-heading has-text-align-center has-large-font-size\"><a href=\"https:\/\/www.point.clinic\/ro\/dentisti\/dr-adem-lamba\/\"><strong>Adem Lamba<\/strong><\/a><\/h3>\n\n\n\n<p class=\"has-text-align-center has-black-transparent-5-color has-text-color has-link-color has-medium-font-size wp-elements-fb29311234407bd18b43641801f6bf19\">Specialist Stomatolog<\/p>\n<\/div>\n<\/div>\n\n\n\n<div class=\"wp-block-group has-global-padding is-layout-constrained wp-container-core-group-is-layout-19e250f3 wp-block-group-is-layout-constrained\">\n<div class=\"wp-block-group has-global-padding is-layout-constrained wp-block-group-is-layout-constrained\">\n<figure class=\"wp-block-image size-full\"><a href=\"https:\/\/www.point.clinic\/ro\/dentisti\/dr-haydar-ozel\/\"><img width=\"1024\" height=\"1024\" data-safirlazy=\"true\" src=https:\/\/www.point.clinic\/wp-content\/themes\/neo\/assets\/images\/noimage.svg data-src=\"https:\/\/www.point.clinic\/wp-content\/uploads\/dr-haydar-ozel.webp\" alt=\"\" class=\"wp-image-1740\" style=\"aspect-ratio:3\/4;object-fit:cover\" srcset=\"https:\/\/www.point.clinic\/wp-content\/uploads\/dr-haydar-ozel.webp 1024w, https:\/\/www.point.clinic\/wp-content\/uploads\/dr-haydar-ozel-300x300.webp 300w, https:\/\/www.point.clinic\/wp-content\/uploads\/dr-haydar-ozel-150x150.webp 150w, https:\/\/www.point.clinic\/wp-content\/uploads\/dr-haydar-ozel-768x768.webp 768w\" sizes=\"(max-width: 1024px) 100vw, 1024px\" \/><\/a><\/figure>\n<\/div>\n\n\n\n<div class=\"wp-block-group has-black-transparent-1-background-color has-background has-global-padding is-layout-constrained wp-container-core-group-is-layout-e46c98d8 wp-block-group-is-layout-constrained\" style=\"border-bottom-color:var(--wp--preset--color--black-transparent-1);border-bottom-width:1px;padding-top:var(--wp--preset--spacing--30);padding-right:var(--wp--preset--spacing--20);padding-bottom:var(--wp--preset--spacing--30);padding-left:var(--wp--preset--spacing--20)\">\n<h3 class=\"wp-block-heading has-text-align-center has-large-font-size\"><a href=\"https:\/\/www.point.clinic\/ro\/dentisti\/dr-haydar-ozel\/\" data-type=\"link\" data-id=\"https:\/\/www.point.clinic\/doctors\/dr-haydar-ozel\/\"><strong>Haydar \u00d6zel<\/strong><\/a><\/h3>\n\n\n\n<p class=\"has-text-align-center has-black-transparent-5-color has-text-color has-link-color has-medium-font-size wp-elements-d1f51cbfe49ac82b8e055b5590fb0c02\">Medic Stomatolog Specialist<\/p>\n<\/div>\n<\/div>\n\n\n\n<div class=\"wp-block-group has-global-padding is-layout-constrained wp-container-core-group-is-layout-19e250f3 wp-block-group-is-layout-constrained\">\n<div class=\"wp-block-group has-global-padding is-layout-constrained wp-block-group-is-layout-constrained\">\n<figure class=\"wp-block-image size-full\"><a href=\"https:\/\/www.point.clinic\/ro\/dentisti\/dr-ataberk-fidan\/\"><img width=\"1024\" height=\"1024\" data-safirlazy=\"true\" src=https:\/\/www.point.clinic\/wp-content\/themes\/neo\/assets\/images\/noimage.svg data-src=\"https:\/\/www.point.clinic\/wp-content\/uploads\/dr-ataberk-fidan.webp\" alt=\"\" class=\"wp-image-1743\" style=\"aspect-ratio:3\/4;object-fit:cover\" srcset=\"https:\/\/www.point.clinic\/wp-content\/uploads\/dr-ataberk-fidan.webp 1024w, https:\/\/www.point.clinic\/wp-content\/uploads\/dr-ataberk-fidan-300x300.webp 300w, https:\/\/www.point.clinic\/wp-content\/uploads\/dr-ataberk-fidan-150x150.webp 150w, https:\/\/www.point.clinic\/wp-content\/uploads\/dr-ataberk-fidan-768x768.webp 768w\" sizes=\"(max-width: 1024px) 100vw, 1024px\" \/><\/a><\/figure>\n<\/div>\n\n\n\n<div class=\"wp-block-group has-black-transparent-1-background-color has-background has-global-padding is-layout-constrained wp-container-core-group-is-layout-e46c98d8 wp-block-group-is-layout-constrained\" style=\"border-bottom-color:var(--wp--preset--color--black-transparent-1);border-bottom-width:1px;padding-top:var(--wp--preset--spacing--30);padding-right:var(--wp--preset--spacing--20);padding-bottom:var(--wp--preset--spacing--30);padding-left:var(--wp--preset--spacing--20)\">\n<h3 class=\"wp-block-heading has-text-align-center has-large-font-size\"><a href=\"https:\/\/www.point.clinic\/ro\/dentisti\/dr-ataberk-fidan\/\"><strong>Ataberk Fidan<\/strong><\/a><\/h3>\n\n\n\n<p class=\"has-text-align-center has-black-transparent-5-color has-text-color has-link-color has-medium-font-size wp-elements-df837397fcf00cdb0ae470c6d3479a71\">Aesthetic Dentistry<\/p>\n<\/div>\n<\/div>\n\n\n\n<div class=\"wp-block-group has-global-padding is-layout-constrained wp-container-core-group-is-layout-19e250f3 wp-block-group-is-layout-constrained\">\n<div class=\"wp-block-group has-global-padding is-layout-constrained wp-block-group-is-layout-constrained\">\n<figure class=\"wp-block-image size-full\"><a href=\"https:\/\/www.point.clinic\/ro\/dentisti\/dr-mustafa-tunc\/\"><img width=\"1024\" height=\"1024\" data-safirlazy=\"true\" src=https:\/\/www.point.clinic\/wp-content\/themes\/neo\/assets\/images\/noimage.svg data-src=\"https:\/\/www.point.clinic\/wp-content\/uploads\/dr-mustafa-tunc.webp\" alt=\"\" class=\"wp-image-1746\" style=\"aspect-ratio:3\/4;object-fit:cover\" srcset=\"https:\/\/www.point.clinic\/wp-content\/uploads\/dr-mustafa-tunc.webp 1024w, https:\/\/www.point.clinic\/wp-content\/uploads\/dr-mustafa-tunc-300x300.webp 300w, https:\/\/www.point.clinic\/wp-content\/uploads\/dr-mustafa-tunc-150x150.webp 150w, https:\/\/www.point.clinic\/wp-content\/uploads\/dr-mustafa-tunc-768x768.webp 768w\" sizes=\"(max-width: 1024px) 100vw, 1024px\" \/><\/a><\/figure>\n<\/div>\n\n\n\n<div class=\"wp-block-group has-black-transparent-1-background-color has-background has-global-padding is-layout-constrained wp-container-core-group-is-layout-e46c98d8 wp-block-group-is-layout-constrained\" style=\"border-bottom-color:var(--wp--preset--color--black-transparent-1);border-bottom-width:1px;padding-top:var(--wp--preset--spacing--30);padding-right:var(--wp--preset--spacing--20);padding-bottom:var(--wp--preset--spacing--30);padding-left:var(--wp--preset--spacing--20)\">\n<h3 class=\"wp-block-heading has-text-align-center has-large-font-size\"><a href=\"https:\/\/www.point.clinic\/ro\/dentisti\/dr-mustafa-tunc\/\"><strong>Mustafa Tun\u00e7<\/strong><\/a><\/h3>\n\n\n\n<p class=\"has-text-align-center has-black-transparent-5-color has-text-color has-link-color has-medium-font-size wp-elements-7a14e43fe9e754c07b38cf00d4f94250\">Stomatologie Estetic\u0103<\/p>\n<\/div>\n<\/div>\n\n\t\t<\/div>\n\t<\/div>\n<\/div><\/div>\n<\/blockquote>\n","protected":false},"excerpt":{"rendered":"<p>La Point Clinic, credem c\u0103 un z\u00e2mbet de clas\u0103 mondial\u0103 \u00eencepe cu o expertiz\u0103 de clas\u0103 mondial\u0103. Fiind o clinic\u0103 dentar\u0103 de top \u00een Istanbul, am reunit o echip\u0103 de clinicieni \u00eenalt califica\u021bi, care \u00eembin\u0103 excelen\u021ba academic\u0103 cu ani de experien\u021b\u0103 clinic\u0103. Indiferent dac\u0103 ne vizita\u021bi pentru un control de rutin\u0103 sau c\u0103l\u0103tori\u021bi pentru turism [&hellip;]<\/p>\n","protected":false},"author":1,"featured_media":0,"parent":0,"menu_order":0,"comment_status":"closed","ping_status":"closed","template":"","meta":{"fiyat":"","metin":"","footnotes":""},"class_list":["post-3076","page","type-page","status-publish","hentry"],"_links":{"self":[{"href":"https:\/\/www.point.clinic\/ro\/wp-json\/wp\/v2\/pages\/3076","targetHints":{"allow":["GET"]}}],"collection":[{"href":"https:\/\/www.point.clinic\/ro\/wp-json\/wp\/v2\/pages"}],"about":[{"href":"https:\/\/www.point.clinic\/ro\/wp-json\/wp\/v2\/types\/page"}],"author":[{"embeddable":true,"href":"https:\/\/www.point.clinic\/ro\/wp-json\/wp\/v2\/users\/1"}],"replies":[{"embeddable":true,"href":"https:\/\/www.point.clinic\/ro\/wp-json\/wp\/v2\/comments?post=3076"}],"version-history":[{"count":2,"href":"https:\/\/www.point.clinic\/ro\/wp-json\/wp\/v2\/pages\/3076\/revisions"}],"predecessor-version":[{"id":3203,"href":"https:\/\/www.point.clinic\/ro\/wp-json\/wp\/v2\/pages\/3076\/revisions\/3203"}],"wp:attachment":[{"href":"https:\/\/www.point.clinic\/ro\/wp-json\/wp\/v2\/media?parent=3076"}],"curies":[{"name":"wp","href":"https:\/\/api.w.org\/{rel}","templated":true}]}}