{"id":3302,"date":"2025-02-19T13:40:57","date_gmt":"2025-02-19T10:40:57","guid":{"rendered":"https:\/\/www.point.clinic\/?page_id=3302"},"modified":"2026-03-27T23:35:39","modified_gmt":"2026-03-27T20:35:39","slug":"branduri-cu-care-colaboram","status":"publish","type":"page","link":"https:\/\/www.point.clinic\/ro\/branduri-cu-care-colaboram\/","title":{"rendered":"Branduri Cu Care Colabor\u0103m"},"content":{"rendered":"\n<div class=\"wp-block-group is-layout-grid wp-container-core-group-is-layout-2994b392 wp-block-group-is-layout-grid\">\n<div class=\"wp-block-group has-border-color has-black-transparent-1-background-color has-background is-vertical is-layout-flex wp-container-core-group-is-layout-c05b2337 wp-block-group-is-layout-flex\" style=\"border-color:rgba(0, 0, 0, .06);border-width:1px;border-radius:5px;padding-top:var(--wp--preset--spacing--50);padding-right:var(--wp--preset--spacing--50);padding-bottom:var(--wp--preset--spacing--50);padding-left:var(--wp--preset--spacing--50)\">\n<figure class=\"wp-block-image size-full\"><img width=\"700\" height=\"300\" data-safirlazy=\"true\" src=https:\/\/www.point.clinic\/wp-content\/themes\/neo\/assets\/images\/noimage.svg data-src=\"https:\/\/www.point.clinic\/wp-content\/uploads\/3shape.webp\" alt=\"\" class=\"wp-image-1588\" style=\"aspect-ratio:3\/1;object-fit:cover\" srcset=\"https:\/\/www.point.clinic\/wp-content\/uploads\/3shape.webp 700w, https:\/\/www.point.clinic\/wp-content\/uploads\/3shape-300x129.webp 300w\" sizes=\"(max-width: 700px) 100vw, 700px\" \/><\/figure>\n<\/div>\n\n\n\n<div class=\"wp-block-group has-border-color has-black-transparent-1-background-color has-background is-vertical is-layout-flex wp-container-core-group-is-layout-c05b2337 wp-block-group-is-layout-flex\" style=\"border-color:rgba(0, 0, 0, .06);border-width:1px;border-radius:5px;padding-top:var(--wp--preset--spacing--50);padding-right:var(--wp--preset--spacing--50);padding-bottom:var(--wp--preset--spacing--50);padding-left:var(--wp--preset--spacing--50)\">\n<figure class=\"wp-block-image size-full\"><img width=\"700\" height=\"300\" data-safirlazy=\"true\" src=https:\/\/www.point.clinic\/wp-content\/themes\/neo\/assets\/images\/noimage.svg data-src=\"https:\/\/www.point.clinic\/wp-content\/uploads\/nobelbiocare.webp\" alt=\"\" class=\"wp-image-1563\" style=\"aspect-ratio:3\/1;object-fit:cover\" srcset=\"https:\/\/www.point.clinic\/wp-content\/uploads\/nobelbiocare.webp 700w, https:\/\/www.point.clinic\/wp-content\/uploads\/nobelbiocare-300x129.webp 300w\" sizes=\"(max-width: 700px) 100vw, 700px\" \/><\/figure>\n<\/div>\n\n\n\n<div class=\"wp-block-group has-border-color has-black-transparent-1-background-color has-background is-vertical is-layout-flex wp-container-core-group-is-layout-c05b2337 wp-block-group-is-layout-flex\" style=\"border-color:rgba(0, 0, 0, .06);border-width:1px;border-radius:5px;padding-top:var(--wp--preset--spacing--50);padding-right:var(--wp--preset--spacing--50);padding-bottom:var(--wp--preset--spacing--50);padding-left:var(--wp--preset--spacing--50)\">\n<figure class=\"wp-block-image size-full\"><img width=\"700\" height=\"300\" data-safirlazy=\"true\" src=https:\/\/www.point.clinic\/wp-content\/themes\/neo\/assets\/images\/noimage.svg data-src=\"https:\/\/www.point.clinic\/wp-content\/uploads\/ivoclar.webp\" alt=\"\" class=\"wp-image-1561\" style=\"aspect-ratio:3\/1;object-fit:cover\" srcset=\"https:\/\/www.point.clinic\/wp-content\/uploads\/ivoclar.webp 700w, https:\/\/www.point.clinic\/wp-content\/uploads\/ivoclar-300x129.webp 300w\" sizes=\"(max-width: 700px) 100vw, 700px\" \/><\/figure>\n<\/div>\n\n\n\n<div class=\"wp-block-group has-border-color has-black-transparent-1-background-color has-background is-vertical is-layout-flex wp-container-core-group-is-layout-c05b2337 wp-block-group-is-layout-flex\" style=\"border-color:rgba(0, 0, 0, .06);border-width:1px;border-radius:5px;padding-top:var(--wp--preset--spacing--50);padding-right:var(--wp--preset--spacing--50);padding-bottom:var(--wp--preset--spacing--50);padding-left:var(--wp--preset--spacing--50)\">\n<figure class=\"wp-block-image size-full\"><img width=\"700\" height=\"300\" data-safirlazy=\"true\" src=https:\/\/www.point.clinic\/wp-content\/themes\/neo\/assets\/images\/noimage.svg data-src=\"https:\/\/www.point.clinic\/wp-content\/uploads\/genoray.png\" alt=\"\" class=\"wp-image-1560\" style=\"aspect-ratio:3\/1;object-fit:cover\" srcset=\"https:\/\/www.point.clinic\/wp-content\/uploads\/genoray.png 700w, https:\/\/www.point.clinic\/wp-content\/uploads\/genoray-300x129.png 300w\" sizes=\"(max-width: 700px) 100vw, 700px\" \/><\/figure>\n<\/div>\n\n\n\n<div class=\"wp-block-group has-border-color has-black-transparent-1-background-color has-background is-vertical is-layout-flex wp-container-core-group-is-layout-c05b2337 wp-block-group-is-layout-flex\" style=\"border-color:rgba(0, 0, 0, .06);border-width:1px;border-radius:5px;padding-top:var(--wp--preset--spacing--50);padding-right:var(--wp--preset--spacing--50);padding-bottom:var(--wp--preset--spacing--50);padding-left:var(--wp--preset--spacing--50)\">\n<figure class=\"wp-block-image size-full\"><img width=\"700\" height=\"300\" data-safirlazy=\"true\" src=https:\/\/www.point.clinic\/wp-content\/themes\/neo\/assets\/images\/noimage.svg data-src=\"https:\/\/www.point.clinic\/wp-content\/uploads\/dentsplysirona.png\" alt=\"\" class=\"wp-image-1559\" style=\"aspect-ratio:3\/1;object-fit:cover\" srcset=\"https:\/\/www.point.clinic\/wp-content\/uploads\/dentsplysirona.png 700w, https:\/\/www.point.clinic\/wp-content\/uploads\/dentsplysirona-300x129.png 300w\" sizes=\"(max-width: 700px) 100vw, 700px\" \/><\/figure>\n<\/div>\n\n\n\n<div class=\"wp-block-group has-border-color has-black-transparent-1-background-color has-background is-vertical is-layout-flex wp-container-core-group-is-layout-c05b2337 wp-block-group-is-layout-flex\" style=\"border-color:rgba(0, 0, 0, .06);border-width:1px;border-radius:5px;padding-top:var(--wp--preset--spacing--50);padding-right:var(--wp--preset--spacing--50);padding-bottom:var(--wp--preset--spacing--50);padding-left:var(--wp--preset--spacing--50)\">\n<figure class=\"wp-block-image size-full\"><img width=\"700\" height=\"300\" data-safirlazy=\"true\" src=https:\/\/www.point.clinic\/wp-content\/themes\/neo\/assets\/images\/noimage.svg data-src=\"https:\/\/www.point.clinic\/wp-content\/uploads\/straumann.png\" alt=\"\" class=\"wp-image-1552\" style=\"aspect-ratio:3\/1;object-fit:cover\" srcset=\"https:\/\/www.point.clinic\/wp-content\/uploads\/straumann.png 700w, https:\/\/www.point.clinic\/wp-content\/uploads\/straumann-300x129.png 300w\" sizes=\"(max-width: 700px) 100vw, 700px\" \/><\/figure>\n<\/div>\n\n\n\n<div class=\"wp-block-group has-border-color has-black-transparent-1-background-color has-background is-vertical is-layout-flex wp-container-core-group-is-layout-c05b2337 wp-block-group-is-layout-flex\" style=\"border-color:rgba(0, 0, 0, .06);border-width:1px;border-radius:5px;padding-top:var(--wp--preset--spacing--50);padding-right:var(--wp--preset--spacing--50);padding-bottom:var(--wp--preset--spacing--50);padding-left:var(--wp--preset--spacing--50)\">\n<figure class=\"wp-block-image size-full\"><img width=\"700\" height=\"300\" data-safirlazy=\"true\" src=https:\/\/www.point.clinic\/wp-content\/themes\/neo\/assets\/images\/noimage.svg data-src=\"https:\/\/www.point.clinic\/wp-content\/uploads\/neodent.webp\" alt=\"\" class=\"wp-image-1553\" style=\"aspect-ratio:3\/1;object-fit:cover\" srcset=\"https:\/\/www.point.clinic\/wp-content\/uploads\/neodent.webp 700w, https:\/\/www.point.clinic\/wp-content\/uploads\/neodent-300x129.webp 300w\" sizes=\"(max-width: 700px) 100vw, 700px\" \/><\/figure>\n<\/div>\n\n\n\n<div class=\"wp-block-group has-border-color has-black-transparent-1-background-color has-background is-vertical is-layout-flex wp-container-core-group-is-layout-c05b2337 wp-block-group-is-layout-flex\" style=\"border-color:rgba(0, 0, 0, .06);border-width:1px;border-radius:5px;padding-top:var(--wp--preset--spacing--50);padding-right:var(--wp--preset--spacing--50);padding-bottom:var(--wp--preset--spacing--50);padding-left:var(--wp--preset--spacing--50)\">\n<figure class=\"wp-block-image size-full\"><img width=\"700\" height=\"300\" data-safirlazy=\"true\" src=https:\/\/www.point.clinic\/wp-content\/themes\/neo\/assets\/images\/noimage.svg data-src=\"https:\/\/www.point.clinic\/wp-content\/uploads\/megagen.webp\" alt=\"\" class=\"wp-image-1562\" style=\"aspect-ratio:3\/1;object-fit:cover\" srcset=\"https:\/\/www.point.clinic\/wp-content\/uploads\/megagen.webp 700w, https:\/\/www.point.clinic\/wp-content\/uploads\/megagen-300x129.webp 300w\" sizes=\"(max-width: 700px) 100vw, 700px\" \/><\/figure>\n<\/div>\n\n\n\n<div class=\"wp-block-group has-border-color has-black-transparent-1-background-color has-background is-vertical is-layout-flex wp-container-core-group-is-layout-c05b2337 wp-block-group-is-layout-flex\" style=\"border-color:rgba(0, 0, 0, .06);border-width:1px;border-radius:5px;padding-top:var(--wp--preset--spacing--50);padding-right:var(--wp--preset--spacing--50);padding-bottom:var(--wp--preset--spacing--50);padding-left:var(--wp--preset--spacing--50)\">\n<figure class=\"wp-block-image size-full\"><img width=\"700\" height=\"300\" data-safirlazy=\"true\" src=https:\/\/www.point.clinic\/wp-content\/themes\/neo\/assets\/images\/noimage.svg data-src=\"https:\/\/www.point.clinic\/wp-content\/uploads\/bego.webp\" alt=\"\" class=\"wp-image-1554\" style=\"aspect-ratio:3\/1;object-fit:cover\" srcset=\"https:\/\/www.point.clinic\/wp-content\/uploads\/bego.webp 700w, https:\/\/www.point.clinic\/wp-content\/uploads\/bego-300x129.webp 300w\" sizes=\"(max-width: 700px) 100vw, 700px\" \/><\/figure>\n<\/div>\n\n\n\n<div class=\"wp-block-group has-border-color has-black-transparent-1-background-color has-background is-vertical is-layout-flex wp-container-core-group-is-layout-c05b2337 wp-block-group-is-layout-flex\" style=\"border-color:rgba(0, 0, 0, .06);border-width:1px;border-radius:5px;padding-top:var(--wp--preset--spacing--50);padding-right:var(--wp--preset--spacing--50);padding-bottom:var(--wp--preset--spacing--50);padding-left:var(--wp--preset--spacing--50)\">\n<figure class=\"wp-block-image size-full\"><img width=\"700\" height=\"300\" data-safirlazy=\"true\" src=https:\/\/www.point.clinic\/wp-content\/themes\/neo\/assets\/images\/noimage.svg data-src=\"https:\/\/www.point.clinic\/wp-content\/uploads\/osstem.png\" alt=\"\" class=\"wp-image-1555\" style=\"aspect-ratio:3\/1;object-fit:cover\" srcset=\"https:\/\/www.point.clinic\/wp-content\/uploads\/osstem.png 700w, https:\/\/www.point.clinic\/wp-content\/uploads\/osstem-300x129.png 300w\" sizes=\"(max-width: 700px) 100vw, 700px\" \/><\/figure>\n<\/div>\n\n\n\n<div class=\"wp-block-group has-border-color has-black-transparent-1-background-color has-background is-vertical is-layout-flex wp-container-core-group-is-layout-c05b2337 wp-block-group-is-layout-flex\" style=\"border-color:rgba(0, 0, 0, .06);border-width:1px;border-radius:5px;padding-top:var(--wp--preset--spacing--50);padding-right:var(--wp--preset--spacing--50);padding-bottom:var(--wp--preset--spacing--50);padding-left:var(--wp--preset--spacing--50)\">\n<figure class=\"wp-block-image size-full\"><img width=\"700\" height=\"300\" data-safirlazy=\"true\" src=https:\/\/www.point.clinic\/wp-content\/themes\/neo\/assets\/images\/noimage.svg data-src=\"https:\/\/www.point.clinic\/wp-content\/uploads\/hiossen.png\" alt=\"\" class=\"wp-image-1556\" style=\"aspect-ratio:3\/1;object-fit:cover\" srcset=\"https:\/\/www.point.clinic\/wp-content\/uploads\/hiossen.png 700w, https:\/\/www.point.clinic\/wp-content\/uploads\/hiossen-300x129.png 300w\" sizes=\"(max-width: 700px) 100vw, 700px\" \/><\/figure>\n<\/div>\n\n\n\n<div class=\"wp-block-group has-border-color has-black-transparent-1-background-color has-background is-vertical is-layout-flex wp-container-core-group-is-layout-c05b2337 wp-block-group-is-layout-flex\" style=\"border-color:rgba(0, 0, 0, .06);border-width:1px;border-radius:5px;padding-top:var(--wp--preset--spacing--50);padding-right:var(--wp--preset--spacing--50);padding-bottom:var(--wp--preset--spacing--50);padding-left:var(--wp--preset--spacing--50)\">\n<figure class=\"wp-block-image size-full\"><img width=\"700\" height=\"300\" data-safirlazy=\"true\" src=https:\/\/www.point.clinic\/wp-content\/themes\/neo\/assets\/images\/noimage.svg data-src=\"https:\/\/www.point.clinic\/wp-content\/uploads\/medigma.webp\" alt=\"\" class=\"wp-image-1557\" style=\"aspect-ratio:3\/1;object-fit:cover\" srcset=\"https:\/\/www.point.clinic\/wp-content\/uploads\/medigma.webp 700w, https:\/\/www.point.clinic\/wp-content\/uploads\/medigma-300x129.webp 300w\" sizes=\"(max-width: 700px) 100vw, 700px\" \/><\/figure>\n<\/div>\n<\/div>\n\n\n\n<p>La centrul nostru, credem c\u0103 \u00cengrijirea Dentar\u0103 de \u00eenalt\u0103 calitate \u00eencepe cu cele mai de \u00eencredere branduri din lume. Parteneriatul cu lideri ai industriei precum Straumann, Nobel Biocare \u0219i Dentsply Sirona ne permite s\u0103 ne asigur\u0103m c\u0103 fiecare Implant \u0219i fiecare Solu\u021bie Protetic\u0103 oferit\u0103 respect\u0103 cele mai \u00eenalte Standarde Interna\u021bionale. Aceste m\u0103rci sunt recunoscute la nivel global pentru durabilitatea, biocompatibilitatea \u0219i ratele lor de succes pe termen lung, oferind pacien\u021bilor no\u0219tri interna\u021bionali lini\u0219tea pe care o merit\u0103 \u00een timpul C\u0103l\u0103toriei lor Medicale.<\/p>\n\n\n\n<p>Nu oferim doar Tratament; oferim \u00eencredere pe via\u021b\u0103. Utilizarea Tehnologiei Avansate de la Genoray \u0219i MegaGen ne permite s\u0103 oferim Diagnostic de Precizie \u0219i Planuri de Tratament Personalizate, adaptate nevoilor dumneavoastr\u0103 unice. Angajamentul nostru de a folosi Materiale Premium de la Ivoclar \u0219i Bego \u00eenseamn\u0103 c\u0103 noul dumneavoastr\u0103 Z\u00e2mbet nu va ar\u0103ta doar natural, ci va rezista \u0219i probei timpului, indiferent de locul \u00een care locui\u021bi \u00een lume.<\/p>\n\n\n<div style=\"color:var(--wp--preset--color--main);\" class=\"wp-block-safirtema-mainheading has-text-color\">\n\t<div class=\"singleHeading\">\n\t\t<div class=\"inner\">\n\t\t\t<span class=\"safiricon icon\"><svg class=\"safiricon-destek\"><use href=\"#safiricon-destek\"><\/use><\/svg><\/span>\t\t\t<div class=\"text\"><strong>Rezerv\u0103 O Consulta\u021bie Online Gratuit\u0103<\/strong><\/div>\n\t\t<\/div>\n\t<\/div>\n<\/div>\n\n\n\n<div class=\"wpcf7 no-js\" id=\"wpcf7-f2437-o1\" lang=\"ro-RO\" dir=\"ltr\" data-wpcf7-id=\"2437\">\n<div class=\"screen-reader-response\"><p role=\"status\" aria-live=\"polite\" aria-atomic=\"true\"><\/p> <ul><\/ul><\/div>\n<form action=\"\/ro\/wp-json\/wp\/v2\/pages\/3302#wpcf7-f2437-o1\" method=\"post\" class=\"wpcf7-form init\" aria-label=\"Formular de contact\" novalidate=\"novalidate\" data-status=\"init\">\n<fieldset class=\"hidden-fields-container\"><input type=\"hidden\" name=\"_wpcf7\" value=\"2437\" \/><input type=\"hidden\" name=\"_wpcf7_version\" value=\"6.1.5\" \/><input type=\"hidden\" name=\"_wpcf7_locale\" value=\"ro_RO\" \/><input type=\"hidden\" name=\"_wpcf7_unit_tag\" value=\"wpcf7-f2437-o1\" \/><input type=\"hidden\" name=\"_wpcf7_container_post\" value=\"0\" \/><input type=\"hidden\" name=\"_wpcf7_posted_data_hash\" value=\"\" \/>\n<\/fieldset>\n<div class=\"safirForm\">\n\t<div class=\"safirLeft\">\n\t\t<p class=\"safiricon kurumsal\"><span class=\"wpcf7-form-control-wrap\" data-name=\"adsoyad\"><input size=\"40\" maxlength=\"400\" class=\"wpcf7-form-control wpcf7-text wpcf7-validates-as-required\" aria-required=\"true\" aria-invalid=\"false\" placeholder=\"Nume complet\" value=\"\" type=\"text\" name=\"adsoyad\" \/><\/span>\n\t\t<\/p>\n\t\t<p class=\"safiricon email\"><span class=\"wpcf7-form-control-wrap\" data-name=\"email\"><input size=\"40\" maxlength=\"400\" class=\"wpcf7-form-control wpcf7-email wpcf7-validates-as-required wpcf7-text wpcf7-validates-as-email\" aria-required=\"true\" aria-invalid=\"false\" placeholder=\"Adres\u0103 de e-mail\" value=\"\" type=\"email\" name=\"email\" \/><\/span>\n\t\t<\/p>\n\t\t<p class=\"safiricon telefon\"><br \/>\n<span class=\"wpcf7-form-control-wrap\" data-name=\"telefon\"><input size=\"40\" class=\"wpcf7-form-control wpcf7-phonetext wpcf7-text wpcf7-validates-as-phonetext\" aria-invalid=\"false\" value=\"\" type=\"text\" name=\"telefon\" \/><input type=\"hidden\" name=\"telefon-country-code\" class=\"wpcf7-phonetext-country-code\" \/><\/span>\n\t\t<\/p>\n\t\t<p class=\"safiricon liste\"><span class=\"wpcf7-form-control-wrap\" data-name=\"konu\"><input size=\"40\" maxlength=\"400\" class=\"wpcf7-form-control wpcf7-text wpcf7-validates-as-required\" aria-required=\"true\" aria-invalid=\"false\" placeholder=\"Subiect\" value=\"\" type=\"text\" name=\"konu\" \/><\/span>\n\t\t<\/p>\n\t<\/div>\n\t<div class=\"safirRight\">\n\t\t<p class=\"safiricon alinti\"><span class=\"wpcf7-form-control-wrap\" data-name=\"mesaj\"><textarea cols=\"40\" rows=\"10\" maxlength=\"2000\" class=\"wpcf7-form-control wpcf7-textarea\" aria-invalid=\"false\" placeholder=\"Mesajul dumneavoastr\u0103\" name=\"mesaj\"><\/textarea><\/span>\n\t\t<\/p>\n\t\t<div class=\"onay-alani\">\n\t\t\t<p><span class=\"wpcf7-form-control-wrap\" data-name=\"acceptance-privacy\"><span class=\"wpcf7-form-control wpcf7-acceptance\"><span class=\"wpcf7-list-item\"><label><input type=\"checkbox\" name=\"acceptance-privacy\" value=\"1\" aria-invalid=\"false\" \/><span class=\"wpcf7-list-item-label\">Sunt de acord cu <a href=\"https:\/\/www.point.clinic\/privacy-policy\/\">Politica de confiden\u021bialitate<\/a><\/span><\/label><\/span><\/span><\/span><br \/>\n<span class=\"wpcf7-form-control-wrap\" data-name=\"acceptance-data\"><span class=\"wpcf7-form-control wpcf7-acceptance\"><span class=\"wpcf7-list-item\"><label><input type=\"checkbox\" name=\"acceptance-data\" value=\"1\" aria-invalid=\"false\" \/><span class=\"wpcf7-list-item-label\">Accept protec\u021bia \u0219i prelucrarea datelor mele.<\/span><\/label><\/span><\/span><\/span>\n\t\t\t<\/p>\n\t\t<\/div>\n\t\t<p><input class=\"wpcf7-form-control wpcf7-submit has-spinner safirButton\" type=\"submit\" value=\"TRIMITE MESAJ\" \/>\n\t\t<\/p>\n\t<\/div>\n<\/div><div class=\"wpcf7-response-output\" aria-hidden=\"true\"><\/div>\n<\/form>\n<\/div>\n\n","protected":false},"excerpt":{"rendered":"<p>La centrul nostru, credem c\u0103 \u00cengrijirea Dentar\u0103 de \u00eenalt\u0103 calitate \u00eencepe cu cele mai de \u00eencredere branduri din lume. Parteneriatul cu lideri ai industriei precum Straumann, Nobel Biocare \u0219i Dentsply Sirona ne permite s\u0103 ne asigur\u0103m c\u0103 fiecare Implant \u0219i fiecare Solu\u021bie Protetic\u0103 oferit\u0103 respect\u0103 cele mai \u00eenalte Standarde Interna\u021bionale. Aceste m\u0103rci sunt recunoscute la [&hellip;]<\/p>\n","protected":false},"author":1,"featured_media":0,"parent":0,"menu_order":0,"comment_status":"closed","ping_status":"closed","template":"","meta":{"fiyat":"","metin":"","footnotes":""},"class_list":["post-3302","page","type-page","status-publish","hentry"],"_links":{"self":[{"href":"https:\/\/www.point.clinic\/ro\/wp-json\/wp\/v2\/pages\/3302","targetHints":{"allow":["GET"]}}],"collection":[{"href":"https:\/\/www.point.clinic\/ro\/wp-json\/wp\/v2\/pages"}],"about":[{"href":"https:\/\/www.point.clinic\/ro\/wp-json\/wp\/v2\/types\/page"}],"author":[{"embeddable":true,"href":"https:\/\/www.point.clinic\/ro\/wp-json\/wp\/v2\/users\/1"}],"replies":[{"embeddable":true,"href":"https:\/\/www.point.clinic\/ro\/wp-json\/wp\/v2\/comments?post=3302"}],"version-history":[{"count":1,"href":"https:\/\/www.point.clinic\/ro\/wp-json\/wp\/v2\/pages\/3302\/revisions"}],"predecessor-version":[{"id":3303,"href":"https:\/\/www.point.clinic\/ro\/wp-json\/wp\/v2\/pages\/3302\/revisions\/3303"}],"wp:attachment":[{"href":"https:\/\/www.point.clinic\/ro\/wp-json\/wp\/v2\/media?parent=3302"}],"curies":[{"name":"wp","href":"https:\/\/api.w.org\/{rel}","templated":true}]}}