{"id":2431,"date":"2025-02-09T23:29:02","date_gmt":"2025-02-09T20:29:02","guid":{"rendered":"https:\/\/www.point.clinic\/%d1%81%d0%b2%d1%8f%d0%b6%d0%b8%d1%82%d0%b5%d1%81%d1%8c-%d1%81-%d0%bd%d0%b0%d0%bc%d0%b8\/"},"modified":"2026-04-11T11:34:36","modified_gmt":"2026-04-11T08:34:36","slug":"%d1%81%d0%b2%d1%8f%d0%b6%d0%b8%d1%82%d0%b5%d1%81%d1%8c-%d1%81-%d0%bd%d0%b0%d0%bc%d0%b8","status":"publish","type":"page","link":"https:\/\/www.point.clinic\/ru\/%d1%81%d0%b2%d1%8f%d0%b6%d0%b8%d1%82%d0%b5%d1%81%d1%8c-%d1%81-%d0%bd%d0%b0%d0%bc%d0%b8\/","title":{"rendered":"\u0421\u0432\u044f\u0436\u0438\u0442\u0435\u0441\u044c \u0441 \u043d\u0430\u043c\u0438"},"content":{"rendered":"\n<div class=\"wp-block-group alignfull has-background has-global-padding is-layout-constrained wp-block-group-is-layout-constrained\" style=\"background-color:#f7f7f7;margin-top:0;margin-bottom:0;padding-top:var(--wp--preset--spacing--60);padding-bottom:var(--wp--preset--spacing--60)\">\n<div class=\"wp-block-columns are-vertically-aligned-bottom is-layout-flex wp-container-core-columns-is-layout-d76c625d wp-block-columns-is-layout-flex\">\n<div class=\"wp-block-column is-vertically-aligned-bottom is-layout-flow wp-block-column-is-layout-flow\" style=\"flex-basis:60%\">\n<div class=\"wp-block-group has-global-padding is-layout-constrained wp-container-core-group-is-layout-e0082cf6 wp-block-group-is-layout-constrained\">\n<div class=\"wp-block-group is-content-justification-left is-nowrap is-layout-flex wp-container-core-group-is-layout-fc9f69e7 wp-block-group-is-layout-flex\">\n<div class=\"wp-block-group has-black-color has-secondary-background-color has-text-color has-background has-link-color wp-elements-a8a95a8eb31feab66d5d1296f02c2f0d has-global-padding is-layout-constrained wp-container-core-group-is-layout-df8428a5 wp-block-group-is-layout-constrained\" style=\"padding-top:0;padding-right:var(--wp--preset--spacing--30);padding-bottom:0;padding-left:var(--wp--preset--spacing--30)\">\n<p class=\"has-c-2-color has-text-color has-link-color has-small-font-size wp-elements-1ccd698e7c86d4c5665e4052e2b056be\">\u041a\u043e\u043d\u0442\u0430\u043a\u0442\u044b<\/p>\n<\/div>\n<\/div>\n\n\n\n<h1 class=\"wp-block-heading has-text-align-left\">\u041f\u0440\u0438\u0448\u043b\u043e \u0432\u0440\u0435\u043c\u044f \u0432\u044b\u0431\u0440\u0430\u0442\u044c \u0441\u0442\u043e\u043c\u0430\u0442\u043e\u043b\u043e\u0433\u0438\u0447\u0435\u0441\u043a\u0443\u044e \u043a\u043b\u0438\u043d\u0438\u043a\u0443, \u043a\u043e\u0442\u043e\u0440\u043e\u0439 \u0432\u044b \u0434\u0435\u0439\u0441\u0442\u0432\u0438\u0442\u0435\u043b\u044c\u043d\u043e \u043c\u043e\u0436\u0435\u0442\u0435 \u0434\u043e\u0432\u0435\u0440\u044f\u0442\u044c?<\/h1>\n\n\n\n<p><font dir=\"auto\" style=\"vertical-align: inherit;\"><font dir=\"auto\" style=\"vertical-align: inherit;\">\u041c\u044b \u0441\u043e\u0447\u0435\u0442\u0430\u0435\u043c \u043f\u0435\u0440\u0435\u0434\u043e\u0432\u044b\u0435 \u0441\u0442\u043e\u043c\u0430\u0442\u043e\u043b\u043e\u0433\u0438\u0447\u0435\u0441\u043a\u0438\u0435 \u0442\u0435\u0445\u043d\u043e\u043b\u043e\u0433\u0438\u0438 \u0441 \u0438\u043d\u0434\u0438\u0432\u0438\u0434\u0443\u0430\u043b\u044c\u043d\u044b\u043c \u043f\u043e\u0434\u0445\u043e\u0434\u043e\u043c \u043a \u043f\u0430\u0446\u0438\u0435\u043d\u0442\u0443, \u0447\u0442\u043e\u0431\u044b \u043e\u0431\u0435\u0441\u043f\u0435\u0447\u0438\u0442\u044c \u0438\u0441\u043a\u043b\u044e\u0447\u0438\u0442\u0435\u043b\u044c\u043d\u044b\u0435 \u0438 \u043d\u0430\u0434\u0451\u0436\u043d\u044b\u0435 \u0440\u0435\u0437\u0443\u043b\u044c\u0442\u0430\u0442\u044b \u043b\u0435\u0447\u0435\u043d\u0438\u044f. \u0421\u0432\u044f\u0436\u0438\u0442\u0435\u0441\u044c \u0441 \u043d\u0430\u043c\u0438, \u0447\u0442\u043e\u0431\u044b \u0443\u0437\u043d\u0430\u0442\u044c, \u043a\u0430\u043a \u043c\u044b \u043c\u043e\u0436\u0435\u043c \u043f\u043e\u0434\u0434\u0435\u0440\u0436\u0430\u0442\u044c \u0432\u0430\u0441 \u043d\u0430 \u043f\u0440\u043e\u0442\u044f\u0436\u0435\u043d\u0438\u0438 \u0432\u0441\u0435\u0433\u043e \u0432\u0430\u0448\u0435\u0433\u043e \u0441\u0442\u043e\u043c\u0430\u0442\u043e\u043b\u043e\u0433\u0438\u0447\u0435\u0441\u043a\u043e\u0433\u043e \u043f\u0443\u0442\u0438. <\/font><\/font><\/p>\n<\/div>\n\n\n\n<div class=\"wp-block-group is-layout-grid wp-container-core-group-is-layout-f2e2ae4a wp-block-group-is-layout-grid\">\n<div class=\"wp-block-group has-black-transparent-1-background-color has-background is-nowrap is-layout-flex wp-container-core-group-is-layout-6c531013 wp-block-group-is-layout-flex\" style=\"border-radius:5px\">\n<div class=\"wp-block-group has-black-transparent-1-background-color has-background has-global-padding is-layout-constrained wp-container-core-group-is-layout-52009084 wp-block-group-is-layout-constrained\" style=\"border-top-left-radius:5px;border-bottom-left-radius:5px;padding-top:var(--wp--preset--spacing--40);padding-right:var(--wp--preset--spacing--40);padding-bottom:var(--wp--preset--spacing--40);padding-left:var(--wp--preset--spacing--40)\"><div class=\"safirIconContainer left wp-elements-7a00eaa5d140ac54fb613051f40ba57c\">\n\t<div  style=\"--size:30px;--hover-text-color:; --hover-bg-color:;\" class=\"wp-elements-7a00eaa5d140ac54fb613051f40ba57c wp-block-safirtema-safiricon has-text-color has-blue-color\">\n\t\t<svg width=\"30px\" height=\"30px\" class=\"safiricon-konum\">\n\t\t\t<use href=\"#safiricon-konum\" \/>\n\t\t<\/svg>\n\t<\/div>\n<\/div><\/div>\n\n\n\n<div class=\"wp-block-group has-global-padding is-layout-constrained wp-container-core-group-is-layout-19e250f3 wp-block-group-is-layout-constrained\">\n<p class=\"has-medium-font-size\"><strong>\u041d\u0430\u0448\u0430 \u043a\u043b\u0438\u043d\u0438\u043a\u0430<\/strong><\/p>\n\n\n\n<p class=\"has-black-transparent-5-color has-text-color has-link-color has-medium-font-size wp-elements-0e00bdf4a9717e4269434fc0717196b6\">K\u00fc\u00e7\u00fck\u00e7ekmece \/ \u0130stanbul<\/p>\n<\/div>\n<\/div>\n\n\n\n<div class=\"wp-block-group has-black-transparent-1-background-color has-background is-nowrap is-layout-flex wp-container-core-group-is-layout-6c531013 wp-block-group-is-layout-flex\" style=\"border-radius:5px\">\n<div class=\"wp-block-group has-black-transparent-1-background-color has-background has-global-padding is-layout-constrained wp-container-core-group-is-layout-52009084 wp-block-group-is-layout-constrained\" style=\"border-top-left-radius:5px;border-bottom-left-radius:5px;padding-top:var(--wp--preset--spacing--40);padding-right:var(--wp--preset--spacing--40);padding-bottom:var(--wp--preset--spacing--40);padding-left:var(--wp--preset--spacing--40)\"><div class=\"safirIconContainer left wp-elements-021c5ea373e9ec84e4362ec3942a0e84\">\n\t<div  style=\"--size:30px;--hover-text-color:; --hover-bg-color:;\" class=\"wp-elements-021c5ea373e9ec84e4362ec3942a0e84 wp-block-safirtema-safiricon has-text-color has-blue-color\">\n\t\t<svg width=\"30px\" height=\"30px\" class=\"safiricon-email\">\n\t\t\t<use href=\"#safiricon-email\" \/>\n\t\t<\/svg>\n\t<\/div>\n<\/div><\/div>\n\n\n\n<div class=\"wp-block-group has-global-padding is-layout-constrained wp-container-core-group-is-layout-19e250f3 wp-block-group-is-layout-constrained\">\n<p class=\"has-medium-font-size\"><strong>\u0410\u0434\u0440\u0435\u0441 \u044d\u043b\u0435\u043a\u0442\u0440\u043e\u043d\u043d\u043e\u0439 \u043f\u043e\u0447\u0442\u044b<\/strong><\/p>\n\n\n\n<p class=\"has-black-transparent-5-color has-text-color has-link-color has-medium-font-size wp-elements-70f85e2b5352536b73e9a64d3c579c9e\"><a target=\"_blank\" href=\"mailto:info@point.clinic\">info@point.clinic<\/a><\/p>\n<\/div>\n<\/div>\n\n\n\n<div class=\"wp-block-group has-black-transparent-1-background-color has-background is-nowrap is-layout-flex wp-container-core-group-is-layout-6c531013 wp-block-group-is-layout-flex\" style=\"border-radius:5px\">\n<div class=\"wp-block-group has-black-transparent-1-background-color has-background has-global-padding is-layout-constrained wp-container-core-group-is-layout-52009084 wp-block-group-is-layout-constrained\" style=\"border-top-left-radius:5px;border-bottom-left-radius:5px;padding-top:var(--wp--preset--spacing--40);padding-right:var(--wp--preset--spacing--40);padding-bottom:var(--wp--preset--spacing--40);padding-left:var(--wp--preset--spacing--40)\"><div class=\"safirIconContainer left wp-elements-ff73b503f85b1b022b8d5233af956f89\">\n\t<div  style=\"--size:30px;--hover-text-color:; --hover-bg-color:;\" class=\"wp-elements-ff73b503f85b1b022b8d5233af956f89 wp-block-safirtema-safiricon has-text-color has-blue-color\">\n\t\t<svg width=\"30px\" height=\"30px\" class=\"safiricon-telefon\">\n\t\t\t<use href=\"#safiricon-telefon\" \/>\n\t\t<\/svg>\n\t<\/div>\n<\/div><\/div>\n\n\n\n<div class=\"wp-block-group has-global-padding is-layout-constrained wp-container-core-group-is-layout-19e250f3 wp-block-group-is-layout-constrained\">\n<p class=\"has-medium-font-size\"><strong>\u041d\u043e\u043c\u0435\u0440 \u043a\u043b\u0438\u043d\u0438\u043a\u0438<\/strong><\/p>\n\n\n\n<p class=\"has-black-transparent-5-color has-text-color has-link-color has-medium-font-size wp-elements-43803feb1b96536966150e2a66669799\"><a target=\"_blank\" href=\"tel:+905334401091\">+90 533 440 10 91<\/a><\/p>\n<\/div>\n<\/div>\n\n\n\n<div class=\"wp-block-group has-black-transparent-1-background-color has-background is-nowrap is-layout-flex wp-container-core-group-is-layout-6c531013 wp-block-group-is-layout-flex\" style=\"border-radius:5px\">\n<div class=\"wp-block-group has-black-transparent-1-background-color has-background has-global-padding is-layout-constrained wp-container-core-group-is-layout-52009084 wp-block-group-is-layout-constrained\" style=\"border-top-left-radius:5px;border-bottom-left-radius:5px;padding-top:var(--wp--preset--spacing--40);padding-right:var(--wp--preset--spacing--40);padding-bottom:var(--wp--preset--spacing--40);padding-left:var(--wp--preset--spacing--40)\"><div class=\"safirIconContainer left wp-elements-50cd03c6f0998f784b6f9ffeaa61fa5c\">\n\t<div  style=\"--size:30px;--hover-text-color:; --hover-bg-color:;\" class=\"wp-elements-50cd03c6f0998f784b6f9ffeaa61fa5c wp-block-safirtema-safiricon has-text-color has-blue-color\">\n\t\t<svg width=\"30px\" height=\"30px\" class=\"safiricon-ceptelefonu\">\n\t\t\t<use href=\"#safiricon-ceptelefonu\" \/>\n\t\t<\/svg>\n\t<\/div>\n<\/div><\/div>\n\n\n\n<div class=\"wp-block-group has-global-padding is-layout-constrained wp-container-core-group-is-layout-19e250f3 wp-block-group-is-layout-constrained\">\n<p class=\"has-medium-font-size\"><strong>\u041c\u043e\u0431\u0438\u043b\u044c\u043d\u044b\u0439 \u0442\u0435\u043b\u0435\u0444\u043e\u043d<\/strong><\/p>\n\n\n\n<p class=\"has-black-transparent-5-color has-text-color has-link-color has-medium-font-size wp-elements-cb3294e715ca4e4609461f911b98af07\"><a target=\"_blank\" href=\"tel:+905334401091\">+90 533 440 10 91<\/a><\/p>\n<\/div>\n<\/div>\n\n\n\n<div class=\"wp-block-group has-black-transparent-1-background-color has-background is-nowrap is-layout-flex wp-container-core-group-is-layout-6c531013 wp-block-group-is-layout-flex\" style=\"border-radius:5px\">\n<div class=\"wp-block-group has-black-transparent-1-background-color has-background has-global-padding is-layout-constrained wp-container-core-group-is-layout-52009084 wp-block-group-is-layout-constrained\" style=\"border-top-left-radius:5px;border-bottom-left-radius:5px;padding-top:var(--wp--preset--spacing--40);padding-right:var(--wp--preset--spacing--40);padding-bottom:var(--wp--preset--spacing--40);padding-left:var(--wp--preset--spacing--40)\"><div class=\"safirIconContainer left wp-elements-43892152ee4b6c2c2ac4ed7ac1ba9724\">\n\t<div  style=\"--size:30px;--hover-text-color:; --hover-bg-color:;\" class=\"wp-elements-43892152ee4b6c2c2ac4ed7ac1ba9724 wp-block-safirtema-safiricon has-text-color has-blue-color\">\n\t\t<svg width=\"30px\" height=\"30px\" class=\"safiricon-soc2_facebook\">\n\t\t\t<use href=\"#safiricon-soc2_facebook\" \/>\n\t\t<\/svg>\n\t<\/div>\n<\/div><\/div>\n\n\n\n<div class=\"wp-block-group has-global-padding is-layout-constrained wp-container-core-group-is-layout-19e250f3 wp-block-group-is-layout-constrained\">\n<p class=\"has-medium-font-size\"><a href=\"https:\/\/www.facebook.com\/profile.php?id=61580072342432\" data-type=\"link\" data-id=\"https:\/\/www.facebook.com\/profile.php?id=61580072342432\" target=\"_blank\" rel=\"noopener\"><strong>Facebook<\/strong><\/a><\/p>\n<\/div>\n<\/div>\n\n\n\n<div class=\"wp-block-group has-black-transparent-1-background-color has-background is-nowrap is-layout-flex wp-container-core-group-is-layout-6c531013 wp-block-group-is-layout-flex\" style=\"border-radius:5px\">\n<div class=\"wp-block-group has-black-transparent-1-background-color has-background has-global-padding is-layout-constrained wp-container-core-group-is-layout-52009084 wp-block-group-is-layout-constrained\" style=\"border-top-left-radius:5px;border-bottom-left-radius:5px;padding-top:var(--wp--preset--spacing--40);padding-right:var(--wp--preset--spacing--40);padding-bottom:var(--wp--preset--spacing--40);padding-left:var(--wp--preset--spacing--40)\"><div class=\"safirIconContainer left wp-elements-e0694e5d4d2c5f2dcd2747634e3093e3\">\n\t<div  style=\"--size:30px;--hover-text-color:; --hover-bg-color:;\" class=\"wp-elements-e0694e5d4d2c5f2dcd2747634e3093e3 wp-block-safirtema-safiricon has-text-color has-blue-color\">\n\t\t<svg width=\"30px\" height=\"30px\" class=\"safiricon-soc2_instagram\">\n\t\t\t<use href=\"#safiricon-soc2_instagram\" \/>\n\t\t<\/svg>\n\t<\/div>\n<\/div><\/div>\n\n\n\n<div class=\"wp-block-group has-global-padding is-layout-constrained wp-container-core-group-is-layout-19e250f3 wp-block-group-is-layout-constrained\">\n<p class=\"has-medium-font-size\"><a href=\"https:\/\/www.instagram.com\/pointclinic\/\" data-type=\"link\" data-id=\"https:\/\/www.instagram.com\/pointclinic\/\" target=\"_blank\" rel=\"noopener\"><strong>Instagram<\/strong><\/a><\/p>\n<\/div>\n<\/div>\n\n\n\n<div class=\"wp-block-group has-black-transparent-1-background-color has-background is-nowrap is-layout-flex wp-container-core-group-is-layout-6c531013 wp-block-group-is-layout-flex\" style=\"border-radius:5px\">\n<div class=\"wp-block-group has-black-transparent-1-background-color has-background has-global-padding is-layout-constrained wp-container-core-group-is-layout-52009084 wp-block-group-is-layout-constrained\" style=\"border-top-left-radius:5px;border-bottom-left-radius:5px;padding-top:var(--wp--preset--spacing--40);padding-right:var(--wp--preset--spacing--40);padding-bottom:var(--wp--preset--spacing--40);padding-left:var(--wp--preset--spacing--40)\"><div class=\"safirIconContainer left wp-elements-cac1fa47c682ce7758e003f9e955d9dd\">\n\t<div  style=\"--size:30px;--hover-text-color:; --hover-bg-color:;\" class=\"wp-elements-cac1fa47c682ce7758e003f9e955d9dd wp-block-safirtema-safiricon has-text-color has-blue-color\">\n\t\t<svg width=\"30px\" height=\"30px\" class=\"safiricon-whatsapp\">\n\t\t\t<use href=\"#safiricon-whatsapp\" \/>\n\t\t<\/svg>\n\t<\/div>\n<\/div><\/div>\n\n\n\n<div class=\"wp-block-group has-global-padding is-layout-constrained wp-container-core-group-is-layout-19e250f3 wp-block-group-is-layout-constrained\">\n<p class=\"has-medium-font-size\"><strong>Whatsapp<\/strong><\/p>\n\n\n\n<p class=\"has-black-transparent-5-color has-text-color has-link-color has-medium-font-size wp-elements-760304ec581e20c88c503a24f8ce261d\"><a target=\"_blank\" href=\"https:\/\/wa.me\/9005334401091\" rel=\"noopener\">05334401091<\/a><\/p>\n<\/div>\n<\/div>\n\n\n\n<div class=\"wp-block-group has-black-transparent-1-background-color has-background is-nowrap is-layout-flex wp-container-core-group-is-layout-6c531013 wp-block-group-is-layout-flex\" style=\"border-radius:5px\">\n<div class=\"wp-block-group has-black-transparent-1-background-color has-background has-global-padding is-layout-constrained wp-container-core-group-is-layout-52009084 wp-block-group-is-layout-constrained\" style=\"border-top-left-radius:5px;border-bottom-left-radius:5px;padding-top:var(--wp--preset--spacing--40);padding-right:var(--wp--preset--spacing--40);padding-bottom:var(--wp--preset--spacing--40);padding-left:var(--wp--preset--spacing--40)\"><div class=\"safirIconContainer left wp-elements-dfc0226c20a79fe32c248c915cae28ae\">\n\t<div  style=\"--size:30px;--hover-text-color:; --hover-bg-color:;\" class=\"wp-elements-dfc0226c20a79fe32c248c915cae28ae wp-block-safirtema-safiricon has-text-color has-blue-color\">\n\t\t<svg width=\"30px\" height=\"30px\" class=\"safiricon-saat\">\n\t\t\t<use href=\"#safiricon-saat\" \/>\n\t\t<\/svg>\n\t<\/div>\n<\/div><\/div>\n\n\n\n<div class=\"wp-block-group has-global-padding is-layout-constrained wp-container-core-group-is-layout-19e250f3 wp-block-group-is-layout-constrained\">\n<p class=\"has-medium-font-size\"><strong>\u0427\u0430\u0441\u044b \u0440\u0430\u0431\u043e\u0442\u044b<\/strong><\/p>\n\n\n\n<p class=\"has-black-transparent-5-color has-text-color has-link-color has-medium-font-size wp-elements-4ed401e32dd456f0c87475713f0a693a\">\u041f\u043e \u0431\u0443\u0434\u043d\u044f\u043c 09:00 &#8212; 20:00<\/p>\n<\/div>\n<\/div>\n<\/div>\n<\/div>\n\n\n\n<div class=\"wp-block-column is-vertically-aligned-bottom is-layout-flow wp-block-column-is-layout-flow\" style=\"flex-basis:40%\">\n<div class=\"wp-block-contact-form-7-contact-form-selector\">\n<div class=\"wpcf7 no-js\" id=\"wpcf7-f2436-o1\" lang=\"ru-RU\" dir=\"ltr\" data-wpcf7-id=\"2436\">\n<div class=\"screen-reader-response\"><p role=\"status\" aria-live=\"polite\" aria-atomic=\"true\"><\/p> <ul><\/ul><\/div>\n<form action=\"\/ru\/wp-json\/wp\/v2\/pages\/2431#wpcf7-f2436-o1\" method=\"post\" class=\"wpcf7-form init\" aria-label=\"\u041a\u043e\u043d\u0442\u0430\u043a\u0442\u043d\u0430\u044f \u0444\u043e\u0440\u043c\u0430\" novalidate=\"novalidate\" data-status=\"init\">\n<fieldset class=\"hidden-fields-container\"><input type=\"hidden\" name=\"_wpcf7\" value=\"2436\" \/><input type=\"hidden\" name=\"_wpcf7_version\" value=\"6.1.5\" \/><input type=\"hidden\" name=\"_wpcf7_locale\" value=\"ru_RU\" \/><input type=\"hidden\" name=\"_wpcf7_unit_tag\" value=\"wpcf7-f2436-o1\" \/><input type=\"hidden\" name=\"_wpcf7_container_post\" value=\"0\" \/><input type=\"hidden\" name=\"_wpcf7_posted_data_hash\" value=\"\" \/>\n<\/fieldset>\n<div class=\"safirForm\">\n\t<div class=\"safirLeft\">\n\t\t<p class=\"safiricon kurumsal\"><span class=\"wpcf7-form-control-wrap\" data-name=\"adsoyad\"><input size=\"40\" maxlength=\"400\" class=\"wpcf7-form-control wpcf7-text wpcf7-validates-as-required\" aria-required=\"true\" aria-invalid=\"false\" placeholder=\"\u041f\u043e\u043b\u043d\u043e\u0435 \u0438\u043c\u044f\" value=\"\" type=\"text\" name=\"adsoyad\" \/><\/span>\n\t\t<\/p>\n\t\t<p class=\"safiricon email\"><span class=\"wpcf7-form-control-wrap\" data-name=\"email\"><input size=\"40\" maxlength=\"400\" class=\"wpcf7-form-control wpcf7-email wpcf7-validates-as-required wpcf7-text wpcf7-validates-as-email\" aria-required=\"true\" aria-invalid=\"false\" placeholder=\"\u0410\u0434\u0440\u0435\u0441 \u044d\u043b\u0435\u043a\u0442\u0440\u043e\u043d\u043d\u043e\u0439 \u043f\u043e\u0447\u0442\u044b\" value=\"\" type=\"email\" name=\"email\" \/><\/span>\n\t\t<\/p>\n\t\t<p class=\"safiricon telefon\"><br \/>\n<span class=\"wpcf7-form-control-wrap\" data-name=\"telefon\"><input size=\"40\" class=\"wpcf7-form-control wpcf7-phonetext wpcf7-text wpcf7-validates-as-phonetext\" aria-invalid=\"false\" value=\"\" type=\"text\" name=\"telefon\" \/><input type=\"hidden\" name=\"telefon-country-code\" class=\"wpcf7-phonetext-country-code\" \/><\/span>\n\t\t<\/p>\n\t\t<p class=\"safiricon liste\"><span class=\"wpcf7-form-control-wrap\" data-name=\"konu\"><input size=\"40\" maxlength=\"400\" class=\"wpcf7-form-control wpcf7-text wpcf7-validates-as-required\" aria-required=\"true\" aria-invalid=\"false\" placeholder=\"\u0422\u0435\u043c\u0430\" value=\"\" type=\"text\" name=\"konu\" \/><\/span>\n\t\t<\/p>\n\t<\/div>\n\t<div class=\"safirRight\">\n\t\t<p class=\"safiricon alinti\"><span class=\"wpcf7-form-control-wrap\" data-name=\"mesaj\"><textarea cols=\"40\" rows=\"10\" maxlength=\"2000\" class=\"wpcf7-form-control wpcf7-textarea\" aria-invalid=\"false\" placeholder=\"\u0412\u0430\u0448\u0435 \u0441\u043e\u043e\u0431\u0449\u0435\u043d\u0438\u0435\" name=\"mesaj\"><\/textarea><\/span>\n\t\t<\/p>\n\t\t<div class=\"onay-alani\">\n\t\t\t<p><span class=\"wpcf7-form-control-wrap\" data-name=\"acceptance-privacy\"><span class=\"wpcf7-form-control wpcf7-acceptance\"><span class=\"wpcf7-list-item\"><label><input type=\"checkbox\" name=\"acceptance-privacy\" value=\"1\" aria-invalid=\"false\" \/><span class=\"wpcf7-list-item-label\">\u042f \u0441\u043e\u0433\u043b\u0430\u0441\u0435\u043d \u0441 <a href=\"https:\/\/www.point.clinic\/privacy-policy\/\">\u041f\u043e\u043b\u0438\u0442\u0438\u043a\u043e\u0439 \u043a\u043e\u043d\u0444\u0438\u0434\u0435\u043d\u0446\u0438\u0430\u043b\u044c\u043d\u043e\u0441\u0442\u0438<\/a><\/span><\/label><\/span><\/span><\/span><br \/>\n<span class=\"wpcf7-form-control-wrap\" data-name=\"acceptance-data\"><span class=\"wpcf7-form-control wpcf7-acceptance\"><span class=\"wpcf7-list-item\"><label><input type=\"checkbox\" name=\"acceptance-data\" value=\"1\" aria-invalid=\"false\" \/><span class=\"wpcf7-list-item-label\">\u042f \u043f\u0440\u0438\u043d\u0438\u043c\u0430\u044e \u0443\u0441\u043b\u043e\u0432\u0438\u044f \u0437\u0430\u0449\u0438\u0442\u044b \u0438 \u043e\u0431\u0440\u0430\u0431\u043e\u0442\u043a\u0438 \u043c\u043e\u0438\u0445 \u0434\u0430\u043d\u043d\u044b\u0445.<\/span><\/label><\/span><\/span><\/span>\n\t\t\t<\/p>\n\t\t<\/div>\n\t\t<p><input class=\"wpcf7-form-control wpcf7-submit has-spinner safirButton\" type=\"submit\" value=\"\u041e\u0422\u041f\u0420\u0410\u0412\u0418\u0422\u042c \u0421\u041e\u041e\u0411\u0429\u0415\u041d\u0418\u0415\" \/>\n\t\t<\/p>\n\t<\/div>\n<\/div><div class=\"wpcf7-response-output\" aria-hidden=\"true\"><\/div>\n<\/form>\n<\/div>\n<\/div>\n<\/div>\n<\/div>\n<\/div>\n\n<div class=\"wp-block-group alignfull has-global-padding is-layout-constrained wp-block-group-is-layout-constrained\" style=\"margin-top:var(--wp--preset--spacing--60);margin-bottom:var(--wp--preset--spacing--60)\">\n<iframe src=\"https:\/\/www.google.com\/maps\/embed?pb=!1m18!1m12!1m3!1d3011.1743252235447!2d28.798979100000004!3d40.9995575!2m3!1f0!2f0!3f0!3m2!1i1024!2i768!4f13.1!3m3!1m2!1s0x14caa3cccb8e1f8f%3A0xb96a560ba01fbddd!2sPoint%20Dental%20Clinic!5e0!3m2!1str!2ssg!4v1769452144915!5m2!1str!2ssg\" width=\"600\" height=\"450\" style=\"border:0;\" allowfullscreen=\"\" loading=\"lazy\" referrerpolicy=\"no-referrer-when-downgrade\"><\/iframe>\n<\/div>\n","protected":false},"excerpt":{"rendered":"<p>\u041a\u043e\u043d\u0442\u0430\u043a\u0442\u044b \u041f\u0440\u0438\u0448\u043b\u043e \u0432\u0440\u0435\u043c\u044f \u0432\u044b\u0431\u0440\u0430\u0442\u044c \u0441\u0442\u043e\u043c\u0430\u0442\u043e\u043b\u043e\u0433\u0438\u0447\u0435\u0441\u043a\u0443\u044e \u043a\u043b\u0438\u043d\u0438\u043a\u0443, \u043a\u043e\u0442\u043e\u0440\u043e\u0439 \u0432\u044b \u0434\u0435\u0439\u0441\u0442\u0432\u0438\u0442\u0435\u043b\u044c\u043d\u043e \u043c\u043e\u0436\u0435\u0442\u0435 \u0434\u043e\u0432\u0435\u0440\u044f\u0442\u044c? \u041c\u044b \u0441\u043e\u0447\u0435\u0442\u0430\u0435\u043c \u043f\u0435\u0440\u0435\u0434\u043e\u0432\u044b\u0435 \u0441\u0442\u043e\u043c\u0430\u0442\u043e\u043b\u043e\u0433\u0438\u0447\u0435\u0441\u043a\u0438\u0435 \u0442\u0435\u0445\u043d\u043e\u043b\u043e\u0433\u0438\u0438 \u0441 \u0438\u043d\u0434\u0438\u0432\u0438\u0434\u0443\u0430\u043b\u044c\u043d\u044b\u043c \u043f\u043e\u0434\u0445\u043e\u0434\u043e\u043c \u043a \u043f\u0430\u0446\u0438\u0435\u043d\u0442\u0443, \u0447\u0442\u043e\u0431\u044b \u043e\u0431\u0435\u0441\u043f\u0435\u0447\u0438\u0442\u044c \u0438\u0441\u043a\u043b\u044e\u0447\u0438\u0442\u0435\u043b\u044c\u043d\u044b\u0435 \u0438 \u043d\u0430\u0434\u0451\u0436\u043d\u044b\u0435 \u0440\u0435\u0437\u0443\u043b\u044c\u0442\u0430\u0442\u044b \u043b\u0435\u0447\u0435\u043d\u0438\u044f. \u0421\u0432\u044f\u0436\u0438\u0442\u0435\u0441\u044c \u0441 \u043d\u0430\u043c\u0438, \u0447\u0442\u043e\u0431\u044b \u0443\u0437\u043d\u0430\u0442\u044c, \u043a\u0430\u043a \u043c\u044b \u043c\u043e\u0436\u0435\u043c \u043f\u043e\u0434\u0434\u0435\u0440\u0436\u0430\u0442\u044c \u0432\u0430\u0441 \u043d\u0430 \u043f\u0440\u043e\u0442\u044f\u0436\u0435\u043d\u0438\u0438 \u0432\u0441\u0435\u0433\u043e \u0432\u0430\u0448\u0435\u0433\u043e \u0441\u0442\u043e\u043c\u0430\u0442\u043e\u043b\u043e\u0433\u0438\u0447\u0435\u0441\u043a\u043e\u0433\u043e \u043f\u0443\u0442\u0438. \u041d\u0430\u0448\u0430 \u043a\u043b\u0438\u043d\u0438\u043a\u0430 K\u00fc\u00e7\u00fck\u00e7ekmece \/ \u0130stanbul \u0410\u0434\u0440\u0435\u0441 \u044d\u043b\u0435\u043a\u0442\u0440\u043e\u043d\u043d\u043e\u0439 \u043f\u043e\u0447\u0442\u044b info@point.clinic \u041d\u043e\u043c\u0435\u0440 \u043a\u043b\u0438\u043d\u0438\u043a\u0438 [&hellip;]<\/p>\n","protected":false},"author":1,"featured_media":0,"parent":0,"menu_order":0,"comment_status":"closed","ping_status":"closed","template":"no-picheader","meta":{"fiyat":"","metin":"","footnotes":""},"class_list":["post-2431","page","type-page","status-publish","hentry"],"_links":{"self":[{"href":"https:\/\/www.point.clinic\/ru\/wp-json\/wp\/v2\/pages\/2431","targetHints":{"allow":["GET"]}}],"collection":[{"href":"https:\/\/www.point.clinic\/ru\/wp-json\/wp\/v2\/pages"}],"about":[{"href":"https:\/\/www.point.clinic\/ru\/wp-json\/wp\/v2\/types\/page"}],"author":[{"embeddable":true,"href":"https:\/\/www.point.clinic\/ru\/wp-json\/wp\/v2\/users\/1"}],"replies":[{"embeddable":true,"href":"https:\/\/www.point.clinic\/ru\/wp-json\/wp\/v2\/comments?post=2431"}],"version-history":[{"count":2,"href":"https:\/\/www.point.clinic\/ru\/wp-json\/wp\/v2\/pages\/2431\/revisions"}],"predecessor-version":[{"id":2433,"href":"https:\/\/www.point.clinic\/ru\/wp-json\/wp\/v2\/pages\/2431\/revisions\/2433"}],"wp:attachment":[{"href":"https:\/\/www.point.clinic\/ru\/wp-json\/wp\/v2\/media?parent=2431"}],"curies":[{"name":"wp","href":"https:\/\/api.w.org\/{rel}","templated":true}]}}